{"id":134,"date":"2013-08-11T19:22:53","date_gmt":"2013-08-11T19:22:53","guid":{"rendered":"http:\/\/localhost:8888\/test\/?page_id=532"},"modified":"2021-04-24T09:36:14","modified_gmt":"2021-04-24T07:36:14","slug":"contact","status":"publish","type":"page","link":"https:\/\/www.noe64.de\/shop\/elements\/pages\/contact\/","title":{"rendered":"Contact"},"content":{"rendered":"\n<div class=\"row\"  id=\"row-165665352\">\n\n\n\t<div id=\"col-205681371\" class=\"col medium-6 large-6\"  >\n\t\t\t\t<div class=\"col-inner\"  >\n\t\t\t\n\t\t\t\n\n<div class=\"is-divider divider clearfix\" ><\/div>\n\n<div class=\"container section-title-container\" ><h3 class=\"section-title section-title-normal\"><b aria-hidden=\"true\"><\/b><span class=\"section-title-main\" >H\u00e4ufig gestellte Fragen (FAQ)<\/span><b aria-hidden=\"true\"><\/b><\/h3><\/div>\n\n<p class=\"lead\">Bitte schau in unser FAQ, bevor du uns eine Nachricht sendest. Vielleicht k\u00f6nnen wir deine Frage schon beantworten.<\/p>\n<div class=\"accordion\">\n\n\t<div id=\"accordion-3338541676\" class=\"accordion-item\">\n\t\t<a id=\"accordion-3338541676-label\" class=\"accordion-title plain\" href=\"#accordion-item-wie-hoch-sind-die-versandkosten?\" aria-expanded=\"false\" aria-controls=\"accordion-3338541676-content\">\n\t\t\t<button class=\"toggle\" aria-label=\"Umschalten\"><i class=\"icon-angle-down\" aria-hidden=\"true\"><\/i><\/button>\n\t\t\t<span>Wie hoch sind die Versandkosten?<\/span>\n\t\t<\/a>\n\t\t<div id=\"accordion-3338541676-content\" class=\"accordion-inner\" aria-labelledby=\"accordion-3338541676-label\">\n\t\t\t\n\n<p>Die Lieferung erfolgt im Inland (Deutschland) und in die nachstehenden L\u00e4nder:<\/p>\n<ul>\n<li>\u00d6sterreich<\/li>\n<li>Schweiz<\/li>\n<\/ul>\n<p>Lieferung im Inland (Deutschland) \u2013 kostenlos<br \/>Lieferung ins Ausland (\u00d6sterreich, Schweiz) \u2013 15,99\u20ac<\/p>\n\n\t\t<\/div>\n\t<\/div>\n\t\n\t<div id=\"accordion-4249801094\" class=\"accordion-item\">\n\t\t<a id=\"accordion-4249801094-label\" class=\"accordion-title plain\" href=\"#accordion-item-welche-zahlungsmethoden-akzeptieren-wir?\" aria-expanded=\"false\" aria-controls=\"accordion-4249801094-content\">\n\t\t\t<button class=\"toggle\" aria-label=\"Umschalten\"><i class=\"icon-angle-down\" aria-hidden=\"true\"><\/i><\/button>\n\t\t\t<span>Welche Zahlungsmethoden akzeptieren wir?<\/span>\n\t\t<\/a>\n\t\t<div id=\"accordion-4249801094-content\" class=\"accordion-inner\" aria-labelledby=\"accordion-4249801094-label\">\n\t\t\t\n\n<p>Ich akzeptiere PayPal, Vorkasse, Barzahlung oder Zahlung via EC-Karte bei Abholung. Die Bankdaten werden nach Abschluss einer Bestellung angezeigt.<\/p>\n\n\t\t<\/div>\n\t<\/div>\n\t\n\t<div id=\"accordion-2298250367\" class=\"accordion-item\">\n\t\t<a id=\"accordion-2298250367-label\" class=\"accordion-title plain\" href=\"#accordion-item-wie-lange-dauert-der-versand?\" aria-expanded=\"false\" aria-controls=\"accordion-2298250367-content\">\n\t\t\t<button class=\"toggle\" aria-label=\"Umschalten\"><i class=\"icon-angle-down\" aria-hidden=\"true\"><\/i><\/button>\n\t\t\t<span>Wie lange dauert der Versand?<\/span>\n\t\t<\/a>\n\t\t<div id=\"accordion-2298250367-content\" class=\"accordion-inner\" aria-labelledby=\"accordion-2298250367-label\">\n\t\t\t\n\n<p>Soweit im jeweiligen Angebot keine andere Frist angegeben ist, erfolgt die Lieferung der Ware im Inland (Deutschland) innerhalb von\u00a0<strong>3 \u2013 5 Tagen<\/strong>, bei Auslandslieferungen innerhalb von\u00a0<strong>5 \u2013 7 Tagen<\/strong>\u00a0nach Vertragsschluss (bei vereinbarter Vorauszahlung nach dem Zeitpunkt Ihrer Zahlungsanweisung).<\/p>\n\n\t\t<\/div>\n\t<\/div>\n\t\n\t<div id=\"accordion-3958488991\" class=\"accordion-item\">\n\t\t<a id=\"accordion-3958488991-label\" class=\"accordion-title plain\" href=\"#accordion-item-wie-sicher-ist-es-auf-noe64-online-zu-bestellen?-wie-werden-meine-daten-gesch\u00fctzt?\" aria-expanded=\"false\" aria-controls=\"accordion-3958488991-content\">\n\t\t\t<button class=\"toggle\" aria-label=\"Umschalten\"><i class=\"icon-angle-down\" aria-hidden=\"true\"><\/i><\/button>\n\t\t\t<span>Wie sicher ist es auf nOe64 online zu bestellen? Wie werden meine Daten gesch\u00fctzt?<\/span>\n\t\t<\/a>\n\t\t<div id=\"accordion-3958488991-content\" class=\"accordion-inner\" aria-labelledby=\"accordion-3958488991-label\">\n\t\t\t\n\n<p>Sicherheit ist mir sehr wichtig, daher ist meine Webseite u.a. \u00fcber ein SSL-Zertifikat gesch\u00fctzt. Die eingesetzte Software inklusive aller Plugins sind stets auf einem aktuellen Stand. Zum Thema Datenschutz schaust du idealerweise auf meine <a href=\"https:\/\/www.noe64.de\/shop\/datenschutz\/\">Seite<\/a> hierzu.<\/p>\n\n\t\t<\/div>\n\t<\/div>\n\t\n\t<div id=\"accordion-2026104526\" class=\"accordion-item\">\n\t\t<a id=\"accordion-2026104526-label\" class=\"accordion-title plain\" href=\"#accordion-item-was-passiert-,-wenn-ich-meine-bestellung-online-absendet-habe?\" aria-expanded=\"false\" aria-controls=\"accordion-2026104526-content\">\n\t\t\t<button class=\"toggle\" aria-label=\"Umschalten\"><i class=\"icon-angle-down\" aria-hidden=\"true\"><\/i><\/button>\n\t\t\t<span>Was passiert , wenn ich meine Bestellung online absendet habe?<\/span>\n\t\t<\/a>\n\t\t<div id=\"accordion-2026104526-content\" class=\"accordion-inner\" aria-labelledby=\"accordion-2026104526-label\">\n\t\t\t\n\n<p>Du erh\u00e4ltst eine Bestellbest\u00e4tigung per E-Mail. \u00dcber die weiteren Schritte, wie Abholung oder Versand setze ich mich mit dir in Verbindung.<\/p>\n\n\t\t<\/div>\n\t<\/div>\n\t\n\n<\/div>\n\n\t\t<\/div>\n\t\t\t\t\t<\/div>\n\n\t\n\n\t<div id=\"col-41196347\" class=\"col medium-6 large-6\"  >\n\t\t\t\t<div class=\"col-inner\"  >\n\t\t\t\n\t\t\t\n\n<div class=\"is-divider divider clearfix\" ><\/div>\n\n<div class=\"container section-title-container\" ><h3 class=\"section-title section-title-normal\"><b aria-hidden=\"true\"><\/b><span class=\"section-title-main\" >Sende uns eine E-Mail<\/span><b aria-hidden=\"true\"><\/b><\/h3><\/div>\n\n\n<div class=\"wpcf7 no-js\" id=\"wpcf7-f384-o1\" lang=\"de-DE\" dir=\"ltr\" data-wpcf7-id=\"384\">\n<div class=\"screen-reader-response\"><p role=\"status\" aria-live=\"polite\" aria-atomic=\"true\"><\/p> <ul><\/ul><\/div>\n<form action=\"\/shop\/wp-json\/wp\/v2\/pages\/134#wpcf7-f384-o1\" method=\"post\" class=\"wpcf7-form init\" aria-label=\"Kontaktformular\" novalidate=\"novalidate\" data-status=\"init\">\n<fieldset class=\"hidden-fields-container\"><input type=\"hidden\" name=\"_wpcf7\" value=\"384\" \/><input type=\"hidden\" name=\"_wpcf7_version\" value=\"6.1.5\" \/><input type=\"hidden\" name=\"_wpcf7_locale\" value=\"de_DE\" \/><input type=\"hidden\" name=\"_wpcf7_unit_tag\" value=\"wpcf7-f384-o1\" \/><input type=\"hidden\" name=\"_wpcf7_container_post\" value=\"0\" \/><input type=\"hidden\" name=\"_wpcf7_posted_data_hash\" value=\"\" \/>\n<\/fieldset>\n<p><label> Dein Name (Pflichtfeld)<br \/>\n<span class=\"wpcf7-form-control-wrap\" data-name=\"your-name\"><input size=\"40\" maxlength=\"400\" class=\"wpcf7-form-control wpcf7-text wpcf7-validates-as-required\" aria-required=\"true\" aria-invalid=\"false\" value=\"\" type=\"text\" name=\"your-name\" \/><\/span> <\/label>\n<\/p>\n<p><label> Deine E-Mail-Adresse (Pflichtfeld)<br \/>\n<span class=\"wpcf7-form-control-wrap\" data-name=\"your-email\"><input size=\"40\" maxlength=\"400\" class=\"wpcf7-form-control wpcf7-email wpcf7-validates-as-required wpcf7-text wpcf7-validates-as-email\" aria-required=\"true\" aria-invalid=\"false\" value=\"\" type=\"email\" name=\"your-email\" \/><\/span> <\/label>\n<\/p>\n<p><label> Betreff (Pflichtfeld)<br \/>\n<span class=\"wpcf7-form-control-wrap\" data-name=\"your-subject\"><input size=\"40\" maxlength=\"400\" class=\"wpcf7-form-control wpcf7-text wpcf7-validates-as-required\" aria-required=\"true\" aria-invalid=\"false\" value=\"\" type=\"text\" name=\"your-subject\" \/><\/span> <\/label>\n<\/p>\n<p><label> Deine Nachricht (optional)<br \/>\n<span class=\"wpcf7-form-control-wrap\" data-name=\"your-message\"><textarea cols=\"40\" rows=\"10\" maxlength=\"2000\" class=\"wpcf7-form-control wpcf7-textarea\" aria-invalid=\"false\" name=\"your-message\"><\/textarea><\/span> <\/label><br \/>\n[anr_nocaptcha g-recaptcha-response]<br \/>\n<input class=\"wpcf7-form-control wpcf7-submit has-spinner\" type=\"submit\" value=\"Senden\" \/>\n<\/p><div class=\"wpcf7-response-output\" aria-hidden=\"true\"><\/div>\n<\/form>\n<\/div>\n\n\n\t\t<\/div>\n\t\t\t\t\t<\/div>\n\n\t\n\n<\/div>\n<p>&nbsp;<\/p>\n\n","protected":false},"excerpt":{"rendered":"","protected":false},"author":1,"featured_media":59,"parent":94,"menu_order":0,"comment_status":"closed","ping_status":"closed","template":"page-blank.php","meta":{"footnotes":""},"class_list":["post-134","page","type-page","status-publish","has-post-thumbnail","hentry"],"_links":{"self":[{"href":"https:\/\/www.noe64.de\/shop\/wp-json\/wp\/v2\/pages\/134","targetHints":{"allow":["GET"]}}],"collection":[{"href":"https:\/\/www.noe64.de\/shop\/wp-json\/wp\/v2\/pages"}],"about":[{"href":"https:\/\/www.noe64.de\/shop\/wp-json\/wp\/v2\/types\/page"}],"author":[{"embeddable":true,"href":"https:\/\/www.noe64.de\/shop\/wp-json\/wp\/v2\/users\/1"}],"replies":[{"embeddable":true,"href":"https:\/\/www.noe64.de\/shop\/wp-json\/wp\/v2\/comments?post=134"}],"version-history":[{"count":13,"href":"https:\/\/www.noe64.de\/shop\/wp-json\/wp\/v2\/pages\/134\/revisions"}],"predecessor-version":[{"id":1090,"href":"https:\/\/www.noe64.de\/shop\/wp-json\/wp\/v2\/pages\/134\/revisions\/1090"}],"up":[{"embeddable":true,"href":"https:\/\/www.noe64.de\/shop\/wp-json\/wp\/v2\/pages\/94"}],"wp:featuredmedia":[{"embeddable":true,"href":"https:\/\/www.noe64.de\/shop\/wp-json\/wp\/v2\/media\/59"}],"wp:attachment":[{"href":"https:\/\/www.noe64.de\/shop\/wp-json\/wp\/v2\/media?parent=134"}],"curies":[{"name":"wp","href":"https:\/\/api.w.org\/{rel}","templated":true}]}}