{"id":439,"date":"2021-02-24T15:12:51","date_gmt":"2021-02-24T14:12:51","guid":{"rendered":"https:\/\/www.noe64.de\/shop\/?page_id=439"},"modified":"2021-03-22T18:59:55","modified_gmt":"2021-03-22T17:59:55","slug":"showroom","status":"publish","type":"page","link":"https:\/\/www.noe64.de\/shop\/showroom\/","title":{"rendered":"Showroom"},"content":{"rendered":"\n\n\t<section class=\"section\" id=\"section_117381587\">\n\t\t<div class=\"section-bg fill\" >\n\t\t\t\t\t\t\t\t\t\n\t\t\t\n\t<div class=\"is-border\"\n\t\tstyle=\"border-color:rgb(235, 235, 235);border-width:1px 0px 0px 0px;\">\n\t<\/div>\n\n\t\t<\/div>\n\n\t\t\n\n\t\t<div class=\"section-content relative\">\n\t\t\t\n\n<div class=\"row row-large align-middle align-center\"  id=\"row-1507153798\">\n\n\n\t<div id=\"col-1905559579\" class=\"col medium-6 small-12 large-6\"  >\n\t\t\t\t<div class=\"col-inner text-center\"  >\n\t\t\t\n\t\t\t\n\n<p>\u00a0<\/p>\n<h2>Willkommen in meinem Showroom<\/h2>\n<div dir=\"auto\" style=\"text-align: left;\">In einem alten Fachwerkhaus in <a href=\"https:\/\/goo.gl\/maps\/6X4fUL6S1xSkTNFy7\" target=\"_blank\" rel=\"noopener\">Egenstedt<\/a> befindet sich mein Showroom. Hier pr\u00e4sentiere ich meine Produkte und du kannst in aller Ruhe st\u00f6bern. Parkpl\u00e4tze sind direkt vor Ort. Mehrmals im Jahr veranstalte ich dort verschiedene Events.<\/div>\n<div dir=\"auto\">\u00a0<\/div>\n<div dir=\"auto\" style=\"text-align: left;\">Bei Interesse trag dich einfach in meinen Newsletter ein und du erh\u00e4lt alle Neuigkeiten.<\/div>\n<div dir=\"auto\">\u00a0<\/div>\n<div dir=\"auto\" style=\"text-align: left;\">Ge\u00f6ffnet? Bestimmst du. Einfach \u00fcber das <a href=\"https:\/\/www.noe64.de\/shop\/elements\/pages\/contact\/\">Kontaktformular<\/a> oder per Whatsapp unter 0160 94453127 einen Termin vereinbaren.<\/div>\n\n\t\t<\/div>\n\t\t\t\t\t<\/div>\n\n\t\n\n\t<div id=\"col-1599032157\" class=\"col medium-6 small-12 large-6\"  >\n\t\t\t\t<div class=\"col-inner box-shadow-2 box-shadow-5-hover\" style=\"background-color:rgb(255, 255, 255);\" >\n\t\t\t\n\t\t\t\n\n<div class=\"slider-wrapper relative\" id=\"slider-1684334660\" >\n    <div class=\"slider slider-nav-circle slider-nav-large slider-nav-light slider-style-normal\"\n        data-flickity-options='{\n            \"cellAlign\": \"center\",\n            \"imagesLoaded\": true,\n            \"lazyLoad\": 1,\n            \"freeScroll\": false,\n            \"wrapAround\": true,\n            \"autoPlay\": 6000,\n            \"pauseAutoPlayOnHover\" : true,\n            \"prevNextButtons\": true,\n            \"contain\" : true,\n            \"adaptiveHeight\" : true,\n            \"dragThreshold\" : 10,\n            \"percentPosition\": true,\n            \"pageDots\": true,\n            \"rightToLeft\": false,\n            \"draggable\": true,\n            \"selectedAttraction\": 0.1,\n            \"parallax\" : 0,\n            \"friction\": 0.6        }'\n        >\n        \n\n\t<div class=\"img has-hover x md-x lg-x y md-y lg-y\" id=\"image_914345701\">\n\t\t\t\t\t\t\t\t<div class=\"img-inner dark\" >\n\t\t\t<img loading=\"lazy\" decoding=\"async\" width=\"1020\" height=\"765\" src=\"https:\/\/www.noe64.de\/shop\/wp-content\/uploads\/2021\/02\/showroom_1-1067x800.jpg\" class=\"attachment-large size-large\" alt=\"\" srcset=\"https:\/\/www.noe64.de\/shop\/wp-content\/uploads\/2021\/02\/showroom_1-1067x800.jpg 1067w, https:\/\/www.noe64.de\/shop\/wp-content\/uploads\/2021\/02\/showroom_1-510x383.jpg 510w, https:\/\/www.noe64.de\/shop\/wp-content\/uploads\/2021\/02\/showroom_1-533x400.jpg 533w, https:\/\/www.noe64.de\/shop\/wp-content\/uploads\/2021\/02\/showroom_1-768x576.jpg 768w, https:\/\/www.noe64.de\/shop\/wp-content\/uploads\/2021\/02\/showroom_1-1536x1152.jpg 1536w, https:\/\/www.noe64.de\/shop\/wp-content\/uploads\/2021\/02\/showroom_1.jpg 1920w\" sizes=\"auto, (max-width: 1020px) 100vw, 1020px\" \/>\t\t\t\t\t\t\n\t\t\t\t\t<\/div>\n\t\t\t\t\t\t\t\t\n<style>\n#image_914345701 {\n  width: 100%;\n}\n<\/style>\n\t<\/div>\n\t\n\n\n     <\/div>\n\n     <div class=\"loading-spin dark large centered\"><\/div>\n\n\t<\/div>\n\n\n\n\t\t<\/div>\n\t\t\t\t\n<style>\n#col-1599032157 > .col-inner {\n  padding: 15px 15px 15px 15px;\n}\n<\/style>\n\t<\/div>\n\n\t\n\n<\/div>\n\n\t\t<\/div>\n\n\t\t\n<style>\n#section_117381587 {\n  padding-top: 59px;\n  padding-bottom: 59px;\n  min-height: 300px;\n  background-color: rgb(228, 228, 228);\n}\n<\/style>\n\t<\/section>\n\t\n\n","protected":false},"excerpt":{"rendered":"","protected":false},"author":1,"featured_media":0,"parent":0,"menu_order":0,"comment_status":"closed","ping_status":"closed","template":"","meta":{"footnotes":""},"class_list":["post-439","page","type-page","status-publish","hentry"],"_links":{"self":[{"href":"https:\/\/www.noe64.de\/shop\/wp-json\/wp\/v2\/pages\/439","targetHints":{"allow":["GET"]}}],"collection":[{"href":"https:\/\/www.noe64.de\/shop\/wp-json\/wp\/v2\/pages"}],"about":[{"href":"https:\/\/www.noe64.de\/shop\/wp-json\/wp\/v2\/types\/page"}],"author":[{"embeddable":true,"href":"https:\/\/www.noe64.de\/shop\/wp-json\/wp\/v2\/users\/1"}],"replies":[{"embeddable":true,"href":"https:\/\/www.noe64.de\/shop\/wp-json\/wp\/v2\/comments?post=439"}],"version-history":[{"count":9,"href":"https:\/\/www.noe64.de\/shop\/wp-json\/wp\/v2\/pages\/439\/revisions"}],"predecessor-version":[{"id":557,"href":"https:\/\/www.noe64.de\/shop\/wp-json\/wp\/v2\/pages\/439\/revisions\/557"}],"wp:attachment":[{"href":"https:\/\/www.noe64.de\/shop\/wp-json\/wp\/v2\/media?parent=439"}],"curies":[{"name":"wp","href":"https:\/\/api.w.org\/{rel}","templated":true}]}}