{"id":44,"date":"2020-08-14T17:37:27","date_gmt":"2020-08-14T15:37:27","guid":{"rendered":"http:\/\/www.noe64.de\/shop\/agb\/"},"modified":"2025-07-30T12:58:19","modified_gmt":"2025-07-30T10:58:19","slug":"agb","status":"publish","type":"page","link":"https:\/\/www.noe64.de\/shop\/agb\/","title":{"rendered":"AGB"},"content":{"rendered":"\n<h1>Allgemeine Gesch\u00e4ftsbedingungen<\/h1>\n<h3>\u00a7 1 Grundlegende Bestimmungen<\/h3>\n<p>(1) Die nachstehenden Gesch\u00e4ftsbedingungen gelten f\u00fcr Vertr\u00e4ge, die du mit uns als Anbieter (Nikola Opitz-Eierund) \u00fcber die Internetseite <a href=\"https:\/\/wwww.noe64.de\">wwww.noe64.de<\/a> schlie\u00dft. Soweit nicht anders vereinbart, wird der Einbeziehung gegebenenfalls deiner verwendeter eigener Bedingungen widersprochen.<\/p>\n<p>(2) Verbraucher im Sinne der nachstehenden Regelungen ist jede nat\u00fcrliche Person, die ein Rechtsgesch\u00e4ft zu Zwecken abschlie\u00dft, die \u00fcberwiegend weder ihrer gewerblichen noch ihrer selbst\u00e4ndigen beruflichen T\u00e4tigkeit zugerechnet werden kann. Unternehmer ist jede nat\u00fcrliche oder juristische Person oder eine rechtsf\u00e4hige Personengesellschaft, die bei Abschluss eines Rechtsgesch\u00e4fts in Aus\u00fcbung ihrer selbst\u00e4ndigen beruflichen oder gewerblichen T\u00e4tigkeit handelt.<\/p>\n<h3>\u00a7 2 Zustandekommen des Vertrages<\/h3>\n<p>(1) Gegenstand des Vertrages ist der Verkauf von Waren.<\/p>\n<p>(2) Bereits mit dem Einstellen des jeweiligen Produkts auf unserer Internetseite unterbreiten wir dir ein verbindliches Angebot zum Abschluss eines Vertrages zu den in der Artikelbeschreibung angegebenen Bedingungen.<\/p>\n<p>(3) Der Vertrag kommt \u00fcber das Online-Warenkorbsystem wie folgt zustande:<br \/>Die zum Kauf beabsichtigten Waren werden im \u201eWarenkorb\u201c abgelegt. \u00dcber die entsprechende Schaltfl\u00e4che in der Navigationsleiste kannst du den \u201eWarenkorb\u201c aufrufen und dort jederzeit \u00c4nderungen vornehmen.<br \/>Nach Aufrufen der Seite \u201eKasse\u201c und der Eingabe der pers\u00f6nlichen Daten sowie der Zahlungs- und Versandbedingungen werden abschlie\u00dfend nochmals alle Bestelldaten auf der Bestell\u00fcbersichtsseite angezeigt.<br \/>Soweit Sie als Zahlungsart ein Sofortzahl-System (z.B. PayPal \/ PayPal Express, Amazon-Payments, Sofort) nutzen, wirst du entweder in unserem Online-Shop auf die Bestell\u00fcbersichtsseite gef\u00fchrt oder du wirst zun\u00e4chst auf die Internetseite des Anbieters des Sofortzahl-Systems weitergeleitet.<br \/>Erfolgt die Weiterleitung zu dem jeweiligen Sofortzahl-System, nimmst du dort die entsprechende Auswahl bzw. Eingabe Ihrer Daten vor. Abschlie\u00dfend wirst du zur\u00fcck in unseren Online-Shop auf die Bestell\u00fcbersichtsseite geleitet.<br \/>Vor Absenden der Bestellung hast du die M\u00f6glichkeit, hier s\u00e4mtliche Angaben nochmals zu \u00fcberpr\u00fcfen, zu \u00e4ndern (auch \u00fcber die Funktion \u201eZur\u00fcck\u201c des Internetbrowsers) bzw. den Kauf abzubrechen.<br \/>Mit dem Absenden der Bestellung \u00fcber die Schaltfl\u00e4che \u201eJETZT KAUFEN\u201c erkl\u00e4rst du rechtsverbindlich die Annahme des Angebotes, wodurch der Vertrag zustande kommt.<\/p>\n<p>(4) Deine Anfragen zur Erstellung eines Angebotes sind f\u00fcr dich unverbindlich. Wir unterbreiten dir hierzu ein verbindliches Angebot in Textform (z.B. per E-Mail), welches du innerhalb von 5 Tagen annehmen kannst.<\/p>\n<p>(5) Die Abwicklung der Bestellung und \u00dcbermittlung aller im Zusammenhang mit dem Vertragsschluss erforderlichen Informationen erfolgt per E-Mail zum Teil automatisiert. Du hast deshalb sicherzustellen, dass die von dir bei uns hinterlegte E-Mail-Adresse zutreffend ist, der Empfang der E-Mails technisch sichergestellt und insbesondere nicht durch SPAM-Filter verhindert wird.<\/p>\n<h3>\u00a7 3 Zur\u00fcckbehaltungsrecht, Eigentumsvorbehalt<\/h3>\n<p>(1) Ein Zur\u00fcckbehaltungsrecht kannst du nur aus\u00fcben, soweit es sich um Forderungen aus demselben Vertragsverh\u00e4ltnis handelt.<\/p>\n<p>(2) Die Ware bleibt bis zur vollst\u00e4ndigen Zahlung des Kaufpreises unser Eigentum.<\/p>\n<h3>\u00a7 4 Gew\u00e4hrleistung<\/h3>\n<p>(1) Es bestehen die gesetzlichen M\u00e4ngelhaftungsrechte.<\/p>\n<p>(2) Als Verbraucher wirst du gebeten, die Sache bei Lieferung umgehend auf Vollst\u00e4ndigkeit, offensichtliche M\u00e4ngel und Transportsch\u00e4den zu \u00fcberpr\u00fcfen und uns sowie dem Spediteur Beanstandungen schnellstm\u00f6glich mitzuteilen. Kommst du dem nicht nach, hat dies keine Auswirkung auf deine gesetzlichen Gew\u00e4hrleistungsanspr\u00fcche.<\/p>\n<h3>\u00a7 5 Rechtswahl<\/h3>\n<p>(1) Es gilt deutsches Recht. Bei Verbrauchern gilt diese Rechtswahl nur, soweit hierdurch der durch zwingende Bestimmungen des Rechts des Staates des gew\u00f6hnlichen Aufenthaltes des Verbrauchers gew\u00e4hrte Schutz nicht entzogen wird (G\u00fcnstigkeitsprinzip).<\/p>\n<p>(2) Die Bestimmungen des UN-Kaufrechts finden ausdr\u00fccklich keine Anwendung.<\/p>\n<h1>Kundeninformationen<\/h1>\n<h3>1. Identit\u00e4t des Verk\u00e4ufers<\/h3>\n<p>Fr. Nikola Opitz-Eierund<br \/>Am Jesuiterhof 5<br \/>31199 Diekholzen<br \/>Deutschland<\/p>\n<p>Telefon: 05064-85144<br \/>Mail: <a href=\"mailto:noe64@gmx.de\">noe64@gmx.de<\/a><\/p>\n<p>Alternative Streitbeilegung:<br \/>Die Europ\u00e4ische Kommission stellt eine Plattform f\u00fcr die au\u00dfergerichtliche Online-Streitbeilegung (OS-Plattform) bereit, aufrufbar unter <a href=\"https:\/\/ec.europa.eu\/odr\">https:\/\/ec.europa.eu\/odr<\/a>.<\/p>\n<h3>2. Informationen zum Zustandekommen des Vertrages<\/h3>\n<p>Die technischen Schritte zum Vertragsschluss, der Vertragsschluss selbst und die Korrekturm\u00f6glichkeiten erfolgen nach Ma\u00dfgabe der Regelungen \u201eZustandekommen des Vertrages\u201c unserer Allgemeinen Gesch\u00e4ftsbedingungen (Teil I.).<\/p>\n<h3>3. Vertragssprache, Vertragstextspeicherung<\/h3>\n<p>3.1. Vertragssprache ist deutsch.<\/p>\n<p>3.2. Der vollst\u00e4ndige Vertragstext wird von uns nicht gespeichert. Vor Absenden der Bestellung \u00fcber das Online \u2013 Warenkorbsystem k\u00f6nnen die Vertragsdaten \u00fcber die Druckfunktion des Browsers ausgedruckt oder elektronisch gesichert werden. Nach Zugang der Bestellung bei uns werden die Bestelldaten, die gesetzlich vorgeschriebenen Informationen bei Fernabsatzvertr\u00e4gen und die Allgemeinen Gesch\u00e4ftsbedingungen nochmals per E-Mail an dich \u00fcbersandt.<\/p>\n<p>3.3. Bei Angebotsanfragen au\u00dferhalb des Online-Warenkorbsystems erh\u00e4ltst du alle Vertragsdaten im Rahmen eines verbindlichen Angebotes in Textform \u00fcbersandt, z.B. per E-Mail, welche du ausdrucken oder elektronisch sichern kannst.<\/p>\n<h3>4. Verhaltenskodizes<\/h3>\n<p>4.1. Wir haben uns den K\u00e4ufersiegel-Qualit\u00e4tskriterien der H\u00e4ndlerbund Management AG und damit einhergehend dem Ecommerce Europe Trustmark Code of Conduct unterworfen, einsehbar unter: <a href=\"https:\/\/www.haendlerbund.de\/images\/content\/kaeufersiegel\/kaeufersiegel-qualitatskriterien.pdf\">https:\/\/www.haendlerbund.de\/images\/content\/kaeufersiegel\/kaeufersiegel-qualitatskriterien.pdf<\/a> und <a href=\"https:\/\/www.ecommercetrustmark.eu\/the-code-of-conduct\/\">https:\/\/www.ecommercetrustmark.eu\/the-code-of-conduct\/<\/a><\/p>\n<h3>5. Wesentliche Merkmale der Ware oder Dienstleistung<\/h3>\n<p>Die wesentlichen Merkmale der Ware und\/oder Dienstleistung finden sich im jeweiligen Angebot.<\/p>\n<h3>6. Preise und Zahlungsmodalit\u00e4ten<\/h3>\n<p>6.1. Die in den jeweiligen Angeboten angef\u00fchrten Preise sowie die Versandkosten stellen Gesamtpreise dar. Sie beinhalten alle Preisbestandteile einschlie\u00dflich aller anfallenden Steuern.<\/p>\n<p>6.2. Die anfallenden Versandkosten sind nicht im Kaufpreis enthalten. Sie sind \u00fcber eine entsprechend bezeichnete Schaltfl\u00e4che auf unserer Internetpr\u00e4senz oder im jeweiligen Angebot aufrufbar, werden im Laufe des Bestellvorganges gesondert ausgewiesen und sind von dir zus\u00e4tzlich zu tragen, soweit nicht die versandkostenfreie Lieferung zugesagt ist.<\/p>\n<p>6.3. Entstandene Kosten der Geld\u00fcbermittlung (\u00dcberweisungs- oder Wechselkursgeb\u00fchren der Kreditinstitute) sind von dir in den F\u00e4llen zu tragen, in denen die Lieferung in einen EU-Mitgliedsstaat erfolgt, die Zahlung aber au\u00dferhalb der Europ\u00e4ischen Union veranlasst wurde.<\/p>\n<p>6.4. Die dir zur Verf\u00fcgung stehenden Zahlungsarten sind unter einer entsprechend bezeichneten Schaltfl\u00e4che auf unserer Internetpr\u00e4senz oder im jeweiligen Angebot ausgewiesen.<\/p>\n<p>6.5. Soweit bei den einzelnen Zahlungsarten nicht anders angegeben, sind die Zahlungsanspr\u00fcche aus dem geschlossenen Vertrag sofort zur Zahlung f\u00e4llig.<\/p>\n<h3>7. Lieferbedingungen<\/h3>\n<p>7.1. Die Lieferbedingungen, der Liefertermin sowie gegebenenfalls bestehende Lieferbeschr\u00e4nkungen finden sich unter einer entsprechend bezeichneten Schaltfl\u00e4che auf unserer Internetpr\u00e4senz oder im jeweiligen Angebot.<\/p>\n<p>7.2. Soweit du Verbraucher bist ist gesetzlich geregelt, dass die Gefahr des zuf\u00e4lligen Untergangs und der zuf\u00e4lligen Verschlechterung der verkauften Sache w\u00e4hrend der Versendung erst mit der \u00dcbergabe der Ware an dich \u00fcbergeht, unabh\u00e4ngig davon, ob die Versendung versichert oder unversichert erfolgt. Dies gilt nicht, wenn du eigenst\u00e4ndig ein nicht vom Unternehmer benanntes Transportunternehmen oder eine sonst zur Ausf\u00fchrung der Versendung bestimmte Person beauftragt hast.<\/p>\n<h3>8. Gesetzliches M\u00e4ngelhaftungsrecht<\/h3>\n<p>Die M\u00e4ngelhaftung richtet sich nach der Regelung \u201eGew\u00e4hrleistung\u201c in unseren Allgemeinen Gesch\u00e4ftsbedingungen (Teil I).<\/p>\n<p>Diese AGB und Kundeninformationen wurden von den auf IT-Recht spezialisierten Juristen des H\u00e4ndlerbundes erstellt und werden permanent auf Rechtskonformit\u00e4t gepr\u00fcft. Die H\u00e4ndlerbund Management AG garantiert f\u00fcr die Rechtssicherheit der Texte und haftet im Falle von Abmahnungen. N\u00e4here Informationen dazu finden Sie unter: <a href=\"https:\/\/www.haendlerbund.de\/agb-service\">https:\/\/www.haendlerbund.de\/agb-service<\/a>.<br \/><br \/><\/p>\n<div class=\"woocommerce woocommerce-gzd woocommerce-gzd-complaints-shortcode\">\n<h3>Alternative Streitbeilegung gem\u00e4\u00df Art. 14 Abs. 1 ODR-VO und \u00a7 36 VSBG:<\/h3>\n<p>Die Europ\u00e4ische Kommission stellt eine Plattform zur Online-Streitbeilegung (OS) bereit, die du unter <a href=\"https:\/\/ec.europa.eu\/consumers\/odr\" target=\"_blank\" rel=\"noopener\">https:\/\/ec.europa.eu\/consumers\/odr<\/a> findest. Zur Teilnahme an einem Streitbeilegungsverfahren vor einer Verbraucherschlichtungsstelle sind wir nicht verpflichtet und nicht bereit.<\/p>\n<\/div>\n<h3>Verpackungsgesetz nach \u00a7 9 VerpackG:<\/h3>\n<p>nOe ist als Hersteller von systembeteiligungspflichtigen Verpackungen unter der Registrierungsnummer DE1284973400396 bei der Stiftung Zentrale Stelle Verpackungsregister (Zentrale Stelle) registriert.<br \/><br \/>nOe erf\u00fcllt die R\u00fccknahmepflichten durch Beteiligung an einem oder mehreren Systemen oder durch eine oder mehrere Branchenl\u00f6sungen gem\u00e4\u00df \u00a7 9 Absatz 2 Nummer 6 des Gesetzes \u00fcber das Inverkehrbringen, R\u00fccknahme und hochwertige Verwertung von Verpackungen (Verpackungsgesetz &#8211; VerpackG).<br \/><br \/>Die Zentrale Stelle hat nOe als Hersteller von systembeteiligungspflichtigen Verpackungen antragsgem\u00e4\u00df \u00a7 9 Absatz 1 Satz 1, Absatz 2, Absatz 3 Satz 1 und 2\u00a0 VerpackG registriert.<br \/><br \/>Letzte Aktualisierung: 17.06.2022<\/p>\n\n\n<div class=\"woocommerce woocommerce-gzd woocommerce-gzd-complaints-shortcode\">\n\t\t\t<h3>Alternative Streitbeilegung gem\u00e4\u00df Art. 14 Abs. 1 ODR-VO und \u00a7 36 VSBG:<\/h3>\n\t\nZur Teilnahme an einem Streitbeilegungsverfahren vor einer Verbraucherschlichtungsstelle sind wir nicht verpflichtet und nicht bereit.<\/div>\n","protected":false},"excerpt":{"rendered":"","protected":false},"author":1,"featured_media":0,"parent":0,"menu_order":0,"comment_status":"closed","ping_status":"closed","template":"","meta":{"footnotes":""},"class_list":["post-44","page","type-page","status-publish","hentry"],"_links":{"self":[{"href":"https:\/\/www.noe64.de\/shop\/wp-json\/wp\/v2\/pages\/44","targetHints":{"allow":["GET"]}}],"collection":[{"href":"https:\/\/www.noe64.de\/shop\/wp-json\/wp\/v2\/pages"}],"about":[{"href":"https:\/\/www.noe64.de\/shop\/wp-json\/wp\/v2\/types\/page"}],"author":[{"embeddable":true,"href":"https:\/\/www.noe64.de\/shop\/wp-json\/wp\/v2\/users\/1"}],"replies":[{"embeddable":true,"href":"https:\/\/www.noe64.de\/shop\/wp-json\/wp\/v2\/comments?post=44"}],"version-history":[{"count":9,"href":"https:\/\/www.noe64.de\/shop\/wp-json\/wp\/v2\/pages\/44\/revisions"}],"predecessor-version":[{"id":6452,"href":"https:\/\/www.noe64.de\/shop\/wp-json\/wp\/v2\/pages\/44\/revisions\/6452"}],"wp:attachment":[{"href":"https:\/\/www.noe64.de\/shop\/wp-json\/wp\/v2\/media?parent=44"}],"curies":[{"name":"wp","href":"https:\/\/api.w.org\/{rel}","templated":true}]}}