{"id":465,"date":"2021-02-26T08:32:36","date_gmt":"2021-02-26T07:32:36","guid":{"rendered":"https:\/\/www.noe64.de\/shop\/?page_id=465"},"modified":"2021-04-28T07:25:43","modified_gmt":"2021-04-28T05:25:43","slug":"ueber_noe64","status":"publish","type":"page","link":"https:\/\/www.noe64.de\/shop\/ueber_noe64\/","title":{"rendered":"\u00dcber nOe64"},"content":{"rendered":"\n\n\t<section class=\"section\" id=\"section_509473193\">\n\t\t<div class=\"section-bg fill\" >\n\t\t\t\t\t\t\t\t\t<div class=\"section-bg-overlay absolute fill\"><\/div>\n\t\t\t\n\n\t\t<\/div>\n\n\t\t\n\n\t\t<div class=\"section-content relative\">\n\t\t\t\n\n<h1>Handmade&#8230;<\/h1>\n<p>Alle Arbeitsschritte, vom ersten Entwurf bis zur Fertigung, werden von mir mit viel Herzblut in meinen Atelier in Egenstedt ausgef\u00fchrt.<\/p>\n<div class=\"row row-large align-middle\"  id=\"row-1947241357\">\n\n\n\t<div id=\"col-735132042\" class=\"col medium-6 small-12 large-6\"  >\n\t\t\t\t<div class=\"col-inner\"  >\n\t\t\t\n\t\t\t\n\n\t<div class=\"img has-hover x md-x lg-x y md-y lg-y\" id=\"image_465531560\">\n\t\t\t\t\t\t\t\t<div class=\"img-inner dark\" >\n\t\t\t<img loading=\"lazy\" decoding=\"async\" width=\"768\" height=\"1024\" src=\"https:\/\/www.noe64.de\/shop\/wp-content\/uploads\/2021\/04\/ueber_noe_1.jpg\" class=\"attachment-original size-original\" alt=\"\" srcset=\"https:\/\/www.noe64.de\/shop\/wp-content\/uploads\/2021\/04\/ueber_noe_1.jpg 768w, https:\/\/www.noe64.de\/shop\/wp-content\/uploads\/2021\/04\/ueber_noe_1-510x680.jpg 510w, https:\/\/www.noe64.de\/shop\/wp-content\/uploads\/2021\/04\/ueber_noe_1-300x400.jpg 300w, https:\/\/www.noe64.de\/shop\/wp-content\/uploads\/2021\/04\/ueber_noe_1-600x800.jpg 600w\" sizes=\"auto, (max-width: 768px) 100vw, 768px\" \/>\t\t\t\t\t\t\n\t\t\t\t\t<\/div>\n\t\t\t\t\t\t\t\t\n<style>\n#image_465531560 {\n  width: 69%;\n}\n<\/style>\n\t<\/div>\n\t\n\n\n\t\t<\/div>\n\t\t\t\t\t<\/div>\n\n\t\n\n\t<div id=\"col-1270109433\" class=\"col medium-6 small-12 large-6\"  >\n\t\t\t\t<div class=\"col-inner text-left\"  >\n\t\t\t\n\t\t\t\n\n<h1>&#8230;just for you&#8230;<\/h1>\n<p>Du erh\u00e4ltst ein Produkt welches einzigartig ist, da ich nur Unikate herstelle.<\/p>\n\n\t\t<\/div>\n\t\t\t\t\t<\/div>\n\n\t\n\n<\/div>\n<div class=\"row row-large align-middle\"  id=\"row-1793101857\">\n\n\n\t<div id=\"col-1115316880\" class=\"col medium-6 small-12 large-6\"  >\n\t\t\t\t<div class=\"col-inner text-left\"  >\n\t\t\t\n\t\t\t\n\n<h1>&#8230;to your own desires<\/h1>\n<div dir=\"auto\">Hast du eine Frage, dir gef\u00e4llt eine Handtasche aber die Gr\u00f6\u00dfe oder Farbe stimmen nicht ganz? <a href=\"https:\/\/www.noe64.de\/shop\/elements\/pages\/contact\/\">Schreib<\/a> mir einfach , ich fertige auch nach individuellen W\u00fcnschen.<\/div>\n<div dir=\"auto\">\u00a0<\/div>\n<div dir=\"auto\">Deiner Traumtasche steht nichts im Weg!<\/div>\n\n\t\t<\/div>\n\t\t\t\t\t<\/div>\n\n\t\n\n\t<div id=\"col-1187643835\" class=\"col medium-6 small-12 large-6\"  >\n\t\t\t\t<div class=\"col-inner\"  >\n\t\t\t\n\t\t\t\n\n\t<div class=\"img has-hover x md-x lg-x y md-y lg-y\" id=\"image_509190386\">\n\t\t\t\t\t\t\t\t<div class=\"img-inner dark\" >\n\t\t\t<img loading=\"lazy\" decoding=\"async\" width=\"1020\" height=\"765\" src=\"https:\/\/www.noe64.de\/shop\/wp-content\/uploads\/2021\/03\/studio_2-1067x800.jpg\" class=\"attachment-large size-large\" alt=\"\" srcset=\"https:\/\/www.noe64.de\/shop\/wp-content\/uploads\/2021\/03\/studio_2-1067x800.jpg 1067w, https:\/\/www.noe64.de\/shop\/wp-content\/uploads\/2021\/03\/studio_2-scaled-510x383.jpg 510w, https:\/\/www.noe64.de\/shop\/wp-content\/uploads\/2021\/03\/studio_2-533x400.jpg 533w, https:\/\/www.noe64.de\/shop\/wp-content\/uploads\/2021\/03\/studio_2-768x576.jpg 768w, https:\/\/www.noe64.de\/shop\/wp-content\/uploads\/2021\/03\/studio_2-1536x1152.jpg 1536w, https:\/\/www.noe64.de\/shop\/wp-content\/uploads\/2021\/03\/studio_2-2048x1536.jpg 2048w\" sizes=\"auto, (max-width: 1020px) 100vw, 1020px\" \/>\t\t\t\t\t\t\n\t\t\t\t\t<\/div>\n\t\t\t\t\t\t\t\t\n<style>\n#image_509190386 {\n  width: 100%;\n}\n<\/style>\n\t<\/div>\n\t\n\n\n\t\t<\/div>\n\t\t\t\t\t<\/div>\n\n\t\n\n<\/div>\n\n\t\t<\/div>\n\n\t\t\n<style>\n#section_509473193 {\n  padding-top: 60px;\n  padding-bottom: 60px;\n  background-color: rgb(193, 193, 193);\n}\n#section_509473193 .section-bg-overlay {\n  background-color: rgba(255, 255, 255, 0.85);\n}\n<\/style>\n\t<\/section>\n\t\n\n","protected":false},"excerpt":{"rendered":"","protected":false},"author":1,"featured_media":0,"parent":0,"menu_order":0,"comment_status":"closed","ping_status":"closed","template":"","meta":{"footnotes":""},"class_list":["post-465","page","type-page","status-publish","hentry"],"_links":{"self":[{"href":"https:\/\/www.noe64.de\/shop\/wp-json\/wp\/v2\/pages\/465","targetHints":{"allow":["GET"]}}],"collection":[{"href":"https:\/\/www.noe64.de\/shop\/wp-json\/wp\/v2\/pages"}],"about":[{"href":"https:\/\/www.noe64.de\/shop\/wp-json\/wp\/v2\/types\/page"}],"author":[{"embeddable":true,"href":"https:\/\/www.noe64.de\/shop\/wp-json\/wp\/v2\/users\/1"}],"replies":[{"embeddable":true,"href":"https:\/\/www.noe64.de\/shop\/wp-json\/wp\/v2\/comments?post=465"}],"version-history":[{"count":7,"href":"https:\/\/www.noe64.de\/shop\/wp-json\/wp\/v2\/pages\/465\/revisions"}],"predecessor-version":[{"id":1118,"href":"https:\/\/www.noe64.de\/shop\/wp-json\/wp\/v2\/pages\/465\/revisions\/1118"}],"wp:attachment":[{"href":"https:\/\/www.noe64.de\/shop\/wp-json\/wp\/v2\/media?parent=465"}],"curies":[{"name":"wp","href":"https:\/\/api.w.org\/{rel}","templated":true}]}}