{"id":4975,"date":"2024-08-03T11:16:43","date_gmt":"2024-08-03T09:16:43","guid":{"rendered":"https:\/\/www.noe64.de\/shop\/?post_type=product&#038;p=4975"},"modified":"2024-10-07T09:27:37","modified_gmt":"2024-10-07T07:27:37","slug":"freizeitfreundin-2561","status":"publish","type":"product","link":"https:\/\/www.noe64.de\/shop\/produkt\/freizeitfreundin-2561\/","title":{"rendered":"Freizeitfreundin 2561"},"content":{"rendered":"<p>schwarz\/wei\u00dfes Echtfell <\/p>\n<p>schwarzes Innenfutter mit 1 Innenfach<\/p>\n<p>breiter, verstellbarer Tragegurt mit Karabinern<\/p>\n<p>Rei\u00dfverschluss<\/p>\n<p>27 cm breit x 18 cm H\u00f6he<\/p>\n","protected":false},"excerpt":{"rendered":"<p>schwarz\/wei\u00dfes Echtfell schwarzes Innenfutter mit 1 Innenfach breiter, verstellbarer Tragegurt mit Karabinern Rei\u00dfverschluss 27 cm breit x 18 cm H\u00f6he<\/p>\n","protected":false},"featured_media":4976,"comment_status":"open","ping_status":"closed","template":"","meta":[],"product_brand":[],"product_cat":[108,122],"product_tag":[88,89],"class_list":{"0":"post-4975","1":"product","2":"type-product","3":"status-publish","4":"has-post-thumbnail","6":"product_cat-kleinledertaschen","7":"product_cat-archiv","8":"product_tag-fahrrad","9":"product_tag-tasche","11":"first","12":"outofstock","13":"sold-individually","14":"taxable","15":"shipping-taxable","16":"purchasable","17":"product-type-simple"},"_links":{"self":[{"href":"https:\/\/www.noe64.de\/shop\/wp-json\/wp\/v2\/product\/4975","targetHints":{"allow":["GET"]}}],"collection":[{"href":"https:\/\/www.noe64.de\/shop\/wp-json\/wp\/v2\/product"}],"about":[{"href":"https:\/\/www.noe64.de\/shop\/wp-json\/wp\/v2\/types\/product"}],"replies":[{"embeddable":true,"href":"https:\/\/www.noe64.de\/shop\/wp-json\/wp\/v2\/comments?post=4975"}],"wp:featuredmedia":[{"embeddable":true,"href":"https:\/\/www.noe64.de\/shop\/wp-json\/wp\/v2\/media\/4976"}],"wp:attachment":[{"href":"https:\/\/www.noe64.de\/shop\/wp-json\/wp\/v2\/media?parent=4975"}],"wp:term":[{"taxonomy":"product_brand","embeddable":true,"href":"https:\/\/www.noe64.de\/shop\/wp-json\/wp\/v2\/product_brand?post=4975"},{"taxonomy":"product_cat","embeddable":true,"href":"https:\/\/www.noe64.de\/shop\/wp-json\/wp\/v2\/product_cat?post=4975"},{"taxonomy":"product_tag","embeddable":true,"href":"https:\/\/www.noe64.de\/shop\/wp-json\/wp\/v2\/product_tag?post=4975"}],"curies":[{"name":"wp","href":"https:\/\/api.w.org\/{rel}","templated":true}]}}