{"id":5036,"date":"2024-09-17T14:31:11","date_gmt":"2024-09-17T12:31:11","guid":{"rendered":"https:\/\/www.noe64.de\/shop\/?post_type=product&#038;p=5036"},"modified":"2024-09-18T19:25:13","modified_gmt":"2024-09-18T17:25:13","slug":"2568","status":"publish","type":"product","link":"https:\/\/www.noe64.de\/shop\/produkt\/2568\/","title":{"rendered":"Scarlett 2568"},"content":{"rendered":"<p>hellbeiges Echtleder <\/p>\n<p>beige-wei\u00dfes Innenfutter mit 1 Innenfach<\/p>\n<p>breiter, verstellbarer Tragegurt mit Karabinern<\/p>\n<p>Rei\u00dfverschluss<\/p>\n<p>33 cm breit x 21 cm H\u00f6he<\/p>\n","protected":false},"excerpt":{"rendered":"<p>hellbeiges Echtleder beige-wei\u00dfes Innenfutter mit 1 Innenfach breiter, verstellbarer Tragegurt mit Karabinern Rei\u00dfverschluss 33 cm breit x 21 cm H\u00f6he<\/p>\n","protected":false},"featured_media":5037,"comment_status":"open","ping_status":"closed","template":"","meta":[],"product_brand":[],"product_cat":[122],"product_tag":[88,89],"class_list":{"0":"post-5036","1":"product","2":"type-product","3":"status-publish","4":"has-post-thumbnail","6":"product_cat-archiv","7":"product_tag-fahrrad","8":"product_tag-tasche","10":"first","11":"outofstock","12":"sold-individually","13":"taxable","14":"shipping-taxable","15":"purchasable","16":"product-type-simple"},"_links":{"self":[{"href":"https:\/\/www.noe64.de\/shop\/wp-json\/wp\/v2\/product\/5036","targetHints":{"allow":["GET"]}}],"collection":[{"href":"https:\/\/www.noe64.de\/shop\/wp-json\/wp\/v2\/product"}],"about":[{"href":"https:\/\/www.noe64.de\/shop\/wp-json\/wp\/v2\/types\/product"}],"replies":[{"embeddable":true,"href":"https:\/\/www.noe64.de\/shop\/wp-json\/wp\/v2\/comments?post=5036"}],"wp:featuredmedia":[{"embeddable":true,"href":"https:\/\/www.noe64.de\/shop\/wp-json\/wp\/v2\/media\/5037"}],"wp:attachment":[{"href":"https:\/\/www.noe64.de\/shop\/wp-json\/wp\/v2\/media?parent=5036"}],"wp:term":[{"taxonomy":"product_brand","embeddable":true,"href":"https:\/\/www.noe64.de\/shop\/wp-json\/wp\/v2\/product_brand?post=5036"},{"taxonomy":"product_cat","embeddable":true,"href":"https:\/\/www.noe64.de\/shop\/wp-json\/wp\/v2\/product_cat?post=5036"},{"taxonomy":"product_tag","embeddable":true,"href":"https:\/\/www.noe64.de\/shop\/wp-json\/wp\/v2\/product_tag?post=5036"}],"curies":[{"name":"wp","href":"https:\/\/api.w.org\/{rel}","templated":true}]}}