{"id":5044,"date":"2024-09-18T14:02:30","date_gmt":"2024-09-18T12:02:30","guid":{"rendered":"https:\/\/www.noe64.de\/shop\/?post_type=product&#038;p=5044"},"modified":"2024-11-18T18:34:19","modified_gmt":"2024-11-18T17:34:19","slug":"kim-2570","status":"publish","type":"product","link":"https:\/\/www.noe64.de\/shop\/produkt\/kim-2570\/","title":{"rendered":"Kim 2570"},"content":{"rendered":"<p>schwarzes Lack-Echtleder in Straussenoptik kombiniert mit schwarzen Glattleder<\/p>\n<p>silberne Beschl\u00e4ge <\/p>\n<p>Rei\u00dfverschluss<\/p>\n<p>Rei\u00dfverschlussfach auf der R\u00fcckseite<\/p>\n<p>Griffe 54 cm lang<\/p>\n<p>verstellbarer Gurt<\/p>\n<p>Innenfutter mit 1 Steckfach<\/p>\n<p>Weite 28 cm, H\u00f6he 29 cm Tiefe 8 cm<\/p>\n","protected":false},"excerpt":{"rendered":"<p>schwarzes Lack-Echtleder in Straussenoptik kombiniert mit schwarzen Glattleder silberne Beschl\u00e4ge Rei\u00dfverschluss Rei\u00dfverschlussfach auf der R\u00fcckseite Griffe 54 cm lang verstellbarer Gurt Innenfutter mit 1 Steckfach Weite 28 cm, H\u00f6he 29 cm Tiefe 8 cm<\/p>\n","protected":false},"featured_media":5045,"comment_status":"open","ping_status":"closed","template":"","meta":[],"product_brand":[],"product_cat":[84,97,94],"product_tag":[90,106,89],"class_list":{"0":"post-5044","1":"product","2":"type-product","3":"status-publish","4":"has-post-thumbnail","6":"product_cat-handtaschen","7":"product_cat-shopper","8":"product_cat-umhaengetaschen","9":"product_tag-handtasche","10":"product_tag-henkeltaschen","11":"product_tag-tasche","13":"first","14":"instock","15":"featured","16":"sold-individually","17":"taxable","18":"shipping-taxable","19":"purchasable","20":"product-type-simple"},"_links":{"self":[{"href":"https:\/\/www.noe64.de\/shop\/wp-json\/wp\/v2\/product\/5044","targetHints":{"allow":["GET"]}}],"collection":[{"href":"https:\/\/www.noe64.de\/shop\/wp-json\/wp\/v2\/product"}],"about":[{"href":"https:\/\/www.noe64.de\/shop\/wp-json\/wp\/v2\/types\/product"}],"replies":[{"embeddable":true,"href":"https:\/\/www.noe64.de\/shop\/wp-json\/wp\/v2\/comments?post=5044"}],"wp:featuredmedia":[{"embeddable":true,"href":"https:\/\/www.noe64.de\/shop\/wp-json\/wp\/v2\/media\/5045"}],"wp:attachment":[{"href":"https:\/\/www.noe64.de\/shop\/wp-json\/wp\/v2\/media?parent=5044"}],"wp:term":[{"taxonomy":"product_brand","embeddable":true,"href":"https:\/\/www.noe64.de\/shop\/wp-json\/wp\/v2\/product_brand?post=5044"},{"taxonomy":"product_cat","embeddable":true,"href":"https:\/\/www.noe64.de\/shop\/wp-json\/wp\/v2\/product_cat?post=5044"},{"taxonomy":"product_tag","embeddable":true,"href":"https:\/\/www.noe64.de\/shop\/wp-json\/wp\/v2\/product_tag?post=5044"}],"curies":[{"name":"wp","href":"https:\/\/api.w.org\/{rel}","templated":true}]}}