{"id":5068,"date":"2024-10-07T10:06:07","date_gmt":"2024-10-07T08:06:07","guid":{"rendered":"https:\/\/www.noe64.de\/shop\/?post_type=product&#038;p=5068"},"modified":"2025-02-11T16:53:47","modified_gmt":"2025-02-11T15:53:47","slug":"freizeitfreundin-2574","status":"publish","type":"product","link":"https:\/\/www.noe64.de\/shop\/produkt\/freizeitfreundin-2574\/","title":{"rendered":"Freizeitfreundin 2574"},"content":{"rendered":"<p>limettengr\u00fcnes Echtleder<\/p>\n<p>hellgr\u00fcnes Innenfutter mit 1 Innenfach<\/p>\n<p>breiter, verstellbarer Tragegurt mit Karabinern<\/p>\n<p>Rei\u00dfverschluss<\/p>\n<p>27 cm breit x 18 cm H\u00f6he<\/p>\n","protected":false},"excerpt":{"rendered":"<p>limettengr\u00fcnes Echtleder hellgr\u00fcnes Innenfutter mit 1 Innenfach breiter, verstellbarer Tragegurt mit Karabinern Rei\u00dfverschluss 27 cm breit x 18 cm H\u00f6he<\/p>\n","protected":false},"featured_media":5069,"comment_status":"open","ping_status":"closed","template":"","meta":[],"product_brand":[],"product_cat":[108,122],"product_tag":[88,89],"class_list":{"0":"post-5068","1":"product","2":"type-product","3":"status-publish","4":"has-post-thumbnail","6":"product_cat-kleinledertaschen","7":"product_cat-archiv","8":"product_tag-fahrrad","9":"product_tag-tasche","11":"first","12":"outofstock","13":"sold-individually","14":"taxable","15":"shipping-taxable","16":"purchasable","17":"product-type-simple"},"_links":{"self":[{"href":"https:\/\/www.noe64.de\/shop\/wp-json\/wp\/v2\/product\/5068","targetHints":{"allow":["GET"]}}],"collection":[{"href":"https:\/\/www.noe64.de\/shop\/wp-json\/wp\/v2\/product"}],"about":[{"href":"https:\/\/www.noe64.de\/shop\/wp-json\/wp\/v2\/types\/product"}],"replies":[{"embeddable":true,"href":"https:\/\/www.noe64.de\/shop\/wp-json\/wp\/v2\/comments?post=5068"}],"wp:featuredmedia":[{"embeddable":true,"href":"https:\/\/www.noe64.de\/shop\/wp-json\/wp\/v2\/media\/5069"}],"wp:attachment":[{"href":"https:\/\/www.noe64.de\/shop\/wp-json\/wp\/v2\/media?parent=5068"}],"wp:term":[{"taxonomy":"product_brand","embeddable":true,"href":"https:\/\/www.noe64.de\/shop\/wp-json\/wp\/v2\/product_brand?post=5068"},{"taxonomy":"product_cat","embeddable":true,"href":"https:\/\/www.noe64.de\/shop\/wp-json\/wp\/v2\/product_cat?post=5068"},{"taxonomy":"product_tag","embeddable":true,"href":"https:\/\/www.noe64.de\/shop\/wp-json\/wp\/v2\/product_tag?post=5068"}],"curies":[{"name":"wp","href":"https:\/\/api.w.org\/{rel}","templated":true}]}}