{"id":5091,"date":"2024-10-07T10:51:17","date_gmt":"2024-10-07T08:51:17","guid":{"rendered":"https:\/\/www.noe64.de\/shop\/?post_type=product&#038;p=5091"},"modified":"2024-11-16T18:14:51","modified_gmt":"2024-11-16T17:14:51","slug":"kim-2578","status":"publish","type":"product","link":"https:\/\/www.noe64.de\/shop\/produkt\/kim-2578\/","title":{"rendered":"Kim 2578"},"content":{"rendered":"<p>royalblaues Echtleder in Straussenoptik kombiniert mit dunkelblauen Echtleder<\/p>\n<p>silberne Beschl\u00e4ge <\/p>\n<p>Rei\u00dfverschluss<\/p>\n<p>Rei\u00dfverschlussfach auf der R\u00fcckseite<\/p>\n<p>Griffe 54 cm lang<\/p>\n<p>verstellbarer Gurt<\/p>\n<p>blaues Innenfutter mit 1 Steckfach<\/p>\n<p>Weite 28 cm, H\u00f6he 29 cm Tiefe 8 cm<\/p>\n","protected":false},"excerpt":{"rendered":"<p>royalblaues Echtleder in Straussenoptik kombiniert mit dunkelblauen Echtleder silberne Beschl\u00e4ge Rei\u00dfverschluss Rei\u00dfverschlussfach auf der R\u00fcckseite Griffe 54 cm lang verstellbarer Gurt blaues Innenfutter mit 1 Steckfach Weite 28 cm, H\u00f6he 29 cm Tiefe 8 cm<\/p>\n","protected":false},"featured_media":5092,"comment_status":"open","ping_status":"closed","template":"","meta":[],"product_brand":[],"product_cat":[122],"product_tag":[90,106,89],"class_list":{"0":"post-5091","1":"product","2":"type-product","3":"status-publish","4":"has-post-thumbnail","6":"product_cat-archiv","7":"product_tag-handtasche","8":"product_tag-henkeltaschen","9":"product_tag-tasche","11":"first","12":"outofstock","13":"featured","14":"sold-individually","15":"taxable","16":"shipping-taxable","17":"purchasable","18":"product-type-simple"},"_links":{"self":[{"href":"https:\/\/www.noe64.de\/shop\/wp-json\/wp\/v2\/product\/5091","targetHints":{"allow":["GET"]}}],"collection":[{"href":"https:\/\/www.noe64.de\/shop\/wp-json\/wp\/v2\/product"}],"about":[{"href":"https:\/\/www.noe64.de\/shop\/wp-json\/wp\/v2\/types\/product"}],"replies":[{"embeddable":true,"href":"https:\/\/www.noe64.de\/shop\/wp-json\/wp\/v2\/comments?post=5091"}],"wp:featuredmedia":[{"embeddable":true,"href":"https:\/\/www.noe64.de\/shop\/wp-json\/wp\/v2\/media\/5092"}],"wp:attachment":[{"href":"https:\/\/www.noe64.de\/shop\/wp-json\/wp\/v2\/media?parent=5091"}],"wp:term":[{"taxonomy":"product_brand","embeddable":true,"href":"https:\/\/www.noe64.de\/shop\/wp-json\/wp\/v2\/product_brand?post=5091"},{"taxonomy":"product_cat","embeddable":true,"href":"https:\/\/www.noe64.de\/shop\/wp-json\/wp\/v2\/product_cat?post=5091"},{"taxonomy":"product_tag","embeddable":true,"href":"https:\/\/www.noe64.de\/shop\/wp-json\/wp\/v2\/product_tag?post=5091"}],"curies":[{"name":"wp","href":"https:\/\/api.w.org\/{rel}","templated":true}]}}