{"id":5320,"date":"2024-12-12T15:29:53","date_gmt":"2024-12-12T14:29:53","guid":{"rendered":"https:\/\/www.noe64.de\/shop\/?post_type=product&#038;p=5320"},"modified":"2024-12-21T20:07:53","modified_gmt":"2024-12-21T19:07:53","slug":"grace-petite-2598","status":"publish","type":"product","link":"https:\/\/www.noe64.de\/shop\/produkt\/grace-petite-2598\/","title":{"rendered":"Grace  Petite 2598"},"content":{"rendered":"<p>pinkes und wei\u00dfes Echtleder kombiniert mit Fell in Zebraoptik<\/p>\n<p>goldene Beschl\u00e4ge<\/p>\n<p>Echtlederfutter mit 1 Steckfach<\/p>\n<p>verst\u00e4rkter Boden mit Schmutzf\u00fc\u00dfchen<\/p>\n<p>Griffl\u00e4nge 33 cm<\/p>\n<p>Weite 24 cm, H\u00f6he 16 cm Tiefe 9 cm<\/p>\n<p>Die Weite oben kann mit dem Zugband variiert werden<\/p>\n","protected":false},"excerpt":{"rendered":"<p>pinkes und wei\u00dfes Echtleder kombiniert mit Fell in Zebraoptik goldene Beschl\u00e4ge Echtlederfutter mit 1 Steckfach verst\u00e4rkter Boden mit Schmutzf\u00fc\u00dfchen Griffl\u00e4nge 33 cm Weite 24 cm, H\u00f6he 16 cm Tiefe 9 cm Die Weite oben kann mit dem Zugband variiert werden<\/p>\n","protected":false},"featured_media":5321,"comment_status":"open","ping_status":"closed","template":"","meta":[],"product_brand":[],"product_cat":[122],"product_tag":[90,106,89],"class_list":{"0":"post-5320","1":"product","2":"type-product","3":"status-publish","4":"has-post-thumbnail","6":"product_cat-archiv","7":"product_tag-handtasche","8":"product_tag-henkeltaschen","9":"product_tag-tasche","11":"first","12":"outofstock","13":"featured","14":"sold-individually","15":"taxable","16":"shipping-taxable","17":"purchasable","18":"product-type-simple"},"_links":{"self":[{"href":"https:\/\/www.noe64.de\/shop\/wp-json\/wp\/v2\/product\/5320","targetHints":{"allow":["GET"]}}],"collection":[{"href":"https:\/\/www.noe64.de\/shop\/wp-json\/wp\/v2\/product"}],"about":[{"href":"https:\/\/www.noe64.de\/shop\/wp-json\/wp\/v2\/types\/product"}],"replies":[{"embeddable":true,"href":"https:\/\/www.noe64.de\/shop\/wp-json\/wp\/v2\/comments?post=5320"}],"wp:featuredmedia":[{"embeddable":true,"href":"https:\/\/www.noe64.de\/shop\/wp-json\/wp\/v2\/media\/5321"}],"wp:attachment":[{"href":"https:\/\/www.noe64.de\/shop\/wp-json\/wp\/v2\/media?parent=5320"}],"wp:term":[{"taxonomy":"product_brand","embeddable":true,"href":"https:\/\/www.noe64.de\/shop\/wp-json\/wp\/v2\/product_brand?post=5320"},{"taxonomy":"product_cat","embeddable":true,"href":"https:\/\/www.noe64.de\/shop\/wp-json\/wp\/v2\/product_cat?post=5320"},{"taxonomy":"product_tag","embeddable":true,"href":"https:\/\/www.noe64.de\/shop\/wp-json\/wp\/v2\/product_tag?post=5320"}],"curies":[{"name":"wp","href":"https:\/\/api.w.org\/{rel}","templated":true}]}}