{"id":5327,"date":"2024-12-12T15:37:32","date_gmt":"2024-12-12T14:37:32","guid":{"rendered":"https:\/\/www.noe64.de\/shop\/?post_type=product&#038;p=5327"},"modified":"2025-01-27T09:54:14","modified_gmt":"2025-01-27T08:54:14","slug":"helen-2599","status":"publish","type":"product","link":"https:\/\/www.noe64.de\/shop\/produkt\/helen-2599\/","title":{"rendered":"Helen 2599"},"content":{"rendered":"<p>wei\u00dfes und silbernes Echtleder <\/p>\n<p>silberne Beschl\u00e4ge <\/p>\n<p>Rei\u00dfverschluss<\/p>\n<p>Bodenf\u00fc\u00dfchen<\/p>\n<p>Griff 75 cm lang<\/p>\n<p>hellgraues Innenfutter mit 1 Steckfach<\/p>\n<p>Weite 32 cm, H\u00f6he 19 cm,  Tiefe 12 cm<\/p>\n<p>diese Taschenform nennt man East West, also mehr l\u00e4nglich als hoch.<\/p>\n","protected":false},"excerpt":{"rendered":"<p>wei\u00dfes und silbernes Echtleder silberne Beschl\u00e4ge Rei\u00dfverschluss Bodenf\u00fc\u00dfchen Griff 75 cm lang hellgraues Innenfutter mit 1 Steckfach Weite 32 cm, H\u00f6he 19 cm, Tiefe 12 cm diese Taschenform nennt man East West, also mehr l\u00e4nglich als hoch.<\/p>\n","protected":false},"featured_media":5328,"comment_status":"open","ping_status":"closed","template":"","meta":[],"product_brand":[],"product_cat":[122],"product_tag":[90,106,89],"class_list":{"0":"post-5327","1":"product","2":"type-product","3":"status-publish","4":"has-post-thumbnail","6":"product_cat-archiv","7":"product_tag-handtasche","8":"product_tag-henkeltaschen","9":"product_tag-tasche","11":"first","12":"outofstock","13":"featured","14":"sold-individually","15":"taxable","16":"shipping-taxable","17":"purchasable","18":"product-type-simple"},"_links":{"self":[{"href":"https:\/\/www.noe64.de\/shop\/wp-json\/wp\/v2\/product\/5327","targetHints":{"allow":["GET"]}}],"collection":[{"href":"https:\/\/www.noe64.de\/shop\/wp-json\/wp\/v2\/product"}],"about":[{"href":"https:\/\/www.noe64.de\/shop\/wp-json\/wp\/v2\/types\/product"}],"replies":[{"embeddable":true,"href":"https:\/\/www.noe64.de\/shop\/wp-json\/wp\/v2\/comments?post=5327"}],"wp:featuredmedia":[{"embeddable":true,"href":"https:\/\/www.noe64.de\/shop\/wp-json\/wp\/v2\/media\/5328"}],"wp:attachment":[{"href":"https:\/\/www.noe64.de\/shop\/wp-json\/wp\/v2\/media?parent=5327"}],"wp:term":[{"taxonomy":"product_brand","embeddable":true,"href":"https:\/\/www.noe64.de\/shop\/wp-json\/wp\/v2\/product_brand?post=5327"},{"taxonomy":"product_cat","embeddable":true,"href":"https:\/\/www.noe64.de\/shop\/wp-json\/wp\/v2\/product_cat?post=5327"},{"taxonomy":"product_tag","embeddable":true,"href":"https:\/\/www.noe64.de\/shop\/wp-json\/wp\/v2\/product_tag?post=5327"}],"curies":[{"name":"wp","href":"https:\/\/api.w.org\/{rel}","templated":true}]}}