{"id":5352,"date":"2024-12-17T14:15:50","date_gmt":"2024-12-17T13:15:50","guid":{"rendered":"https:\/\/www.noe64.de\/shop\/?post_type=product&#038;p=5352"},"modified":"2024-12-21T20:06:42","modified_gmt":"2024-12-21T19:06:42","slug":"helen-petite-2600-kopie","status":"publish","type":"product","link":"https:\/\/www.noe64.de\/shop\/produkt\/helen-petite-2600-kopie\/","title":{"rendered":"Helen  petite 2601"},"content":{"rendered":"<p>schwarzes und wei\u00dfes Echtleder kombiniert mit Echtfell in Zebraoptik<\/p>\n<p>silberne Beschl\u00e4ge <\/p>\n<p>verstellbarer Ziergurt zur Weitenregulierung<\/p>\n<p>Rei\u00dfverschluss<\/p>\n<p>Bodenf\u00fc\u00dfchen<\/p>\n<p>Griff 62 cm lang<\/p>\n<p>Fellimitat in Zebraoptik als Innenfutter mit 1 Steckfach<\/p>\n<p>Weite 31 cm, H\u00f6he 16 cm, Tiefe 12 cm<\/p>\n<p>diese Taschenform nennt man East West, also mehr l\u00e4nglich als hoch. Der neue Trend f\u00fcr 2025<\/p>\n","protected":false},"excerpt":{"rendered":"<p>schwarzes und wei\u00dfes Echtleder kombiniert mit Echtfell in Zebraoptik silberne Beschl\u00e4ge verstellbarer Ziergurt zur Weitenregulierung Rei\u00dfverschluss Bodenf\u00fc\u00dfchen Griff 62 cm lang Fellimitat in Zebraoptik als Innenfutter mit 1 Steckfach Weite 31 cm, H\u00f6he 16 cm, Tiefe 12 cm diese Taschenform nennt man East West, also mehr l\u00e4nglich als hoch. Der neue Trend f\u00fcr 2025<\/p>\n","protected":false},"featured_media":5353,"comment_status":"open","ping_status":"closed","template":"","meta":[],"product_brand":[],"product_cat":[122],"product_tag":[90,106,89],"class_list":{"0":"post-5352","1":"product","2":"type-product","3":"status-publish","4":"has-post-thumbnail","6":"product_cat-archiv","7":"product_tag-handtasche","8":"product_tag-henkeltaschen","9":"product_tag-tasche","11":"first","12":"outofstock","13":"featured","14":"sold-individually","15":"taxable","16":"shipping-taxable","17":"purchasable","18":"product-type-simple"},"_links":{"self":[{"href":"https:\/\/www.noe64.de\/shop\/wp-json\/wp\/v2\/product\/5352","targetHints":{"allow":["GET"]}}],"collection":[{"href":"https:\/\/www.noe64.de\/shop\/wp-json\/wp\/v2\/product"}],"about":[{"href":"https:\/\/www.noe64.de\/shop\/wp-json\/wp\/v2\/types\/product"}],"replies":[{"embeddable":true,"href":"https:\/\/www.noe64.de\/shop\/wp-json\/wp\/v2\/comments?post=5352"}],"wp:featuredmedia":[{"embeddable":true,"href":"https:\/\/www.noe64.de\/shop\/wp-json\/wp\/v2\/media\/5353"}],"wp:attachment":[{"href":"https:\/\/www.noe64.de\/shop\/wp-json\/wp\/v2\/media?parent=5352"}],"wp:term":[{"taxonomy":"product_brand","embeddable":true,"href":"https:\/\/www.noe64.de\/shop\/wp-json\/wp\/v2\/product_brand?post=5352"},{"taxonomy":"product_cat","embeddable":true,"href":"https:\/\/www.noe64.de\/shop\/wp-json\/wp\/v2\/product_cat?post=5352"},{"taxonomy":"product_tag","embeddable":true,"href":"https:\/\/www.noe64.de\/shop\/wp-json\/wp\/v2\/product_tag?post=5352"}],"curies":[{"name":"wp","href":"https:\/\/api.w.org\/{rel}","templated":true}]}}