{"id":5480,"date":"2025-01-13T17:19:21","date_gmt":"2025-01-13T16:19:21","guid":{"rendered":"https:\/\/www.noe64.de\/shop\/?post_type=product&#038;p=5480"},"modified":"2025-02-08T19:33:46","modified_gmt":"2025-02-08T18:33:46","slug":"elizabeth-2615","status":"publish","type":"product","link":"https:\/\/www.noe64.de\/shop\/produkt\/elizabeth-2615\/","title":{"rendered":"Elizabeth 2615"},"content":{"rendered":"<p>wei\u00dfes Lack- Echtleder in Krokooptik<\/p>\n<p>hellgr\u00fcnes Innenfutter mit 1 Innenfach<\/p>\n<p>breiter, verstellbarer Tragegurt mit Karabinern<\/p>\n<p>Rei\u00dfverschluss<\/p>\n<p>33 cm breit x 18 cm H\u00f6he<\/p>\n","protected":false},"excerpt":{"rendered":"<p>wei\u00dfes Lack- Echtleder in Krokooptik hellgr\u00fcnes Innenfutter mit 1 Innenfach breiter, verstellbarer Tragegurt mit Karabinern Rei\u00dfverschluss 33 cm breit x 18 cm H\u00f6he<\/p>\n","protected":false},"featured_media":5481,"comment_status":"open","ping_status":"closed","template":"","meta":[],"product_brand":[],"product_cat":[122],"product_tag":[88,89],"class_list":{"0":"post-5480","1":"product","2":"type-product","3":"status-publish","4":"has-post-thumbnail","6":"product_cat-archiv","7":"product_tag-fahrrad","8":"product_tag-tasche","10":"first","11":"outofstock","12":"sold-individually","13":"taxable","14":"shipping-taxable","15":"purchasable","16":"product-type-simple"},"_links":{"self":[{"href":"https:\/\/www.noe64.de\/shop\/wp-json\/wp\/v2\/product\/5480","targetHints":{"allow":["GET"]}}],"collection":[{"href":"https:\/\/www.noe64.de\/shop\/wp-json\/wp\/v2\/product"}],"about":[{"href":"https:\/\/www.noe64.de\/shop\/wp-json\/wp\/v2\/types\/product"}],"replies":[{"embeddable":true,"href":"https:\/\/www.noe64.de\/shop\/wp-json\/wp\/v2\/comments?post=5480"}],"wp:featuredmedia":[{"embeddable":true,"href":"https:\/\/www.noe64.de\/shop\/wp-json\/wp\/v2\/media\/5481"}],"wp:attachment":[{"href":"https:\/\/www.noe64.de\/shop\/wp-json\/wp\/v2\/media?parent=5480"}],"wp:term":[{"taxonomy":"product_brand","embeddable":true,"href":"https:\/\/www.noe64.de\/shop\/wp-json\/wp\/v2\/product_brand?post=5480"},{"taxonomy":"product_cat","embeddable":true,"href":"https:\/\/www.noe64.de\/shop\/wp-json\/wp\/v2\/product_cat?post=5480"},{"taxonomy":"product_tag","embeddable":true,"href":"https:\/\/www.noe64.de\/shop\/wp-json\/wp\/v2\/product_tag?post=5480"}],"curies":[{"name":"wp","href":"https:\/\/api.w.org\/{rel}","templated":true}]}}