{"id":5513,"date":"2025-01-20T10:42:09","date_gmt":"2025-01-20T09:42:09","guid":{"rendered":"https:\/\/www.noe64.de\/shop\/?post_type=product&#038;p=5513"},"modified":"2025-03-15T18:34:37","modified_gmt":"2025-03-15T17:34:37","slug":"kim-2617","status":"publish","type":"product","link":"https:\/\/www.noe64.de\/shop\/produkt\/kim-2617\/","title":{"rendered":"Kim 2617"},"content":{"rendered":"<p>schwarzes und wei\u00dfes Echtleder kombiniert mit Echtfell in Zebraoptik<\/p>\n<p>silberne Beschl\u00e4ge <\/p>\n<p>Rei\u00dfverschluss<\/p>\n<p>Rei\u00dfverschlussfach auf der R\u00fcckseite<\/p>\n<p>Griff 44 cm lang<\/p>\n<p>verstellbarer Gurt<\/p>\n<p>beiges Innenfutter mit 1 Steckfach<\/p>\n<p>Weite 28 cm, H\u00f6he 29 cm Tiefe 8 cm<\/p>\n","protected":false},"excerpt":{"rendered":"<p>schwarzes und wei\u00dfes Echtleder kombiniert mit Echtfell in Zebraoptik silberne Beschl\u00e4ge Rei\u00dfverschluss Rei\u00dfverschlussfach auf der R\u00fcckseite Griff 44 cm lang verstellbarer Gurt beiges Innenfutter mit 1 Steckfach Weite 28 cm, H\u00f6he 29 cm Tiefe 8 cm<\/p>\n","protected":false},"featured_media":5514,"comment_status":"open","ping_status":"closed","template":"","meta":[],"product_brand":[],"product_cat":[122],"product_tag":[90,106,89],"class_list":{"0":"post-5513","1":"product","2":"type-product","3":"status-publish","4":"has-post-thumbnail","6":"product_cat-archiv","7":"product_tag-handtasche","8":"product_tag-henkeltaschen","9":"product_tag-tasche","11":"first","12":"outofstock","13":"featured","14":"sold-individually","15":"taxable","16":"shipping-taxable","17":"purchasable","18":"product-type-simple"},"_links":{"self":[{"href":"https:\/\/www.noe64.de\/shop\/wp-json\/wp\/v2\/product\/5513","targetHints":{"allow":["GET"]}}],"collection":[{"href":"https:\/\/www.noe64.de\/shop\/wp-json\/wp\/v2\/product"}],"about":[{"href":"https:\/\/www.noe64.de\/shop\/wp-json\/wp\/v2\/types\/product"}],"replies":[{"embeddable":true,"href":"https:\/\/www.noe64.de\/shop\/wp-json\/wp\/v2\/comments?post=5513"}],"wp:featuredmedia":[{"embeddable":true,"href":"https:\/\/www.noe64.de\/shop\/wp-json\/wp\/v2\/media\/5514"}],"wp:attachment":[{"href":"https:\/\/www.noe64.de\/shop\/wp-json\/wp\/v2\/media?parent=5513"}],"wp:term":[{"taxonomy":"product_brand","embeddable":true,"href":"https:\/\/www.noe64.de\/shop\/wp-json\/wp\/v2\/product_brand?post=5513"},{"taxonomy":"product_cat","embeddable":true,"href":"https:\/\/www.noe64.de\/shop\/wp-json\/wp\/v2\/product_cat?post=5513"},{"taxonomy":"product_tag","embeddable":true,"href":"https:\/\/www.noe64.de\/shop\/wp-json\/wp\/v2\/product_tag?post=5513"}],"curies":[{"name":"wp","href":"https:\/\/api.w.org\/{rel}","templated":true}]}}