{"id":5551,"date":"2025-01-20T15:42:42","date_gmt":"2025-01-20T14:42:42","guid":{"rendered":"https:\/\/www.noe64.de\/shop\/?post_type=product&#038;p=5551"},"modified":"2025-02-09T11:26:29","modified_gmt":"2025-02-09T10:26:29","slug":"geldboerse","status":"publish","type":"product","link":"https:\/\/www.noe64.de\/shop\/produkt\/geldboerse\/","title":{"rendered":"Geldb\u00f6rse"},"content":{"rendered":"<p>Diese kleine Geldb\u00f6rse ist perfekt f\u00fcr die Hosentasche oder f\u00fcr das kleine T\u00e4schchen.<\/p>\n<p>Wei\u00dfes Echtleder in Krokooptik<\/p>\n<p>Gefaltet in Origami-Technik<\/p>\n<p>Druckknopf<\/p>\n<p>Die M\u00fcnzen k\u00f6nnen nach dem \u00d6ffnen nach vorne gesch\u00fcttet werden<br \/>\nScheine und Karte in Scheckkartenformat passen perfekt hinein<\/p>\n<p>Abmessungen 9 x 9 cm<\/p>\n","protected":false},"excerpt":{"rendered":"<p>Diese kleine Geldb\u00f6rse ist perfekt f\u00fcr die Hosentasche oder f\u00fcr das kleine T\u00e4schchen. Wei\u00dfes Echtleder in Krokooptik Gefaltet in Origami-Technik Druckknopf Die M\u00fcnzen k\u00f6nnen nach dem \u00d6ffnen nach vorne gesch\u00fcttet werden Scheine und Karte in Scheckkartenformat passen perfekt hinein Abmessungen 9 x 9 cm<\/p>\n","protected":false},"featured_media":5552,"comment_status":"open","ping_status":"closed","template":"","meta":[],"product_brand":[],"product_cat":[122],"product_tag":[88,89],"class_list":{"0":"post-5551","1":"product","2":"type-product","3":"status-publish","4":"has-post-thumbnail","6":"product_cat-archiv","7":"product_tag-fahrrad","8":"product_tag-tasche","10":"first","11":"outofstock","12":"sold-individually","13":"taxable","14":"shipping-taxable","15":"purchasable","16":"product-type-simple"},"_links":{"self":[{"href":"https:\/\/www.noe64.de\/shop\/wp-json\/wp\/v2\/product\/5551","targetHints":{"allow":["GET"]}}],"collection":[{"href":"https:\/\/www.noe64.de\/shop\/wp-json\/wp\/v2\/product"}],"about":[{"href":"https:\/\/www.noe64.de\/shop\/wp-json\/wp\/v2\/types\/product"}],"replies":[{"embeddable":true,"href":"https:\/\/www.noe64.de\/shop\/wp-json\/wp\/v2\/comments?post=5551"}],"wp:featuredmedia":[{"embeddable":true,"href":"https:\/\/www.noe64.de\/shop\/wp-json\/wp\/v2\/media\/5552"}],"wp:attachment":[{"href":"https:\/\/www.noe64.de\/shop\/wp-json\/wp\/v2\/media?parent=5551"}],"wp:term":[{"taxonomy":"product_brand","embeddable":true,"href":"https:\/\/www.noe64.de\/shop\/wp-json\/wp\/v2\/product_brand?post=5551"},{"taxonomy":"product_cat","embeddable":true,"href":"https:\/\/www.noe64.de\/shop\/wp-json\/wp\/v2\/product_cat?post=5551"},{"taxonomy":"product_tag","embeddable":true,"href":"https:\/\/www.noe64.de\/shop\/wp-json\/wp\/v2\/product_tag?post=5551"}],"curies":[{"name":"wp","href":"https:\/\/api.w.org\/{rel}","templated":true}]}}