{"id":5555,"date":"2025-01-20T15:46:57","date_gmt":"2025-01-20T14:46:57","guid":{"rendered":"https:\/\/www.noe64.de\/shop\/?post_type=product&#038;p=5555"},"modified":"2025-03-15T18:32:29","modified_gmt":"2025-03-15T17:32:29","slug":"geldboerse-2","status":"publish","type":"product","link":"https:\/\/www.noe64.de\/shop\/produkt\/geldboerse-2\/","title":{"rendered":"Geldb\u00f6rse"},"content":{"rendered":"<p>Diese kleine Geldb\u00f6rse ist perfekt f\u00fcr die Hosentasche oder f\u00fcr das kleine T\u00e4schchen.<\/p>\n<p>Oranges Echtleder in Krokooptik<\/p>\n<p>Gefaltet in Origami-Technik<\/p>\n<p>Druckknopf<\/p>\n<p>Die M\u00fcnzen k\u00f6nnen nach dem \u00d6ffnen nach vorne gesch\u00fcttet werden<br \/>\nScheine und Karte in Scheckkartenformat passen perfekt hinein<\/p>\n<p>Abmessungen 9 x 9 cm<\/p>\n","protected":false},"excerpt":{"rendered":"<p>Diese kleine Geldb\u00f6rse ist perfekt f\u00fcr die Hosentasche oder f\u00fcr das kleine T\u00e4schchen. Oranges Echtleder in Krokooptik Gefaltet in Origami-Technik Druckknopf Die M\u00fcnzen k\u00f6nnen nach dem \u00d6ffnen nach vorne gesch\u00fcttet werden Scheine und Karte in Scheckkartenformat passen perfekt hinein Abmessungen 9 x 9 cm<\/p>\n","protected":false},"featured_media":5556,"comment_status":"open","ping_status":"closed","template":"","meta":[],"product_brand":[],"product_cat":[122],"product_tag":[88,89],"class_list":{"0":"post-5555","1":"product","2":"type-product","3":"status-publish","4":"has-post-thumbnail","6":"product_cat-archiv","7":"product_tag-fahrrad","8":"product_tag-tasche","10":"first","11":"outofstock","12":"sold-individually","13":"taxable","14":"shipping-taxable","15":"purchasable","16":"product-type-simple"},"_links":{"self":[{"href":"https:\/\/www.noe64.de\/shop\/wp-json\/wp\/v2\/product\/5555","targetHints":{"allow":["GET"]}}],"collection":[{"href":"https:\/\/www.noe64.de\/shop\/wp-json\/wp\/v2\/product"}],"about":[{"href":"https:\/\/www.noe64.de\/shop\/wp-json\/wp\/v2\/types\/product"}],"replies":[{"embeddable":true,"href":"https:\/\/www.noe64.de\/shop\/wp-json\/wp\/v2\/comments?post=5555"}],"wp:featuredmedia":[{"embeddable":true,"href":"https:\/\/www.noe64.de\/shop\/wp-json\/wp\/v2\/media\/5556"}],"wp:attachment":[{"href":"https:\/\/www.noe64.de\/shop\/wp-json\/wp\/v2\/media?parent=5555"}],"wp:term":[{"taxonomy":"product_brand","embeddable":true,"href":"https:\/\/www.noe64.de\/shop\/wp-json\/wp\/v2\/product_brand?post=5555"},{"taxonomy":"product_cat","embeddable":true,"href":"https:\/\/www.noe64.de\/shop\/wp-json\/wp\/v2\/product_cat?post=5555"},{"taxonomy":"product_tag","embeddable":true,"href":"https:\/\/www.noe64.de\/shop\/wp-json\/wp\/v2\/product_tag?post=5555"}],"curies":[{"name":"wp","href":"https:\/\/api.w.org\/{rel}","templated":true}]}}