{"id":5637,"date":"2025-01-31T19:24:37","date_gmt":"2025-01-31T18:24:37","guid":{"rendered":"https:\/\/www.noe64.de\/shop\/?post_type=product&#038;p=5637"},"modified":"2025-02-25T11:40:14","modified_gmt":"2025-02-25T10:40:14","slug":"angelina-2623","status":"publish","type":"product","link":"https:\/\/www.noe64.de\/shop\/produkt\/angelina-2623\/","title":{"rendered":"Angelina 2623"},"content":{"rendered":"<p>braunes Wildleder kombiniert mit braunen Echtleder in Krokooptik <\/p>\n<p>goldene Beschl\u00e4ge <\/p>\n<p>1 Magnetverschluss<\/p>\n<p>2 seitliche Druckkn\u00f6pfe<\/p>\n<p>Griffe 65 cm lang<\/p>\n<p>braunes Innenfutter mit 1 Steckfach und 1 Rei\u00dfverschlussfach<\/p>\n<p>Weite 60 cm, H\u00f6he 30 cm <\/p>\n","protected":false},"excerpt":{"rendered":"<p>braunes Wildleder kombiniert mit braunen Echtleder in Krokooptik goldene Beschl\u00e4ge 1 Magnetverschluss 2 seitliche Druckkn\u00f6pfe Griffe 65 cm lang braunes Innenfutter mit 1 Steckfach und 1 Rei\u00dfverschlussfach Weite 60 cm, H\u00f6he 30 cm<\/p>\n","protected":false},"featured_media":5638,"comment_status":"open","ping_status":"closed","template":"","meta":[],"product_brand":[],"product_cat":[84,95,97,94],"product_tag":[90,106,89],"class_list":{"0":"post-5637","1":"product","2":"type-product","3":"status-publish","4":"has-post-thumbnail","6":"product_cat-handtaschen","7":"product_cat-henkeltaschen","8":"product_cat-shopper","9":"product_cat-umhaengetaschen","10":"product_tag-handtasche","11":"product_tag-henkeltaschen","12":"product_tag-tasche","14":"first","15":"instock","16":"featured","17":"sold-individually","18":"taxable","19":"shipping-taxable","20":"purchasable","21":"product-type-simple"},"_links":{"self":[{"href":"https:\/\/www.noe64.de\/shop\/wp-json\/wp\/v2\/product\/5637","targetHints":{"allow":["GET"]}}],"collection":[{"href":"https:\/\/www.noe64.de\/shop\/wp-json\/wp\/v2\/product"}],"about":[{"href":"https:\/\/www.noe64.de\/shop\/wp-json\/wp\/v2\/types\/product"}],"replies":[{"embeddable":true,"href":"https:\/\/www.noe64.de\/shop\/wp-json\/wp\/v2\/comments?post=5637"}],"wp:featuredmedia":[{"embeddable":true,"href":"https:\/\/www.noe64.de\/shop\/wp-json\/wp\/v2\/media\/5638"}],"wp:attachment":[{"href":"https:\/\/www.noe64.de\/shop\/wp-json\/wp\/v2\/media?parent=5637"}],"wp:term":[{"taxonomy":"product_brand","embeddable":true,"href":"https:\/\/www.noe64.de\/shop\/wp-json\/wp\/v2\/product_brand?post=5637"},{"taxonomy":"product_cat","embeddable":true,"href":"https:\/\/www.noe64.de\/shop\/wp-json\/wp\/v2\/product_cat?post=5637"},{"taxonomy":"product_tag","embeddable":true,"href":"https:\/\/www.noe64.de\/shop\/wp-json\/wp\/v2\/product_tag?post=5637"}],"curies":[{"name":"wp","href":"https:\/\/api.w.org\/{rel}","templated":true}]}}