{"id":5683,"date":"2025-02-12T13:35:13","date_gmt":"2025-02-12T12:35:13","guid":{"rendered":"https:\/\/www.noe64.de\/shop\/?post_type=product&#038;p=5683"},"modified":"2025-02-21T14:19:48","modified_gmt":"2025-02-21T13:19:48","slug":"angelina-2625","status":"publish","type":"product","link":"https:\/\/www.noe64.de\/shop\/produkt\/angelina-2625\/","title":{"rendered":"Angelina 2625"},"content":{"rendered":"<p>hellblaues Wildleder kombiniert mit braunen Echtleder in Krokooptik <\/p>\n<p>goldene Beschl\u00e4ge <\/p>\n<p>3 Magnetverschl\u00fcsse<\/p>\n<p>Griffe 65 cm lang<\/p>\n<p>blaues Innenfutter mit 1 Steckfach und 1 Rei\u00dfverschlussfach<\/p>\n<p>Weite 60 cm, H\u00f6he 30 cm <\/p>\n","protected":false},"excerpt":{"rendered":"<p>hellblaues Wildleder kombiniert mit braunen Echtleder in Krokooptik goldene Beschl\u00e4ge 3 Magnetverschl\u00fcsse Griffe 65 cm lang blaues Innenfutter mit 1 Steckfach und 1 Rei\u00dfverschlussfach Weite 60 cm, H\u00f6he 30 cm<\/p>\n","protected":false},"featured_media":5684,"comment_status":"open","ping_status":"closed","template":"","meta":[],"product_brand":[],"product_cat":[122],"product_tag":[90,106,89],"class_list":{"0":"post-5683","1":"product","2":"type-product","3":"status-publish","4":"has-post-thumbnail","6":"product_cat-archiv","7":"product_tag-handtasche","8":"product_tag-henkeltaschen","9":"product_tag-tasche","11":"first","12":"outofstock","13":"featured","14":"sold-individually","15":"taxable","16":"shipping-taxable","17":"purchasable","18":"product-type-simple"},"_links":{"self":[{"href":"https:\/\/www.noe64.de\/shop\/wp-json\/wp\/v2\/product\/5683","targetHints":{"allow":["GET"]}}],"collection":[{"href":"https:\/\/www.noe64.de\/shop\/wp-json\/wp\/v2\/product"}],"about":[{"href":"https:\/\/www.noe64.de\/shop\/wp-json\/wp\/v2\/types\/product"}],"replies":[{"embeddable":true,"href":"https:\/\/www.noe64.de\/shop\/wp-json\/wp\/v2\/comments?post=5683"}],"wp:featuredmedia":[{"embeddable":true,"href":"https:\/\/www.noe64.de\/shop\/wp-json\/wp\/v2\/media\/5684"}],"wp:attachment":[{"href":"https:\/\/www.noe64.de\/shop\/wp-json\/wp\/v2\/media?parent=5683"}],"wp:term":[{"taxonomy":"product_brand","embeddable":true,"href":"https:\/\/www.noe64.de\/shop\/wp-json\/wp\/v2\/product_brand?post=5683"},{"taxonomy":"product_cat","embeddable":true,"href":"https:\/\/www.noe64.de\/shop\/wp-json\/wp\/v2\/product_cat?post=5683"},{"taxonomy":"product_tag","embeddable":true,"href":"https:\/\/www.noe64.de\/shop\/wp-json\/wp\/v2\/product_tag?post=5683"}],"curies":[{"name":"wp","href":"https:\/\/api.w.org\/{rel}","templated":true}]}}