{"id":5729,"date":"2025-02-18T11:40:39","date_gmt":"2025-02-18T10:40:39","guid":{"rendered":"https:\/\/www.noe64.de\/shop\/?post_type=product&#038;p=5729"},"modified":"2025-06-14T13:39:53","modified_gmt":"2025-06-14T11:39:53","slug":"elizabeth-2631","status":"publish","type":"product","link":"https:\/\/www.noe64.de\/shop\/produkt\/elizabeth-2631\/","title":{"rendered":"Elizabeth 2631"},"content":{"rendered":"<p>beiges Echtleder in K\u00e4stchenoptik gesteppt<\/p>\n<p>rosa Innenfutter mit 1 Innenfach<\/p>\n<p>breiter, verstellbarer Tragegurt mit Karabinern<\/p>\n<p>Rei\u00dfverschluss<\/p>\n<p>33 cm breit x 18 cm H\u00f6he<\/p>\n","protected":false},"excerpt":{"rendered":"<p>beiges Echtleder in K\u00e4stchenoptik gesteppt rosa Innenfutter mit 1 Innenfach breiter, verstellbarer Tragegurt mit Karabinern Rei\u00dfverschluss 33 cm breit x 18 cm H\u00f6he<\/p>\n","protected":false},"featured_media":5730,"comment_status":"open","ping_status":"closed","template":"","meta":[],"product_brand":[],"product_cat":[122],"product_tag":[88,89],"class_list":{"0":"post-5729","1":"product","2":"type-product","3":"status-publish","4":"has-post-thumbnail","6":"product_cat-archiv","7":"product_tag-fahrrad","8":"product_tag-tasche","10":"first","11":"outofstock","12":"sold-individually","13":"taxable","14":"shipping-taxable","15":"purchasable","16":"product-type-simple"},"_links":{"self":[{"href":"https:\/\/www.noe64.de\/shop\/wp-json\/wp\/v2\/product\/5729","targetHints":{"allow":["GET"]}}],"collection":[{"href":"https:\/\/www.noe64.de\/shop\/wp-json\/wp\/v2\/product"}],"about":[{"href":"https:\/\/www.noe64.de\/shop\/wp-json\/wp\/v2\/types\/product"}],"replies":[{"embeddable":true,"href":"https:\/\/www.noe64.de\/shop\/wp-json\/wp\/v2\/comments?post=5729"}],"wp:featuredmedia":[{"embeddable":true,"href":"https:\/\/www.noe64.de\/shop\/wp-json\/wp\/v2\/media\/5730"}],"wp:attachment":[{"href":"https:\/\/www.noe64.de\/shop\/wp-json\/wp\/v2\/media?parent=5729"}],"wp:term":[{"taxonomy":"product_brand","embeddable":true,"href":"https:\/\/www.noe64.de\/shop\/wp-json\/wp\/v2\/product_brand?post=5729"},{"taxonomy":"product_cat","embeddable":true,"href":"https:\/\/www.noe64.de\/shop\/wp-json\/wp\/v2\/product_cat?post=5729"},{"taxonomy":"product_tag","embeddable":true,"href":"https:\/\/www.noe64.de\/shop\/wp-json\/wp\/v2\/product_tag?post=5729"}],"curies":[{"name":"wp","href":"https:\/\/api.w.org\/{rel}","templated":true}]}}