{"id":5771,"date":"2025-02-26T07:36:10","date_gmt":"2025-02-26T06:36:10","guid":{"rendered":"https:\/\/www.noe64.de\/shop\/?post_type=product&#038;p=5771"},"modified":"2025-09-20T18:56:39","modified_gmt":"2025-09-20T16:56:39","slug":"angelina-2636","status":"publish","type":"product","link":"https:\/\/www.noe64.de\/shop\/produkt\/angelina-2636\/","title":{"rendered":"Angelina 2636"},"content":{"rendered":"<p>Wildlederin in Camel kombiniert mit beigen Echtleder <\/p>\n<p>goldene Beschl\u00e4ge <\/p>\n<p>1 Magnetverschluss, 2 Druckkn\u00f6pfe<\/p>\n<p>Griffe 65 cm lang<\/p>\n<p>camelfarbenes Innenfutter mit 1 Steckfach <\/p>\n<p>Weite 60 cm, H\u00f6he 30 cm <\/p>\n","protected":false},"excerpt":{"rendered":"<p>Wildlederin in Camel kombiniert mit beigen Echtleder goldene Beschl\u00e4ge 1 Magnetverschluss, 2 Druckkn\u00f6pfe Griffe 65 cm lang camelfarbenes Innenfutter mit 1 Steckfach Weite 60 cm, H\u00f6he 30 cm<\/p>\n","protected":false},"featured_media":5772,"comment_status":"open","ping_status":"closed","template":"","meta":[],"product_brand":[],"product_cat":[122],"product_tag":[90,106,89],"class_list":{"0":"post-5771","1":"product","2":"type-product","3":"status-publish","4":"has-post-thumbnail","6":"product_cat-archiv","7":"product_tag-handtasche","8":"product_tag-henkeltaschen","9":"product_tag-tasche","11":"first","12":"outofstock","13":"featured","14":"sold-individually","15":"taxable","16":"shipping-taxable","17":"purchasable","18":"product-type-simple"},"_links":{"self":[{"href":"https:\/\/www.noe64.de\/shop\/wp-json\/wp\/v2\/product\/5771","targetHints":{"allow":["GET"]}}],"collection":[{"href":"https:\/\/www.noe64.de\/shop\/wp-json\/wp\/v2\/product"}],"about":[{"href":"https:\/\/www.noe64.de\/shop\/wp-json\/wp\/v2\/types\/product"}],"replies":[{"embeddable":true,"href":"https:\/\/www.noe64.de\/shop\/wp-json\/wp\/v2\/comments?post=5771"}],"wp:featuredmedia":[{"embeddable":true,"href":"https:\/\/www.noe64.de\/shop\/wp-json\/wp\/v2\/media\/5772"}],"wp:attachment":[{"href":"https:\/\/www.noe64.de\/shop\/wp-json\/wp\/v2\/media?parent=5771"}],"wp:term":[{"taxonomy":"product_brand","embeddable":true,"href":"https:\/\/www.noe64.de\/shop\/wp-json\/wp\/v2\/product_brand?post=5771"},{"taxonomy":"product_cat","embeddable":true,"href":"https:\/\/www.noe64.de\/shop\/wp-json\/wp\/v2\/product_cat?post=5771"},{"taxonomy":"product_tag","embeddable":true,"href":"https:\/\/www.noe64.de\/shop\/wp-json\/wp\/v2\/product_tag?post=5771"}],"curies":[{"name":"wp","href":"https:\/\/api.w.org\/{rel}","templated":true}]}}