{"id":5789,"date":"2025-03-03T10:15:43","date_gmt":"2025-03-03T09:15:43","guid":{"rendered":"https:\/\/www.noe64.de\/shop\/?post_type=product&#038;p=5789"},"modified":"2025-11-15T20:33:01","modified_gmt":"2025-11-15T19:33:01","slug":"marylin-2638","status":"publish","type":"product","link":"https:\/\/www.noe64.de\/shop\/produkt\/marylin-2638\/","title":{"rendered":"Marylin 2638"},"content":{"rendered":"<p>beige meliertes Echtleder<\/p>\n<p>goldene Beschl\u00e4ge <\/p>\n<p>Rei\u00dfverschluss<\/p>\n<p>Rei\u00dfverschlussfach auf der R\u00fcckseite<\/p>\n<p>Griffe 54 cm lang<\/p>\n<p>seitliche Strippen zur Weitenregulierung<\/p>\n<p>beiges Innenfutter mit 1 unterteilten Steckfach<\/p>\n<p>Weite 46 cm, H\u00f6he 26 cm <\/p>\n","protected":false},"excerpt":{"rendered":"<p>beige meliertes Echtleder goldene Beschl\u00e4ge Rei\u00dfverschluss Rei\u00dfverschlussfach auf der R\u00fcckseite Griffe 54 cm lang seitliche Strippen zur Weitenregulierung beiges Innenfutter mit 1 unterteilten Steckfach Weite 46 cm, H\u00f6he 26 cm<\/p>\n","protected":false},"featured_media":5790,"comment_status":"open","ping_status":"closed","template":"","meta":[],"product_brand":[],"product_cat":[122],"product_tag":[90,106,89],"class_list":{"0":"post-5789","1":"product","2":"type-product","3":"status-publish","4":"has-post-thumbnail","6":"product_cat-archiv","7":"product_tag-handtasche","8":"product_tag-henkeltaschen","9":"product_tag-tasche","11":"first","12":"outofstock","13":"featured","14":"sold-individually","15":"taxable","16":"shipping-taxable","17":"purchasable","18":"product-type-simple"},"_links":{"self":[{"href":"https:\/\/www.noe64.de\/shop\/wp-json\/wp\/v2\/product\/5789","targetHints":{"allow":["GET"]}}],"collection":[{"href":"https:\/\/www.noe64.de\/shop\/wp-json\/wp\/v2\/product"}],"about":[{"href":"https:\/\/www.noe64.de\/shop\/wp-json\/wp\/v2\/types\/product"}],"replies":[{"embeddable":true,"href":"https:\/\/www.noe64.de\/shop\/wp-json\/wp\/v2\/comments?post=5789"}],"wp:featuredmedia":[{"embeddable":true,"href":"https:\/\/www.noe64.de\/shop\/wp-json\/wp\/v2\/media\/5790"}],"wp:attachment":[{"href":"https:\/\/www.noe64.de\/shop\/wp-json\/wp\/v2\/media?parent=5789"}],"wp:term":[{"taxonomy":"product_brand","embeddable":true,"href":"https:\/\/www.noe64.de\/shop\/wp-json\/wp\/v2\/product_brand?post=5789"},{"taxonomy":"product_cat","embeddable":true,"href":"https:\/\/www.noe64.de\/shop\/wp-json\/wp\/v2\/product_cat?post=5789"},{"taxonomy":"product_tag","embeddable":true,"href":"https:\/\/www.noe64.de\/shop\/wp-json\/wp\/v2\/product_tag?post=5789"}],"curies":[{"name":"wp","href":"https:\/\/api.w.org\/{rel}","templated":true}]}}