{"id":5946,"date":"2025-03-25T14:07:26","date_gmt":"2025-03-25T13:07:26","guid":{"rendered":"https:\/\/www.noe64.de\/shop\/?post_type=product&#038;p=5946"},"modified":"2025-09-15T12:11:35","modified_gmt":"2025-09-15T10:11:35","slug":"mallory-big-2649","status":"publish","type":"product","link":"https:\/\/www.noe64.de\/shop\/produkt\/mallory-big-2649\/","title":{"rendered":"Mallory big 2649"},"content":{"rendered":"<p>curryfarbenes Echtleder in Krokooptik<\/p>\n<p>goldene Beschl\u00e4ge<\/p>\n<p>hellbeiges Echtleder Innenfutter mit 1 Steckfach<\/p>\n<p>verst\u00e4rkter Boden mit Schmutzf\u00fc\u00dfchen<\/p>\n<p>Handtaschenorganizer aus Filz<\/p>\n<p>Griffl\u00e4nge 52 cm<\/p>\n<p>Schloss mit Schl\u00fcssel und Etui<\/p>\n<p>Weite 34 cm, H\u00f6he 25 cm Tiefe 18 cm<\/p>\n<p>Die Weite oben kann mit dem Zugband variiert werden<\/p>\n","protected":false},"excerpt":{"rendered":"<p>curryfarbenes Echtleder in Krokooptik goldene Beschl\u00e4ge hellbeiges Echtleder Innenfutter mit 1 Steckfach verst\u00e4rkter Boden mit Schmutzf\u00fc\u00dfchen Handtaschenorganizer aus Filz Griffl\u00e4nge 52 cm Schloss mit Schl\u00fcssel und Etui Weite 34 cm, H\u00f6he 25 cm Tiefe 18 cm Die Weite oben kann mit dem Zugband variiert werden<\/p>\n","protected":false},"featured_media":5947,"comment_status":"open","ping_status":"closed","template":"","meta":[],"product_brand":[],"product_cat":[122],"product_tag":[90,106,89],"class_list":{"0":"post-5946","1":"product","2":"type-product","3":"status-publish","4":"has-post-thumbnail","6":"product_cat-archiv","7":"product_tag-handtasche","8":"product_tag-henkeltaschen","9":"product_tag-tasche","11":"first","12":"outofstock","13":"featured","14":"sold-individually","15":"taxable","16":"shipping-taxable","17":"purchasable","18":"product-type-simple"},"_links":{"self":[{"href":"https:\/\/www.noe64.de\/shop\/wp-json\/wp\/v2\/product\/5946","targetHints":{"allow":["GET"]}}],"collection":[{"href":"https:\/\/www.noe64.de\/shop\/wp-json\/wp\/v2\/product"}],"about":[{"href":"https:\/\/www.noe64.de\/shop\/wp-json\/wp\/v2\/types\/product"}],"replies":[{"embeddable":true,"href":"https:\/\/www.noe64.de\/shop\/wp-json\/wp\/v2\/comments?post=5946"}],"wp:featuredmedia":[{"embeddable":true,"href":"https:\/\/www.noe64.de\/shop\/wp-json\/wp\/v2\/media\/5947"}],"wp:attachment":[{"href":"https:\/\/www.noe64.de\/shop\/wp-json\/wp\/v2\/media?parent=5946"}],"wp:term":[{"taxonomy":"product_brand","embeddable":true,"href":"https:\/\/www.noe64.de\/shop\/wp-json\/wp\/v2\/product_brand?post=5946"},{"taxonomy":"product_cat","embeddable":true,"href":"https:\/\/www.noe64.de\/shop\/wp-json\/wp\/v2\/product_cat?post=5946"},{"taxonomy":"product_tag","embeddable":true,"href":"https:\/\/www.noe64.de\/shop\/wp-json\/wp\/v2\/product_tag?post=5946"}],"curies":[{"name":"wp","href":"https:\/\/api.w.org\/{rel}","templated":true}]}}