{"id":5956,"date":"2025-03-25T14:10:56","date_gmt":"2025-03-25T13:10:56","guid":{"rendered":"https:\/\/www.noe64.de\/shop\/?post_type=product&#038;p=5956"},"modified":"2026-03-14T19:48:14","modified_gmt":"2026-03-14T18:48:14","slug":"katherine-petite-2650","status":"publish","type":"product","link":"https:\/\/www.noe64.de\/shop\/produkt\/katherine-petite-2650\/","title":{"rendered":"Katherine petite 2650"},"content":{"rendered":"<p>curryfarbenes Echtleder in Krokooptik <\/p>\n<p>goldene Beschl\u00e4ge <\/p>\n<p>Klappe mir Klappverschluss<\/p>\n<p>Ledergriff 20 cm lang<\/p>\n<p>goldene Tr\u00e4gerkette<\/p>\n<p>oranges Innenfutter mit 1 Steckfach<\/p>\n<p>Weite 21 cm, H\u00f6he 16 cm Tiefe 10 cm<\/p>\n","protected":false},"excerpt":{"rendered":"<p>curryfarbenes Echtleder in Krokooptik goldene Beschl\u00e4ge Klappe mir Klappverschluss Ledergriff 20 cm lang goldene Tr\u00e4gerkette oranges Innenfutter mit 1 Steckfach Weite 21 cm, H\u00f6he 16 cm Tiefe 10 cm<\/p>\n","protected":false},"featured_media":7069,"comment_status":"open","ping_status":"closed","template":"","meta":[],"product_brand":[],"product_cat":[122],"product_tag":[90,106,89],"class_list":{"0":"post-5956","1":"product","2":"type-product","3":"status-publish","4":"has-post-thumbnail","6":"product_cat-archiv","7":"product_tag-handtasche","8":"product_tag-henkeltaschen","9":"product_tag-tasche","11":"first","12":"outofstock","13":"featured","14":"sold-individually","15":"taxable","16":"shipping-taxable","17":"purchasable","18":"product-type-simple"},"_links":{"self":[{"href":"https:\/\/www.noe64.de\/shop\/wp-json\/wp\/v2\/product\/5956","targetHints":{"allow":["GET"]}}],"collection":[{"href":"https:\/\/www.noe64.de\/shop\/wp-json\/wp\/v2\/product"}],"about":[{"href":"https:\/\/www.noe64.de\/shop\/wp-json\/wp\/v2\/types\/product"}],"replies":[{"embeddable":true,"href":"https:\/\/www.noe64.de\/shop\/wp-json\/wp\/v2\/comments?post=5956"}],"wp:featuredmedia":[{"embeddable":true,"href":"https:\/\/www.noe64.de\/shop\/wp-json\/wp\/v2\/media\/7069"}],"wp:attachment":[{"href":"https:\/\/www.noe64.de\/shop\/wp-json\/wp\/v2\/media?parent=5956"}],"wp:term":[{"taxonomy":"product_brand","embeddable":true,"href":"https:\/\/www.noe64.de\/shop\/wp-json\/wp\/v2\/product_brand?post=5956"},{"taxonomy":"product_cat","embeddable":true,"href":"https:\/\/www.noe64.de\/shop\/wp-json\/wp\/v2\/product_cat?post=5956"},{"taxonomy":"product_tag","embeddable":true,"href":"https:\/\/www.noe64.de\/shop\/wp-json\/wp\/v2\/product_tag?post=5956"}],"curies":[{"name":"wp","href":"https:\/\/api.w.org\/{rel}","templated":true}]}}