{"id":6279,"date":"2025-05-16T07:34:29","date_gmt":"2025-05-16T05:34:29","guid":{"rendered":"https:\/\/www.noe64.de\/shop\/?post_type=product&#038;p=6279"},"modified":"2025-08-19T07:45:37","modified_gmt":"2025-08-19T05:45:37","slug":"angelina-2630-kopie","status":"publish","type":"product","link":"https:\/\/www.noe64.de\/shop\/produkt\/angelina-2630-kopie\/","title":{"rendered":"Angelina 2664"},"content":{"rendered":"<p>gr\u00fcn meliertes Echtleder  <\/p>\n<p>goldene Beschl\u00e4ge <\/p>\n<p>1 Magnetverschluss, 2 seitliche Druckkn\u00f6pfe<\/p>\n<p>Griffe 65 cm lang<\/p>\n<p>beiges Innenfutter mit 1 Steckfach und 1 Rei\u00dfverschlussfach<\/p>\n<p>Weite 60 cm, H\u00f6he 30 cm <\/p>\n","protected":false},"excerpt":{"rendered":"<p>gr\u00fcn meliertes Echtleder goldene Beschl\u00e4ge 1 Magnetverschluss, 2 seitliche Druckkn\u00f6pfe Griffe 65 cm lang beiges Innenfutter mit 1 Steckfach und 1 Rei\u00dfverschlussfach Weite 60 cm, H\u00f6he 30 cm<\/p>\n","protected":false},"featured_media":6280,"comment_status":"open","ping_status":"closed","template":"","meta":[],"product_brand":[],"product_cat":[122],"product_tag":[90,106,89],"class_list":{"0":"post-6279","1":"product","2":"type-product","3":"status-publish","4":"has-post-thumbnail","6":"product_cat-archiv","7":"product_tag-handtasche","8":"product_tag-henkeltaschen","9":"product_tag-tasche","11":"first","12":"outofstock","13":"featured","14":"sold-individually","15":"taxable","16":"shipping-taxable","17":"purchasable","18":"product-type-simple"},"_links":{"self":[{"href":"https:\/\/www.noe64.de\/shop\/wp-json\/wp\/v2\/product\/6279","targetHints":{"allow":["GET"]}}],"collection":[{"href":"https:\/\/www.noe64.de\/shop\/wp-json\/wp\/v2\/product"}],"about":[{"href":"https:\/\/www.noe64.de\/shop\/wp-json\/wp\/v2\/types\/product"}],"replies":[{"embeddable":true,"href":"https:\/\/www.noe64.de\/shop\/wp-json\/wp\/v2\/comments?post=6279"}],"wp:featuredmedia":[{"embeddable":true,"href":"https:\/\/www.noe64.de\/shop\/wp-json\/wp\/v2\/media\/6280"}],"wp:attachment":[{"href":"https:\/\/www.noe64.de\/shop\/wp-json\/wp\/v2\/media?parent=6279"}],"wp:term":[{"taxonomy":"product_brand","embeddable":true,"href":"https:\/\/www.noe64.de\/shop\/wp-json\/wp\/v2\/product_brand?post=6279"},{"taxonomy":"product_cat","embeddable":true,"href":"https:\/\/www.noe64.de\/shop\/wp-json\/wp\/v2\/product_cat?post=6279"},{"taxonomy":"product_tag","embeddable":true,"href":"https:\/\/www.noe64.de\/shop\/wp-json\/wp\/v2\/product_tag?post=6279"}],"curies":[{"name":"wp","href":"https:\/\/api.w.org\/{rel}","templated":true}]}}