{"id":6435,"date":"2025-07-29T13:31:42","date_gmt":"2025-07-29T11:31:42","guid":{"rendered":"https:\/\/www.noe64.de\/shop\/?post_type=product&#038;p=6435"},"modified":"2025-08-29T07:37:20","modified_gmt":"2025-08-29T05:37:20","slug":"mia-2674","status":"publish","type":"product","link":"https:\/\/www.noe64.de\/shop\/produkt\/mia-2674\/","title":{"rendered":"Mia 2674"},"content":{"rendered":"<p>rosa gepr\u00e4gtes Echtleder kombiniert mit rosa Glattleder <\/p>\n<p>goldene Beschl\u00e4ge <\/p>\n<p>2 Wege-Rei\u00dfverschluss<\/p>\n<p>Ledergriffe 30 cm lang<\/p>\n<p>verstellbarer Gurt<\/p>\n<p>meliertes Innenfutter mit 1 Steckfach<\/p>\n<p>Weite 31 cm, H\u00f6he 19 cm <\/p>\n","protected":false},"excerpt":{"rendered":"<p>rosa gepr\u00e4gtes Echtleder kombiniert mit rosa Glattleder goldene Beschl\u00e4ge 2 Wege-Rei\u00dfverschluss Ledergriffe 30 cm lang verstellbarer Gurt meliertes Innenfutter mit 1 Steckfach Weite 31 cm, H\u00f6he 19 cm<\/p>\n","protected":false},"featured_media":6436,"comment_status":"open","ping_status":"closed","template":"","meta":[],"product_brand":[],"product_cat":[84,122],"product_tag":[90,106,89],"class_list":{"0":"post-6435","1":"product","2":"type-product","3":"status-publish","4":"has-post-thumbnail","6":"product_cat-handtaschen","7":"product_cat-archiv","8":"product_tag-handtasche","9":"product_tag-henkeltaschen","10":"product_tag-tasche","12":"first","13":"outofstock","14":"featured","15":"sold-individually","16":"taxable","17":"shipping-taxable","18":"purchasable","19":"product-type-simple"},"_links":{"self":[{"href":"https:\/\/www.noe64.de\/shop\/wp-json\/wp\/v2\/product\/6435","targetHints":{"allow":["GET"]}}],"collection":[{"href":"https:\/\/www.noe64.de\/shop\/wp-json\/wp\/v2\/product"}],"about":[{"href":"https:\/\/www.noe64.de\/shop\/wp-json\/wp\/v2\/types\/product"}],"replies":[{"embeddable":true,"href":"https:\/\/www.noe64.de\/shop\/wp-json\/wp\/v2\/comments?post=6435"}],"wp:featuredmedia":[{"embeddable":true,"href":"https:\/\/www.noe64.de\/shop\/wp-json\/wp\/v2\/media\/6436"}],"wp:attachment":[{"href":"https:\/\/www.noe64.de\/shop\/wp-json\/wp\/v2\/media?parent=6435"}],"wp:term":[{"taxonomy":"product_brand","embeddable":true,"href":"https:\/\/www.noe64.de\/shop\/wp-json\/wp\/v2\/product_brand?post=6435"},{"taxonomy":"product_cat","embeddable":true,"href":"https:\/\/www.noe64.de\/shop\/wp-json\/wp\/v2\/product_cat?post=6435"},{"taxonomy":"product_tag","embeddable":true,"href":"https:\/\/www.noe64.de\/shop\/wp-json\/wp\/v2\/product_tag?post=6435"}],"curies":[{"name":"wp","href":"https:\/\/api.w.org\/{rel}","templated":true}]}}