{"id":6461,"date":"2025-08-02T08:56:48","date_gmt":"2025-08-02T06:56:48","guid":{"rendered":"https:\/\/www.noe64.de\/shop\/?post_type=product&#038;p=6461"},"modified":"2025-11-20T06:45:39","modified_gmt":"2025-11-20T05:45:39","slug":"ellen-2677","status":"publish","type":"product","link":"https:\/\/www.noe64.de\/shop\/produkt\/ellen-2677\/","title":{"rendered":"Ellen 2677"},"content":{"rendered":"<p>kittfarbenes Echtleder  <\/p>\n<p>silberne Beschl\u00e4ge <\/p>\n<p>Klappe mit Drehverschluss<\/p>\n<p>Ledergriff 21 cm lang<\/p>\n<p>Tr\u00e4gerkette<\/p>\n<p>beiges Innenfutter mit 1 Steckfach<\/p>\n<p>Weite 25 cm, H\u00f6he 13 cm Tiefe 13 cm<\/p>\n","protected":false},"excerpt":{"rendered":"<p>kittfarbenes Echtleder silberne Beschl\u00e4ge Klappe mit Drehverschluss Ledergriff 21 cm lang Tr\u00e4gerkette beiges Innenfutter mit 1 Steckfach Weite 25 cm, H\u00f6he 13 cm Tiefe 13 cm<\/p>\n","protected":false},"featured_media":6462,"comment_status":"open","ping_status":"closed","template":"","meta":[],"product_brand":[],"product_cat":[122],"product_tag":[90,106,89],"class_list":{"0":"post-6461","1":"product","2":"type-product","3":"status-publish","4":"has-post-thumbnail","6":"product_cat-archiv","7":"product_tag-handtasche","8":"product_tag-henkeltaschen","9":"product_tag-tasche","11":"first","12":"outofstock","13":"featured","14":"sold-individually","15":"taxable","16":"shipping-taxable","17":"purchasable","18":"product-type-simple"},"_links":{"self":[{"href":"https:\/\/www.noe64.de\/shop\/wp-json\/wp\/v2\/product\/6461","targetHints":{"allow":["GET"]}}],"collection":[{"href":"https:\/\/www.noe64.de\/shop\/wp-json\/wp\/v2\/product"}],"about":[{"href":"https:\/\/www.noe64.de\/shop\/wp-json\/wp\/v2\/types\/product"}],"replies":[{"embeddable":true,"href":"https:\/\/www.noe64.de\/shop\/wp-json\/wp\/v2\/comments?post=6461"}],"wp:featuredmedia":[{"embeddable":true,"href":"https:\/\/www.noe64.de\/shop\/wp-json\/wp\/v2\/media\/6462"}],"wp:attachment":[{"href":"https:\/\/www.noe64.de\/shop\/wp-json\/wp\/v2\/media?parent=6461"}],"wp:term":[{"taxonomy":"product_brand","embeddable":true,"href":"https:\/\/www.noe64.de\/shop\/wp-json\/wp\/v2\/product_brand?post=6461"},{"taxonomy":"product_cat","embeddable":true,"href":"https:\/\/www.noe64.de\/shop\/wp-json\/wp\/v2\/product_cat?post=6461"},{"taxonomy":"product_tag","embeddable":true,"href":"https:\/\/www.noe64.de\/shop\/wp-json\/wp\/v2\/product_tag?post=6461"}],"curies":[{"name":"wp","href":"https:\/\/api.w.org\/{rel}","templated":true}]}}