{"id":6498,"date":"2025-08-06T11:01:47","date_gmt":"2025-08-06T09:01:47","guid":{"rendered":"https:\/\/www.noe64.de\/shop\/?post_type=product&#038;p=6498"},"modified":"2026-01-20T16:42:06","modified_gmt":"2026-01-20T15:42:06","slug":"grace-2680","status":"publish","type":"product","link":"https:\/\/www.noe64.de\/shop\/produkt\/grace-2680\/","title":{"rendered":"Grace 2680"},"content":{"rendered":"<p>bronzefarbenes Echtleder in Krokooptik<\/p>\n<p>goldene Beschl\u00e4ge<\/p>\n<p>beiges Echtlederfutter mit 1 Steckfach<\/p>\n<p>verst\u00e4rkter Boden mit Schmutzf\u00fc\u00dfchen<\/p>\n<p>Griffl\u00e4nge 33 cm<\/p>\n<p>verstellbarer Gurt<\/p>\n<p>Weite 29 cm, H\u00f6he 22 cm Tiefe 12 cm<\/p>\n<p>Die Weite oben kann mit dem Zugband variiert werden<\/p>\n","protected":false},"excerpt":{"rendered":"<p>Lederhandtasche Grace<\/p>\n","protected":false},"featured_media":7103,"comment_status":"open","ping_status":"closed","template":"","meta":[],"product_brand":[],"product_cat":[98,95,94],"product_tag":[90,106,89],"class_list":{"0":"post-6498","1":"product","2":"type-product","3":"status-publish","4":"has-post-thumbnail","6":"product_cat-abendhandtaschen","7":"product_cat-henkeltaschen","8":"product_cat-umhaengetaschen","9":"product_tag-handtasche","10":"product_tag-henkeltaschen","11":"product_tag-tasche","13":"first","14":"instock","15":"featured","16":"sold-individually","17":"taxable","18":"shipping-taxable","19":"purchasable","20":"product-type-simple"},"_links":{"self":[{"href":"https:\/\/www.noe64.de\/shop\/wp-json\/wp\/v2\/product\/6498","targetHints":{"allow":["GET"]}}],"collection":[{"href":"https:\/\/www.noe64.de\/shop\/wp-json\/wp\/v2\/product"}],"about":[{"href":"https:\/\/www.noe64.de\/shop\/wp-json\/wp\/v2\/types\/product"}],"replies":[{"embeddable":true,"href":"https:\/\/www.noe64.de\/shop\/wp-json\/wp\/v2\/comments?post=6498"}],"wp:featuredmedia":[{"embeddable":true,"href":"https:\/\/www.noe64.de\/shop\/wp-json\/wp\/v2\/media\/7103"}],"wp:attachment":[{"href":"https:\/\/www.noe64.de\/shop\/wp-json\/wp\/v2\/media?parent=6498"}],"wp:term":[{"taxonomy":"product_brand","embeddable":true,"href":"https:\/\/www.noe64.de\/shop\/wp-json\/wp\/v2\/product_brand?post=6498"},{"taxonomy":"product_cat","embeddable":true,"href":"https:\/\/www.noe64.de\/shop\/wp-json\/wp\/v2\/product_cat?post=6498"},{"taxonomy":"product_tag","embeddable":true,"href":"https:\/\/www.noe64.de\/shop\/wp-json\/wp\/v2\/product_tag?post=6498"}],"curies":[{"name":"wp","href":"https:\/\/api.w.org\/{rel}","templated":true}]}}