{"id":6626,"date":"2025-09-16T14:43:29","date_gmt":"2025-09-16T12:43:29","guid":{"rendered":"https:\/\/www.noe64.de\/shop\/?post_type=product&#038;p=6626"},"modified":"2025-09-29T10:37:19","modified_gmt":"2025-09-29T08:37:19","slug":"cameron-2693","status":"publish","type":"product","link":"https:\/\/www.noe64.de\/shop\/produkt\/cameron-2693\/","title":{"rendered":"Babra 2693"},"content":{"rendered":"<p>dunkelbraunes Echtleder in Krokooptik <\/p>\n<p>goldene Beschl\u00e4ge <\/p>\n<p>Ledergriffe 38 cm lang<\/p>\n<p>verstellbarer Gurt<\/p>\n<p>Bodenf\u00fc\u00dfchen<\/p>\n<p>schwarzes Innenfutter mit 1 Steckfach<\/p>\n<p>Weite 24 cm, H\u00f6he 21 cm Tiefe 16 cm<\/p>\n","protected":false},"excerpt":{"rendered":"<p>dunkelbraunes Echtleder in Krokooptik goldene Beschl\u00e4ge Ledergriffe 38 cm lang verstellbarer Gurt Bodenf\u00fc\u00dfchen schwarzes Innenfutter mit 1 Steckfach Weite 24 cm, H\u00f6he 21 cm Tiefe 16 cm<\/p>\n","protected":false},"featured_media":6627,"comment_status":"open","ping_status":"closed","template":"","meta":[],"product_brand":[],"product_cat":[122],"product_tag":[90,106,89],"class_list":{"0":"post-6626","1":"product","2":"type-product","3":"status-publish","4":"has-post-thumbnail","6":"product_cat-archiv","7":"product_tag-handtasche","8":"product_tag-henkeltaschen","9":"product_tag-tasche","11":"first","12":"outofstock","13":"featured","14":"sold-individually","15":"taxable","16":"shipping-taxable","17":"purchasable","18":"product-type-simple"},"_links":{"self":[{"href":"https:\/\/www.noe64.de\/shop\/wp-json\/wp\/v2\/product\/6626","targetHints":{"allow":["GET"]}}],"collection":[{"href":"https:\/\/www.noe64.de\/shop\/wp-json\/wp\/v2\/product"}],"about":[{"href":"https:\/\/www.noe64.de\/shop\/wp-json\/wp\/v2\/types\/product"}],"replies":[{"embeddable":true,"href":"https:\/\/www.noe64.de\/shop\/wp-json\/wp\/v2\/comments?post=6626"}],"wp:featuredmedia":[{"embeddable":true,"href":"https:\/\/www.noe64.de\/shop\/wp-json\/wp\/v2\/media\/6627"}],"wp:attachment":[{"href":"https:\/\/www.noe64.de\/shop\/wp-json\/wp\/v2\/media?parent=6626"}],"wp:term":[{"taxonomy":"product_brand","embeddable":true,"href":"https:\/\/www.noe64.de\/shop\/wp-json\/wp\/v2\/product_brand?post=6626"},{"taxonomy":"product_cat","embeddable":true,"href":"https:\/\/www.noe64.de\/shop\/wp-json\/wp\/v2\/product_cat?post=6626"},{"taxonomy":"product_tag","embeddable":true,"href":"https:\/\/www.noe64.de\/shop\/wp-json\/wp\/v2\/product_tag?post=6626"}],"curies":[{"name":"wp","href":"https:\/\/api.w.org\/{rel}","templated":true}]}}