{"id":6667,"date":"2025-09-22T13:20:12","date_gmt":"2025-09-22T11:20:12","guid":{"rendered":"https:\/\/www.noe64.de\/shop\/?post_type=product&#038;p=6667"},"modified":"2026-01-20T16:38:25","modified_gmt":"2026-01-20T15:38:25","slug":"coco-2697","status":"publish","type":"product","link":"https:\/\/www.noe64.de\/shop\/produkt\/coco-2697\/","title":{"rendered":"Coco 2697"},"content":{"rendered":"<p>schwarzes Echtleder in Snakeoptik <\/p>\n<p>silberne Beschl\u00e4ge <\/p>\n<p>Bodenf\u00fc\u00dfchen<\/p>\n<p>2 Wege Rei\u00dfverschluss<\/p>\n<p>Rei\u00dfverschlussfach auf der R\u00fcckseite<\/p>\n<p>Ledergriffe 43 cm lang<\/p>\n<p>verstellbarer Gurt<\/p>\n<p>Bodenf\u00fc\u00dfchen<\/p>\n<p>schwarzes Innenfutter mit 1 Steckfach<\/p>\n<p>Weite 37 cm, H\u00f6he 24 cm<\/p>\n","protected":false},"excerpt":{"rendered":"<p>schwarzes Echtleder in Snakeoptik silberne Beschl\u00e4ge Bodenf\u00fc\u00dfchen 2 Wege Rei\u00dfverschluss Rei\u00dfverschlussfach auf der R\u00fcckseite Ledergriffe 43 cm lang verstellbarer Gurt Bodenf\u00fc\u00dfchen schwarzes Innenfutter mit 1 Steckfach Weite 37 cm, H\u00f6he 24 cm<\/p>\n","protected":false},"featured_media":7101,"comment_status":"open","ping_status":"closed","template":"","meta":[],"product_brand":[],"product_cat":[84,95,97,94],"product_tag":[90,106,89],"class_list":{"0":"post-6667","1":"product","2":"type-product","3":"status-publish","4":"has-post-thumbnail","6":"product_cat-handtaschen","7":"product_cat-henkeltaschen","8":"product_cat-shopper","9":"product_cat-umhaengetaschen","10":"product_tag-handtasche","11":"product_tag-henkeltaschen","12":"product_tag-tasche","14":"first","15":"instock","16":"featured","17":"sold-individually","18":"taxable","19":"shipping-taxable","20":"purchasable","21":"product-type-simple"},"_links":{"self":[{"href":"https:\/\/www.noe64.de\/shop\/wp-json\/wp\/v2\/product\/6667","targetHints":{"allow":["GET"]}}],"collection":[{"href":"https:\/\/www.noe64.de\/shop\/wp-json\/wp\/v2\/product"}],"about":[{"href":"https:\/\/www.noe64.de\/shop\/wp-json\/wp\/v2\/types\/product"}],"replies":[{"embeddable":true,"href":"https:\/\/www.noe64.de\/shop\/wp-json\/wp\/v2\/comments?post=6667"}],"wp:featuredmedia":[{"embeddable":true,"href":"https:\/\/www.noe64.de\/shop\/wp-json\/wp\/v2\/media\/7101"}],"wp:attachment":[{"href":"https:\/\/www.noe64.de\/shop\/wp-json\/wp\/v2\/media?parent=6667"}],"wp:term":[{"taxonomy":"product_brand","embeddable":true,"href":"https:\/\/www.noe64.de\/shop\/wp-json\/wp\/v2\/product_brand?post=6667"},{"taxonomy":"product_cat","embeddable":true,"href":"https:\/\/www.noe64.de\/shop\/wp-json\/wp\/v2\/product_cat?post=6667"},{"taxonomy":"product_tag","embeddable":true,"href":"https:\/\/www.noe64.de\/shop\/wp-json\/wp\/v2\/product_tag?post=6667"}],"curies":[{"name":"wp","href":"https:\/\/api.w.org\/{rel}","templated":true}]}}