{"id":6755,"date":"2025-10-28T16:55:01","date_gmt":"2025-10-28T15:55:01","guid":{"rendered":"https:\/\/www.noe64.de\/shop\/?post_type=product&#038;p=6755"},"modified":"2026-01-19T17:16:36","modified_gmt":"2026-01-19T16:16:36","slug":"mallory-2702","status":"publish","type":"product","link":"https:\/\/www.noe64.de\/shop\/produkt\/mallory-2702\/","title":{"rendered":"Mallory smal 2702"},"content":{"rendered":"<p>Echtleder in Snake-Optik kombiniert mit wei\u00dfen Leder<\/p>\n<p>goldene Beschl\u00e4ge<\/p>\n<p>Echtleder Innenfutter in beige mit 1 unterteilten Steckfach<\/p>\n<p>verst\u00e4rkter Boden mit Schmutzf\u00fc\u00dfchen<\/p>\n<p>Griffl\u00e4nge 46 cm<\/p>\n<p>Schloss mit Schl\u00fcssel und Etui<\/p>\n<p>Weite 29 cm, H\u00f6he 22 cm Tiefe 15 cm<\/p>\n<p>Die Weite oben kann mit dem Zugband variiert werden<\/p>\n","protected":false},"excerpt":{"rendered":"<p>Gr\u00fcn\/Schwarze Lederhandtasche Grace<\/p>\n","protected":false},"featured_media":7079,"comment_status":"open","ping_status":"closed","template":"","meta":[],"product_brand":[],"product_cat":[98,84,95,97],"product_tag":[90,106,89],"class_list":{"0":"post-6755","1":"product","2":"type-product","3":"status-publish","4":"has-post-thumbnail","6":"product_cat-abendhandtaschen","7":"product_cat-handtaschen","8":"product_cat-henkeltaschen","9":"product_cat-shopper","10":"product_tag-handtasche","11":"product_tag-henkeltaschen","12":"product_tag-tasche","14":"first","15":"instock","16":"featured","17":"sold-individually","18":"taxable","19":"shipping-taxable","20":"purchasable","21":"product-type-simple"},"_links":{"self":[{"href":"https:\/\/www.noe64.de\/shop\/wp-json\/wp\/v2\/product\/6755","targetHints":{"allow":["GET"]}}],"collection":[{"href":"https:\/\/www.noe64.de\/shop\/wp-json\/wp\/v2\/product"}],"about":[{"href":"https:\/\/www.noe64.de\/shop\/wp-json\/wp\/v2\/types\/product"}],"replies":[{"embeddable":true,"href":"https:\/\/www.noe64.de\/shop\/wp-json\/wp\/v2\/comments?post=6755"}],"wp:featuredmedia":[{"embeddable":true,"href":"https:\/\/www.noe64.de\/shop\/wp-json\/wp\/v2\/media\/7079"}],"wp:attachment":[{"href":"https:\/\/www.noe64.de\/shop\/wp-json\/wp\/v2\/media?parent=6755"}],"wp:term":[{"taxonomy":"product_brand","embeddable":true,"href":"https:\/\/www.noe64.de\/shop\/wp-json\/wp\/v2\/product_brand?post=6755"},{"taxonomy":"product_cat","embeddable":true,"href":"https:\/\/www.noe64.de\/shop\/wp-json\/wp\/v2\/product_cat?post=6755"},{"taxonomy":"product_tag","embeddable":true,"href":"https:\/\/www.noe64.de\/shop\/wp-json\/wp\/v2\/product_tag?post=6755"}],"curies":[{"name":"wp","href":"https:\/\/api.w.org\/{rel}","templated":true}]}}