{"id":6762,"date":"2025-10-28T16:58:26","date_gmt":"2025-10-28T15:58:26","guid":{"rendered":"https:\/\/www.noe64.de\/shop\/?post_type=product&#038;p=6762"},"modified":"2026-01-10T08:21:03","modified_gmt":"2026-01-10T07:21:03","slug":"babra-2703","status":"publish","type":"product","link":"https:\/\/www.noe64.de\/shop\/produkt\/babra-2703\/","title":{"rendered":"Babra 2703"},"content":{"rendered":"<p>rosa Echtleder in 3-D-Druck kombiniert mit wei\u00dfen Leder <\/p>\n<p>goldene Beschl\u00e4ge <\/p>\n<p>Ledergriffe 38 cm lang<\/p>\n<p>verstellbarer Gurt<\/p>\n<p>Bodenf\u00fc\u00dfchen<\/p>\n<p>rosa Innenfutter mit 1 Steckfach<\/p>\n<p>Weite 24 cm, H\u00f6he 21 cm Tiefe 16 cm<\/p>\n","protected":false},"excerpt":{"rendered":"<p>rosa Echtleder in 3-D-Druck kombiniert mit wei\u00dfen Leder goldene Beschl\u00e4ge Ledergriffe 38 cm lang verstellbarer Gurt Bodenf\u00fc\u00dfchen rosa Innenfutter mit 1 Steckfach Weite 24 cm, H\u00f6he 21 cm Tiefe 16 cm<\/p>\n","protected":false},"featured_media":6763,"comment_status":"open","ping_status":"closed","template":"","meta":[],"product_brand":[],"product_cat":[84],"product_tag":[90,106,89],"class_list":{"0":"post-6762","1":"product","2":"type-product","3":"status-publish","4":"has-post-thumbnail","6":"product_cat-handtaschen","7":"product_tag-handtasche","8":"product_tag-henkeltaschen","9":"product_tag-tasche","11":"first","12":"outofstock","13":"featured","14":"sold-individually","15":"taxable","16":"shipping-taxable","17":"purchasable","18":"product-type-simple"},"_links":{"self":[{"href":"https:\/\/www.noe64.de\/shop\/wp-json\/wp\/v2\/product\/6762","targetHints":{"allow":["GET"]}}],"collection":[{"href":"https:\/\/www.noe64.de\/shop\/wp-json\/wp\/v2\/product"}],"about":[{"href":"https:\/\/www.noe64.de\/shop\/wp-json\/wp\/v2\/types\/product"}],"replies":[{"embeddable":true,"href":"https:\/\/www.noe64.de\/shop\/wp-json\/wp\/v2\/comments?post=6762"}],"wp:featuredmedia":[{"embeddable":true,"href":"https:\/\/www.noe64.de\/shop\/wp-json\/wp\/v2\/media\/6763"}],"wp:attachment":[{"href":"https:\/\/www.noe64.de\/shop\/wp-json\/wp\/v2\/media?parent=6762"}],"wp:term":[{"taxonomy":"product_brand","embeddable":true,"href":"https:\/\/www.noe64.de\/shop\/wp-json\/wp\/v2\/product_brand?post=6762"},{"taxonomy":"product_cat","embeddable":true,"href":"https:\/\/www.noe64.de\/shop\/wp-json\/wp\/v2\/product_cat?post=6762"},{"taxonomy":"product_tag","embeddable":true,"href":"https:\/\/www.noe64.de\/shop\/wp-json\/wp\/v2\/product_tag?post=6762"}],"curies":[{"name":"wp","href":"https:\/\/api.w.org\/{rel}","templated":true}]}}