{"id":6770,"date":"2025-10-30T14:32:42","date_gmt":"2025-10-30T13:32:42","guid":{"rendered":"https:\/\/www.noe64.de\/shop\/?post_type=product&#038;p=6770"},"modified":"2026-01-19T17:13:57","modified_gmt":"2026-01-19T16:13:57","slug":"grace-petite","status":"publish","type":"product","link":"https:\/\/www.noe64.de\/shop\/produkt\/grace-petite\/","title":{"rendered":"Grace  Petite 2704"},"content":{"rendered":"<p>wei\u00dfes Lack- Echtleder in Krokooptik kombiniert mit Leder in Snakeoptik<\/p>\n<p>goldene Beschl\u00e4ge<\/p>\n<p>beiges Echtlederfutter mit 1 Steckfach<\/p>\n<p>verst\u00e4rkter Boden mit Schmutzf\u00fc\u00dfchen<\/p>\n<p>Griffl\u00e4nge 33 cm<\/p>\n<p>Weite 24 cm, H\u00f6he 16 cm Tiefe 9 cm<\/p>\n<p>Die Weite oben kann mit dem Zugband variiert werden<br \/>\nDer dazu passende G\u00fcrtel kostet 49,- Euro<br \/>\nEr ist verstellbar bis ca 100 cm und kann auch oversized getragen werden<\/p>\n","protected":false},"excerpt":{"rendered":"<p>wei\u00dfes Lack- Echtleder in Krokooptik kombiniert mit Leder in Snakeoptik goldene Beschl\u00e4ge beiges Echtlederfutter mit 1 Steckfach verst\u00e4rkter Boden mit Schmutzf\u00fc\u00dfchen Griffl\u00e4nge 33 cm Weite 24 cm, H\u00f6he 16 cm Tiefe 9 cm Die Weite oben kann mit dem Zugband variiert werden Der dazu passende G\u00fcrtel kostet 49,- Euro Er ist verstellbar bis ca 100 [&#8230;]\n","protected":false},"featured_media":7080,"comment_status":"open","ping_status":"closed","template":"","meta":[],"product_brand":[],"product_cat":[98,100,84,95,94],"product_tag":[90,106,89],"class_list":{"0":"post-6770","1":"product","2":"type-product","3":"status-publish","4":"has-post-thumbnail","6":"product_cat-abendhandtaschen","7":"product_cat-accessoires","8":"product_cat-handtaschen","9":"product_cat-henkeltaschen","10":"product_cat-umhaengetaschen","11":"product_tag-handtasche","12":"product_tag-henkeltaschen","13":"product_tag-tasche","15":"first","16":"instock","17":"featured","18":"sold-individually","19":"taxable","20":"shipping-taxable","21":"purchasable","22":"product-type-simple"},"_links":{"self":[{"href":"https:\/\/www.noe64.de\/shop\/wp-json\/wp\/v2\/product\/6770","targetHints":{"allow":["GET"]}}],"collection":[{"href":"https:\/\/www.noe64.de\/shop\/wp-json\/wp\/v2\/product"}],"about":[{"href":"https:\/\/www.noe64.de\/shop\/wp-json\/wp\/v2\/types\/product"}],"replies":[{"embeddable":true,"href":"https:\/\/www.noe64.de\/shop\/wp-json\/wp\/v2\/comments?post=6770"}],"wp:featuredmedia":[{"embeddable":true,"href":"https:\/\/www.noe64.de\/shop\/wp-json\/wp\/v2\/media\/7080"}],"wp:attachment":[{"href":"https:\/\/www.noe64.de\/shop\/wp-json\/wp\/v2\/media?parent=6770"}],"wp:term":[{"taxonomy":"product_brand","embeddable":true,"href":"https:\/\/www.noe64.de\/shop\/wp-json\/wp\/v2\/product_brand?post=6770"},{"taxonomy":"product_cat","embeddable":true,"href":"https:\/\/www.noe64.de\/shop\/wp-json\/wp\/v2\/product_cat?post=6770"},{"taxonomy":"product_tag","embeddable":true,"href":"https:\/\/www.noe64.de\/shop\/wp-json\/wp\/v2\/product_tag?post=6770"}],"curies":[{"name":"wp","href":"https:\/\/api.w.org\/{rel}","templated":true}]}}