{"id":6805,"date":"2025-11-04T17:00:50","date_gmt":"2025-11-04T16:00:50","guid":{"rendered":"https:\/\/www.noe64.de\/shop\/?post_type=product&#038;p=6805"},"modified":"2026-01-19T17:12:21","modified_gmt":"2026-01-19T16:12:21","slug":"gina-2708","status":"publish","type":"product","link":"https:\/\/www.noe64.de\/shop\/produkt\/gina-2708\/","title":{"rendered":"Gina 2708"},"content":{"rendered":"<p>lindgr\u00fcnes Echtleder unterlegt mit Echtlederkreisen <\/p>\n<p>silberne Beschl\u00e4ge <\/p>\n<p>Griffe 42 cm lang<\/p>\n<p>verstellbarer Gurt<\/p>\n<p>Bodenf\u00fc\u00dfchen<\/p>\n<p>beiges Innenfutter mit 1 Steckfach<\/p>\n<p>Weite 33 cm, H\u00f6he 19 cm Tiefe 12 cm<\/p>\n","protected":false},"excerpt":{"rendered":"<p>lindgr\u00fcnes Echtleder unterlegt mit Echtlederkreisen silberne Beschl\u00e4ge Griffe 42 cm lang verstellbarer Gurt Bodenf\u00fc\u00dfchen beiges Innenfutter mit 1 Steckfach Weite 33 cm, H\u00f6he 19 cm Tiefe 12 cm<\/p>\n","protected":false},"featured_media":7078,"comment_status":"open","ping_status":"closed","template":"","meta":[],"product_brand":[],"product_cat":[84,95,97,94],"product_tag":[90,106,89],"class_list":{"0":"post-6805","1":"product","2":"type-product","3":"status-publish","4":"has-post-thumbnail","6":"product_cat-handtaschen","7":"product_cat-henkeltaschen","8":"product_cat-shopper","9":"product_cat-umhaengetaschen","10":"product_tag-handtasche","11":"product_tag-henkeltaschen","12":"product_tag-tasche","14":"first","15":"instock","16":"featured","17":"sold-individually","18":"taxable","19":"shipping-taxable","20":"purchasable","21":"product-type-simple"},"_links":{"self":[{"href":"https:\/\/www.noe64.de\/shop\/wp-json\/wp\/v2\/product\/6805","targetHints":{"allow":["GET"]}}],"collection":[{"href":"https:\/\/www.noe64.de\/shop\/wp-json\/wp\/v2\/product"}],"about":[{"href":"https:\/\/www.noe64.de\/shop\/wp-json\/wp\/v2\/types\/product"}],"replies":[{"embeddable":true,"href":"https:\/\/www.noe64.de\/shop\/wp-json\/wp\/v2\/comments?post=6805"}],"wp:featuredmedia":[{"embeddable":true,"href":"https:\/\/www.noe64.de\/shop\/wp-json\/wp\/v2\/media\/7078"}],"wp:attachment":[{"href":"https:\/\/www.noe64.de\/shop\/wp-json\/wp\/v2\/media?parent=6805"}],"wp:term":[{"taxonomy":"product_brand","embeddable":true,"href":"https:\/\/www.noe64.de\/shop\/wp-json\/wp\/v2\/product_brand?post=6805"},{"taxonomy":"product_cat","embeddable":true,"href":"https:\/\/www.noe64.de\/shop\/wp-json\/wp\/v2\/product_cat?post=6805"},{"taxonomy":"product_tag","embeddable":true,"href":"https:\/\/www.noe64.de\/shop\/wp-json\/wp\/v2\/product_tag?post=6805"}],"curies":[{"name":"wp","href":"https:\/\/api.w.org\/{rel}","templated":true}]}}