{"id":6832,"date":"2025-12-01T14:29:12","date_gmt":"2025-12-01T13:29:12","guid":{"rendered":"https:\/\/www.noe64.de\/shop\/?post_type=product&#038;p=6832"},"modified":"2026-01-16T10:38:52","modified_gmt":"2026-01-16T09:38:52","slug":"gina-2711","status":"publish","type":"product","link":"https:\/\/www.noe64.de\/shop\/produkt\/gina-2711\/","title":{"rendered":"Gina 2711"},"content":{"rendered":"<p>silber\/cremefarbenes Echtlederin kombiniert mit wei\u00dfen und beigen Glattleder  <\/p>\n<p>silberne Beschl\u00e4ge <\/p>\n<p>Griffe 42 cm lang<\/p>\n<p>verstellbarer Gurt<\/p>\n<p>Bodenf\u00fc\u00dfchen<\/p>\n<p>schwarzes Innenfutter mit 1 Steckfach<\/p>\n<p>Weite 33 cm, H\u00f6he 19 cm Tiefe 12 cm<\/p>\n","protected":false},"excerpt":{"rendered":"<p>silber\/cremefarbenes Echtlederin kombiniert mit wei\u00dfen und beigen Glattleder silberne Beschl\u00e4ge Griffe 42 cm lang verstellbarer Gurt Bodenf\u00fc\u00dfchen schwarzes Innenfutter mit 1 Steckfach Weite 33 cm, H\u00f6he 19 cm Tiefe 12 cm<\/p>\n","protected":false},"featured_media":6833,"comment_status":"open","ping_status":"closed","template":"","meta":[],"product_brand":[],"product_cat":[122],"product_tag":[90,106,89],"class_list":{"0":"post-6832","1":"product","2":"type-product","3":"status-publish","4":"has-post-thumbnail","6":"product_cat-archiv","7":"product_tag-handtasche","8":"product_tag-henkeltaschen","9":"product_tag-tasche","11":"first","12":"outofstock","13":"featured","14":"sold-individually","15":"taxable","16":"shipping-taxable","17":"purchasable","18":"product-type-simple"},"_links":{"self":[{"href":"https:\/\/www.noe64.de\/shop\/wp-json\/wp\/v2\/product\/6832","targetHints":{"allow":["GET"]}}],"collection":[{"href":"https:\/\/www.noe64.de\/shop\/wp-json\/wp\/v2\/product"}],"about":[{"href":"https:\/\/www.noe64.de\/shop\/wp-json\/wp\/v2\/types\/product"}],"replies":[{"embeddable":true,"href":"https:\/\/www.noe64.de\/shop\/wp-json\/wp\/v2\/comments?post=6832"}],"wp:featuredmedia":[{"embeddable":true,"href":"https:\/\/www.noe64.de\/shop\/wp-json\/wp\/v2\/media\/6833"}],"wp:attachment":[{"href":"https:\/\/www.noe64.de\/shop\/wp-json\/wp\/v2\/media?parent=6832"}],"wp:term":[{"taxonomy":"product_brand","embeddable":true,"href":"https:\/\/www.noe64.de\/shop\/wp-json\/wp\/v2\/product_brand?post=6832"},{"taxonomy":"product_cat","embeddable":true,"href":"https:\/\/www.noe64.de\/shop\/wp-json\/wp\/v2\/product_cat?post=6832"},{"taxonomy":"product_tag","embeddable":true,"href":"https:\/\/www.noe64.de\/shop\/wp-json\/wp\/v2\/product_tag?post=6832"}],"curies":[{"name":"wp","href":"https:\/\/api.w.org\/{rel}","templated":true}]}}