{"id":6878,"date":"2025-12-15T10:55:43","date_gmt":"2025-12-15T09:55:43","guid":{"rendered":"https:\/\/www.noe64.de\/shop\/?post_type=product&#038;p=6878"},"modified":"2026-01-19T17:02:53","modified_gmt":"2026-01-19T16:02:53","slug":"mallory-big-2717","status":"publish","type":"product","link":"https:\/\/www.noe64.de\/shop\/produkt\/mallory-big-2717\/","title":{"rendered":"Mallory big 2717"},"content":{"rendered":"<p>rosa Echtleder in Krokooptik<\/p>\n<p>goldene Beschl\u00e4ge<\/p>\n<p>rosa Echtleder Innenfutter mit 1 Steckfach<\/p>\n<p>verst\u00e4rkter Boden mit Schmutzf\u00fc\u00dfchen<\/p>\n<p>Griffl\u00e4nge 52 cm<\/p>\n<p>Organizer Einsatz<\/p>\n<p>Schloss mit Schl\u00fcssel und Etui<\/p>\n<p>Weite 34 cm, H\u00f6he 25 cm Tiefe 18 cm<\/p>\n<p>Die Weite oben kann mit dem Zugband variiert werden<\/p>\n","protected":false},"excerpt":{"rendered":"<p>rosa Echtleder in Krokooptik goldene Beschl\u00e4ge rosa Echtleder Innenfutter mit 1 Steckfach verst\u00e4rkter Boden mit Schmutzf\u00fc\u00dfchen Griffl\u00e4nge 52 cm Organizer Einsatz Schloss mit Schl\u00fcssel und Etui Weite 34 cm, H\u00f6he 25 cm Tiefe 18 cm Die Weite oben kann mit dem Zugband variiert werden<\/p>\n","protected":false},"featured_media":7063,"comment_status":"open","ping_status":"closed","template":"","meta":[],"product_brand":[],"product_cat":[84,95,97],"product_tag":[90,106,89],"class_list":{"0":"post-6878","1":"product","2":"type-product","3":"status-publish","4":"has-post-thumbnail","6":"product_cat-handtaschen","7":"product_cat-henkeltaschen","8":"product_cat-shopper","9":"product_tag-handtasche","10":"product_tag-henkeltaschen","11":"product_tag-tasche","13":"first","14":"instock","15":"featured","16":"sold-individually","17":"taxable","18":"shipping-taxable","19":"purchasable","20":"product-type-simple"},"_links":{"self":[{"href":"https:\/\/www.noe64.de\/shop\/wp-json\/wp\/v2\/product\/6878","targetHints":{"allow":["GET"]}}],"collection":[{"href":"https:\/\/www.noe64.de\/shop\/wp-json\/wp\/v2\/product"}],"about":[{"href":"https:\/\/www.noe64.de\/shop\/wp-json\/wp\/v2\/types\/product"}],"replies":[{"embeddable":true,"href":"https:\/\/www.noe64.de\/shop\/wp-json\/wp\/v2\/comments?post=6878"}],"wp:featuredmedia":[{"embeddable":true,"href":"https:\/\/www.noe64.de\/shop\/wp-json\/wp\/v2\/media\/7063"}],"wp:attachment":[{"href":"https:\/\/www.noe64.de\/shop\/wp-json\/wp\/v2\/media?parent=6878"}],"wp:term":[{"taxonomy":"product_brand","embeddable":true,"href":"https:\/\/www.noe64.de\/shop\/wp-json\/wp\/v2\/product_brand?post=6878"},{"taxonomy":"product_cat","embeddable":true,"href":"https:\/\/www.noe64.de\/shop\/wp-json\/wp\/v2\/product_cat?post=6878"},{"taxonomy":"product_tag","embeddable":true,"href":"https:\/\/www.noe64.de\/shop\/wp-json\/wp\/v2\/product_tag?post=6878"}],"curies":[{"name":"wp","href":"https:\/\/api.w.org\/{rel}","templated":true}]}}