{"id":6896,"date":"2026-01-02T15:46:06","date_gmt":"2026-01-02T14:46:06","guid":{"rendered":"https:\/\/www.noe64.de\/shop\/?post_type=product&#038;p=6896"},"modified":"2026-01-04T13:56:03","modified_gmt":"2026-01-04T12:56:03","slug":"shirley-2720","status":"publish","type":"product","link":"https:\/\/www.noe64.de\/shop\/produkt\/shirley-2720\/","title":{"rendered":"Shirley 2720"},"content":{"rendered":"<p>beiges Echtlede kombiniert mit Nubukleder in Leooptik<\/p>\n<p>goldene Beschl\u00e4ge <\/p>\n<p>Rei\u00dfverschluss<\/p>\n<p>Ledergriffe 40 cm lang<\/p>\n<p>verstellbarer Gurt<\/p>\n<p>dekorativer Verschluss mit Schloss und Schl\u00fcssel<\/p>\n<p>1 Handtaschenanh\u00e4nger aus Leder<\/p>\n<p>Bodenf\u00fc\u00dfchen<\/p>\n<p>braunes Innenfutter mit 1 Steckfach<\/p>\n<p>Weite 32 cm, Tiefe 14 cm,H\u00f6he 26 cm <\/p>\n","protected":false},"excerpt":{"rendered":"<p>beiges Echtlede kombiniert mit Nubukleder in Leooptik goldene Beschl\u00e4ge Rei\u00dfverschluss Ledergriffe 40 cm lang verstellbarer Gurt dekorativer Verschluss mit Schloss und Schl\u00fcssel 1 Handtaschenanh\u00e4nger aus Leder Bodenf\u00fc\u00dfchen braunes Innenfutter mit 1 Steckfach Weite 32 cm, Tiefe 14 cm,H\u00f6he 26 cm<\/p>\n","protected":false},"featured_media":6897,"comment_status":"open","ping_status":"closed","template":"","meta":[],"product_brand":[],"product_cat":[122],"product_tag":[90,106,89],"class_list":{"0":"post-6896","1":"product","2":"type-product","3":"status-publish","4":"has-post-thumbnail","6":"product_cat-archiv","7":"product_tag-handtasche","8":"product_tag-henkeltaschen","9":"product_tag-tasche","11":"first","12":"outofstock","13":"featured","14":"sold-individually","15":"taxable","16":"shipping-taxable","17":"purchasable","18":"product-type-simple"},"_links":{"self":[{"href":"https:\/\/www.noe64.de\/shop\/wp-json\/wp\/v2\/product\/6896","targetHints":{"allow":["GET"]}}],"collection":[{"href":"https:\/\/www.noe64.de\/shop\/wp-json\/wp\/v2\/product"}],"about":[{"href":"https:\/\/www.noe64.de\/shop\/wp-json\/wp\/v2\/types\/product"}],"replies":[{"embeddable":true,"href":"https:\/\/www.noe64.de\/shop\/wp-json\/wp\/v2\/comments?post=6896"}],"wp:featuredmedia":[{"embeddable":true,"href":"https:\/\/www.noe64.de\/shop\/wp-json\/wp\/v2\/media\/6897"}],"wp:attachment":[{"href":"https:\/\/www.noe64.de\/shop\/wp-json\/wp\/v2\/media?parent=6896"}],"wp:term":[{"taxonomy":"product_brand","embeddable":true,"href":"https:\/\/www.noe64.de\/shop\/wp-json\/wp\/v2\/product_brand?post=6896"},{"taxonomy":"product_cat","embeddable":true,"href":"https:\/\/www.noe64.de\/shop\/wp-json\/wp\/v2\/product_cat?post=6896"},{"taxonomy":"product_tag","embeddable":true,"href":"https:\/\/www.noe64.de\/shop\/wp-json\/wp\/v2\/product_tag?post=6896"}],"curies":[{"name":"wp","href":"https:\/\/api.w.org\/{rel}","templated":true}]}}