{"id":6908,"date":"2026-01-10T08:08:46","date_gmt":"2026-01-10T07:08:46","guid":{"rendered":"https:\/\/www.noe64.de\/shop\/?post_type=product&#038;p=6908"},"modified":"2026-01-20T16:30:26","modified_gmt":"2026-01-20T15:30:26","slug":"sophia-2721","status":"publish","type":"product","link":"https:\/\/www.noe64.de\/shop\/produkt\/sophia-2721\/","title":{"rendered":"Sophia small 2721"},"content":{"rendered":"<p>wei\u00dfes Lack- Echtleder  in Krokooptik kombiniert mit wei\u00dfen Glattleder<\/p>\n<p>beiges Innenfutter mit 1 Innenfach<\/p>\n<p>Fransenanh\u00e4nger<\/p>\n<p>Rei\u00dfverschluss<\/p>\n<p>Tr\u00e4gerkette<\/p>\n<p>20 cm breit x 10 cm H\u00f6he x 10 cm Tiefe<\/p>\n","protected":false},"excerpt":{"rendered":"<p>wei\u00dfes Lack- Echtleder in Krokooptik kombiniert mit wei\u00dfen Glattleder beiges Innenfutter mit 1 Innenfach Fransenanh\u00e4nger Rei\u00dfverschluss Tr\u00e4gerkette 20 cm breit x 10 cm H\u00f6he x 10 cm Tiefe<\/p>\n","protected":false},"featured_media":7097,"comment_status":"open","ping_status":"closed","template":"","meta":[],"product_brand":[],"product_cat":[98,84,94],"product_tag":[88,89],"class_list":{"0":"post-6908","1":"product","2":"type-product","3":"status-publish","4":"has-post-thumbnail","6":"product_cat-abendhandtaschen","7":"product_cat-handtaschen","8":"product_cat-umhaengetaschen","9":"product_tag-fahrrad","10":"product_tag-tasche","12":"first","13":"instock","14":"sold-individually","15":"taxable","16":"shipping-taxable","17":"purchasable","18":"product-type-simple"},"_links":{"self":[{"href":"https:\/\/www.noe64.de\/shop\/wp-json\/wp\/v2\/product\/6908","targetHints":{"allow":["GET"]}}],"collection":[{"href":"https:\/\/www.noe64.de\/shop\/wp-json\/wp\/v2\/product"}],"about":[{"href":"https:\/\/www.noe64.de\/shop\/wp-json\/wp\/v2\/types\/product"}],"replies":[{"embeddable":true,"href":"https:\/\/www.noe64.de\/shop\/wp-json\/wp\/v2\/comments?post=6908"}],"wp:featuredmedia":[{"embeddable":true,"href":"https:\/\/www.noe64.de\/shop\/wp-json\/wp\/v2\/media\/7097"}],"wp:attachment":[{"href":"https:\/\/www.noe64.de\/shop\/wp-json\/wp\/v2\/media?parent=6908"}],"wp:term":[{"taxonomy":"product_brand","embeddable":true,"href":"https:\/\/www.noe64.de\/shop\/wp-json\/wp\/v2\/product_brand?post=6908"},{"taxonomy":"product_cat","embeddable":true,"href":"https:\/\/www.noe64.de\/shop\/wp-json\/wp\/v2\/product_cat?post=6908"},{"taxonomy":"product_tag","embeddable":true,"href":"https:\/\/www.noe64.de\/shop\/wp-json\/wp\/v2\/product_tag?post=6908"}],"curies":[{"name":"wp","href":"https:\/\/api.w.org\/{rel}","templated":true}]}}