{"id":6964,"date":"2026-01-14T13:56:46","date_gmt":"2026-01-14T12:56:46","guid":{"rendered":"https:\/\/www.noe64.de\/shop\/?post_type=product&#038;p=6964"},"modified":"2026-01-26T07:04:00","modified_gmt":"2026-01-26T06:04:00","slug":"sophia-large-2730","status":"publish","type":"product","link":"https:\/\/www.noe64.de\/shop\/produkt\/sophia-large-2730\/","title":{"rendered":"Sophia large 2730"},"content":{"rendered":"<p>gr\u00fcnes Echtleder <\/p>\n<p>gr\u00fcnes Innenfutter mit 1 Innenfach<\/p>\n<p>goldene Beschl\u00e4ge<\/p>\n<p>Fransenanh\u00e4nger<\/p>\n<p>verstellbarer Gurt<\/p>\n<p>Griffl\u00e4nge 40 cm<\/p>\n<p>Rei\u00dfverschluss<\/p>\n<p>26 cm breit x 15 cm H\u00f6he x 14 cm Tiefe<\/p>\n","protected":false},"excerpt":{"rendered":"<p>gr\u00fcnes Echtleder gr\u00fcnes Innenfutter mit 1 Innenfach goldene Beschl\u00e4ge Fransenanh\u00e4nger verstellbarer Gurt Griffl\u00e4nge 40 cm Rei\u00dfverschluss 26 cm breit x 15 cm H\u00f6he x 14 cm Tiefe<\/p>\n","protected":false},"featured_media":7090,"comment_status":"open","ping_status":"closed","template":"","meta":[],"product_brand":[],"product_cat":[98,84,94],"product_tag":[88,89],"class_list":{"0":"post-6964","1":"product","2":"type-product","3":"status-publish","4":"has-post-thumbnail","6":"product_cat-abendhandtaschen","7":"product_cat-handtaschen","8":"product_cat-umhaengetaschen","9":"product_tag-fahrrad","10":"product_tag-tasche","12":"first","13":"instock","14":"sold-individually","15":"taxable","16":"shipping-taxable","17":"purchasable","18":"product-type-simple"},"_links":{"self":[{"href":"https:\/\/www.noe64.de\/shop\/wp-json\/wp\/v2\/product\/6964","targetHints":{"allow":["GET"]}}],"collection":[{"href":"https:\/\/www.noe64.de\/shop\/wp-json\/wp\/v2\/product"}],"about":[{"href":"https:\/\/www.noe64.de\/shop\/wp-json\/wp\/v2\/types\/product"}],"replies":[{"embeddable":true,"href":"https:\/\/www.noe64.de\/shop\/wp-json\/wp\/v2\/comments?post=6964"}],"wp:featuredmedia":[{"embeddable":true,"href":"https:\/\/www.noe64.de\/shop\/wp-json\/wp\/v2\/media\/7090"}],"wp:attachment":[{"href":"https:\/\/www.noe64.de\/shop\/wp-json\/wp\/v2\/media?parent=6964"}],"wp:term":[{"taxonomy":"product_brand","embeddable":true,"href":"https:\/\/www.noe64.de\/shop\/wp-json\/wp\/v2\/product_brand?post=6964"},{"taxonomy":"product_cat","embeddable":true,"href":"https:\/\/www.noe64.de\/shop\/wp-json\/wp\/v2\/product_cat?post=6964"},{"taxonomy":"product_tag","embeddable":true,"href":"https:\/\/www.noe64.de\/shop\/wp-json\/wp\/v2\/product_tag?post=6964"}],"curies":[{"name":"wp","href":"https:\/\/api.w.org\/{rel}","templated":true}]}}