{"id":6970,"date":"2026-01-14T14:00:28","date_gmt":"2026-01-14T13:00:28","guid":{"rendered":"https:\/\/www.noe64.de\/shop\/?post_type=product&#038;p=6970"},"modified":"2026-02-07T19:20:45","modified_gmt":"2026-02-07T18:20:45","slug":"grace-petite-2731","status":"publish","type":"product","link":"https:\/\/www.noe64.de\/shop\/produkt\/grace-petite-2731\/","title":{"rendered":"Grace  Petite 2731"},"content":{"rendered":"<p>rosa Echtleder <\/p>\n<p>goldene Beschl\u00e4ge<\/p>\n<p>wei\u00dfes Echtlederfutter mit 1 Steckfach<\/p>\n<p>verst\u00e4rkter Boden mit Schmutzf\u00fc\u00dfchen<\/p>\n<p>Griffl\u00e4nge 20 cm \/ umwickelt mit passenden Tuch<\/p>\n<p>verstellbarer Gurt<\/p>\n<p>Weite 24 cm, H\u00f6he 16 cm Tiefe 9 cm<\/p>\n<p>Die Weite oben kann mit dem Zugband variiert werden<\/p>\n","protected":false},"excerpt":{"rendered":"<p>rosa Echtleder goldene Beschl\u00e4ge wei\u00dfes Echtlederfutter mit 1 Steckfach verst\u00e4rkter Boden mit Schmutzf\u00fc\u00dfchen Griffl\u00e4nge 20 cm \/ umwickelt mit passenden Tuch verstellbarer Gurt Weite 24 cm, H\u00f6he 16 cm Tiefe 9 cm Die Weite oben kann mit dem Zugband variiert werden<\/p>\n","protected":false},"featured_media":7087,"comment_status":"open","ping_status":"closed","template":"","meta":[],"product_brand":[],"product_cat":[100,122],"product_tag":[90,106,89],"class_list":{"0":"post-6970","1":"product","2":"type-product","3":"status-publish","4":"has-post-thumbnail","6":"product_cat-accessoires","7":"product_cat-archiv","8":"product_tag-handtasche","9":"product_tag-henkeltaschen","10":"product_tag-tasche","12":"first","13":"outofstock","14":"featured","15":"sold-individually","16":"taxable","17":"shipping-taxable","18":"purchasable","19":"product-type-simple"},"_links":{"self":[{"href":"https:\/\/www.noe64.de\/shop\/wp-json\/wp\/v2\/product\/6970","targetHints":{"allow":["GET"]}}],"collection":[{"href":"https:\/\/www.noe64.de\/shop\/wp-json\/wp\/v2\/product"}],"about":[{"href":"https:\/\/www.noe64.de\/shop\/wp-json\/wp\/v2\/types\/product"}],"replies":[{"embeddable":true,"href":"https:\/\/www.noe64.de\/shop\/wp-json\/wp\/v2\/comments?post=6970"}],"wp:featuredmedia":[{"embeddable":true,"href":"https:\/\/www.noe64.de\/shop\/wp-json\/wp\/v2\/media\/7087"}],"wp:attachment":[{"href":"https:\/\/www.noe64.de\/shop\/wp-json\/wp\/v2\/media?parent=6970"}],"wp:term":[{"taxonomy":"product_brand","embeddable":true,"href":"https:\/\/www.noe64.de\/shop\/wp-json\/wp\/v2\/product_brand?post=6970"},{"taxonomy":"product_cat","embeddable":true,"href":"https:\/\/www.noe64.de\/shop\/wp-json\/wp\/v2\/product_cat?post=6970"},{"taxonomy":"product_tag","embeddable":true,"href":"https:\/\/www.noe64.de\/shop\/wp-json\/wp\/v2\/product_tag?post=6970"}],"curies":[{"name":"wp","href":"https:\/\/api.w.org\/{rel}","templated":true}]}}