{"id":7003,"date":"2026-01-14T14:42:48","date_gmt":"2026-01-14T13:42:48","guid":{"rendered":"https:\/\/www.noe64.de\/shop\/?post_type=product&#038;p=7003"},"modified":"2026-01-23T16:28:15","modified_gmt":"2026-01-23T15:28:15","slug":"portemonnaies-kartenhalter-geldboerse","status":"publish","type":"product","link":"https:\/\/www.noe64.de\/shop\/produkt\/portemonnaies-kartenhalter-geldboerse\/","title":{"rendered":"Portemonnaies Kartenhalter Geldb\u00f6rse"},"content":{"rendered":"<p>Die Geldb\u00f6rsen sind aus Echtleder gefertigt<\/p>\n<p>1 Rei\u00dfverschlussfach<\/p>\n<p>4 Steckf\u00e4cher<\/p>\n<p>13 cm breit x 8 cm H\u00f6he<\/p>\n<p>unter der Produktgalerie sind die Modelle eingegeben die noch vorr\u00e4tig sind<\/p>\n<p>nat\u00fcrlich werden die Geldb\u00f6rsen ohne Inhalt verkauft:)<\/p>\n","protected":false},"excerpt":{"rendered":"<p>Die Geldb\u00f6rsen sind aus Echtleder gefertigt 1 Rei\u00dfverschlussfach 4 Steckf\u00e4cher 13 cm breit x 8 cm H\u00f6he unter der Produktgalerie sind die Modelle eingegeben die noch vorr\u00e4tig sind nat\u00fcrlich werden die Geldb\u00f6rsen ohne Inhalt verkauft:)<\/p>\n","protected":false},"featured_media":7008,"comment_status":"open","ping_status":"closed","template":"","meta":[],"product_brand":[],"product_cat":[108,104],"product_tag":[88,89],"class_list":{"0":"post-7003","1":"product","2":"type-product","3":"status-publish","4":"has-post-thumbnail","6":"product_cat-kleinledertaschen","7":"product_cat-portemonnaies","8":"product_tag-fahrrad","9":"product_tag-tasche","11":"first","12":"instock","13":"sold-individually","14":"taxable","15":"shipping-taxable","16":"purchasable","17":"product-type-simple"},"_links":{"self":[{"href":"https:\/\/www.noe64.de\/shop\/wp-json\/wp\/v2\/product\/7003","targetHints":{"allow":["GET"]}}],"collection":[{"href":"https:\/\/www.noe64.de\/shop\/wp-json\/wp\/v2\/product"}],"about":[{"href":"https:\/\/www.noe64.de\/shop\/wp-json\/wp\/v2\/types\/product"}],"replies":[{"embeddable":true,"href":"https:\/\/www.noe64.de\/shop\/wp-json\/wp\/v2\/comments?post=7003"}],"wp:featuredmedia":[{"embeddable":true,"href":"https:\/\/www.noe64.de\/shop\/wp-json\/wp\/v2\/media\/7008"}],"wp:attachment":[{"href":"https:\/\/www.noe64.de\/shop\/wp-json\/wp\/v2\/media?parent=7003"}],"wp:term":[{"taxonomy":"product_brand","embeddable":true,"href":"https:\/\/www.noe64.de\/shop\/wp-json\/wp\/v2\/product_brand?post=7003"},{"taxonomy":"product_cat","embeddable":true,"href":"https:\/\/www.noe64.de\/shop\/wp-json\/wp\/v2\/product_cat?post=7003"},{"taxonomy":"product_tag","embeddable":true,"href":"https:\/\/www.noe64.de\/shop\/wp-json\/wp\/v2\/product_tag?post=7003"}],"curies":[{"name":"wp","href":"https:\/\/api.w.org\/{rel}","templated":true}]}}