{"id":7012,"date":"2026-01-15T15:44:43","date_gmt":"2026-01-15T14:44:43","guid":{"rendered":"https:\/\/www.noe64.de\/shop\/?post_type=product&#038;p=7012"},"modified":"2026-01-16T10:37:30","modified_gmt":"2026-01-16T09:37:30","slug":"portemonnaies-kartenhalter","status":"publish","type":"product","link":"https:\/\/www.noe64.de\/shop\/produkt\/portemonnaies-kartenhalter\/","title":{"rendered":"Portemonnaies Kartenhalter"},"content":{"rendered":"<p>Die Kartenhalter sind aus Echtleder gefertigt<\/p>\n<p>ideal f\u00fcr die kleine Handtasche<\/p>\n<p>3 Steckf\u00e4cher<\/p>\n<p>10 cm breit x 7 cm H\u00f6he<\/p>\n<p>unter der Produktgalerie sind die Modelle eingegeben die noch vorr\u00e4tig sind<\/p>\n<p>nat\u00fcrlich werden die Kartenetuis ohne Inhalt verkauft:)<\/p>\n","protected":false},"excerpt":{"rendered":"<p>Die Kartenhalter sind aus Echtleder gefertigt ideal f\u00fcr die kleine Handtasche 3 Steckf\u00e4cher 10 cm breit x 7 cm H\u00f6he unter der Produktgalerie sind die Modelle eingegeben die noch vorr\u00e4tig sind nat\u00fcrlich werden die Kartenetuis ohne Inhalt verkauft:)<\/p>\n","protected":false},"featured_media":7014,"comment_status":"open","ping_status":"closed","template":"","meta":[],"product_brand":[],"product_cat":[108,104],"product_tag":[88,89],"class_list":{"0":"post-7012","1":"product","2":"type-product","3":"status-publish","4":"has-post-thumbnail","6":"product_cat-kleinledertaschen","7":"product_cat-portemonnaies","8":"product_tag-fahrrad","9":"product_tag-tasche","11":"first","12":"instock","13":"sold-individually","14":"taxable","15":"shipping-taxable","16":"purchasable","17":"product-type-simple"},"_links":{"self":[{"href":"https:\/\/www.noe64.de\/shop\/wp-json\/wp\/v2\/product\/7012","targetHints":{"allow":["GET"]}}],"collection":[{"href":"https:\/\/www.noe64.de\/shop\/wp-json\/wp\/v2\/product"}],"about":[{"href":"https:\/\/www.noe64.de\/shop\/wp-json\/wp\/v2\/types\/product"}],"replies":[{"embeddable":true,"href":"https:\/\/www.noe64.de\/shop\/wp-json\/wp\/v2\/comments?post=7012"}],"wp:featuredmedia":[{"embeddable":true,"href":"https:\/\/www.noe64.de\/shop\/wp-json\/wp\/v2\/media\/7014"}],"wp:attachment":[{"href":"https:\/\/www.noe64.de\/shop\/wp-json\/wp\/v2\/media?parent=7012"}],"wp:term":[{"taxonomy":"product_brand","embeddable":true,"href":"https:\/\/www.noe64.de\/shop\/wp-json\/wp\/v2\/product_brand?post=7012"},{"taxonomy":"product_cat","embeddable":true,"href":"https:\/\/www.noe64.de\/shop\/wp-json\/wp\/v2\/product_cat?post=7012"},{"taxonomy":"product_tag","embeddable":true,"href":"https:\/\/www.noe64.de\/shop\/wp-json\/wp\/v2\/product_tag?post=7012"}],"curies":[{"name":"wp","href":"https:\/\/api.w.org\/{rel}","templated":true}]}}