{"id":7023,"date":"2026-01-15T15:47:31","date_gmt":"2026-01-15T14:47:31","guid":{"rendered":"https:\/\/www.noe64.de\/shop\/?post_type=product&#038;p=7023"},"modified":"2026-01-15T15:49:54","modified_gmt":"2026-01-15T14:49:54","slug":"schluesselanhaenger-taschenanhaenger-ledertroddel","status":"publish","type":"product","link":"https:\/\/www.noe64.de\/shop\/produkt\/schluesselanhaenger-taschenanhaenger-ledertroddel\/","title":{"rendered":"Schl\u00fcsselanh\u00e4nger Taschenanh\u00e4nger Ledertroddel"},"content":{"rendered":"<p>Die Troddeln sind aus Echtleder gefertigt<\/p>\n<p>Gesamtl\u00e4nge des Schl\u00fcsselanh\u00e4ngers 13 cm<\/p>\n<p>goldener Karabinerverschluss<\/p>\n<p>unter der Produktgalerie sind die Modelle eingegeben die noch vorr\u00e4tig sind<\/p>\n","protected":false},"excerpt":{"rendered":"<p>Die Troddeln sind aus Echtleder gefertigt Gesamtl\u00e4nge des Schl\u00fcsselanh\u00e4ngers 13 cm goldener Karabinerverschluss unter der Produktgalerie sind die Modelle eingegeben die noch vorr\u00e4tig sind<\/p>\n","protected":false},"featured_media":7022,"comment_status":"open","ping_status":"closed","template":"","meta":[],"product_brand":[],"product_cat":[108,102],"product_tag":[88,89],"class_list":{"0":"post-7023","1":"product","2":"type-product","3":"status-publish","4":"has-post-thumbnail","6":"product_cat-kleinledertaschen","7":"product_cat-schluesselanhaenger","8":"product_tag-fahrrad","9":"product_tag-tasche","11":"first","12":"instock","13":"sold-individually","14":"taxable","15":"shipping-taxable","16":"purchasable","17":"product-type-simple"},"_links":{"self":[{"href":"https:\/\/www.noe64.de\/shop\/wp-json\/wp\/v2\/product\/7023","targetHints":{"allow":["GET"]}}],"collection":[{"href":"https:\/\/www.noe64.de\/shop\/wp-json\/wp\/v2\/product"}],"about":[{"href":"https:\/\/www.noe64.de\/shop\/wp-json\/wp\/v2\/types\/product"}],"replies":[{"embeddable":true,"href":"https:\/\/www.noe64.de\/shop\/wp-json\/wp\/v2\/comments?post=7023"}],"wp:featuredmedia":[{"embeddable":true,"href":"https:\/\/www.noe64.de\/shop\/wp-json\/wp\/v2\/media\/7022"}],"wp:attachment":[{"href":"https:\/\/www.noe64.de\/shop\/wp-json\/wp\/v2\/media?parent=7023"}],"wp:term":[{"taxonomy":"product_brand","embeddable":true,"href":"https:\/\/www.noe64.de\/shop\/wp-json\/wp\/v2\/product_brand?post=7023"},{"taxonomy":"product_cat","embeddable":true,"href":"https:\/\/www.noe64.de\/shop\/wp-json\/wp\/v2\/product_cat?post=7023"},{"taxonomy":"product_tag","embeddable":true,"href":"https:\/\/www.noe64.de\/shop\/wp-json\/wp\/v2\/product_tag?post=7023"}],"curies":[{"name":"wp","href":"https:\/\/api.w.org\/{rel}","templated":true}]}}