{"id":7040,"date":"2026-01-19T16:21:49","date_gmt":"2026-01-19T15:21:49","guid":{"rendered":"https:\/\/www.noe64.de\/shop\/?post_type=product&#038;p=7040"},"modified":"2026-01-24T05:30:58","modified_gmt":"2026-01-24T04:30:58","slug":"eve-2734","status":"publish","type":"product","link":"https:\/\/www.noe64.de\/shop\/produkt\/eve-2734\/","title":{"rendered":"Eve 2734"},"content":{"rendered":"<p>lindgr\u00fcnes Echtleder <\/p>\n<p>silberne Beschl\u00e4ge<\/p>\n<p>Lederstrippen mit Drehverschluss<\/p>\n<p>gr\u00fcnes Echtlederfutter <\/p>\n<p>abnehmbares Innent\u00e4schchen mit Rei\u00dfverschluss<\/p>\n<p>verst\u00e4rkter Boden mit Schmutzf\u00fc\u00dfchen<\/p>\n<p>Griffl\u00e4nge 30 cm <\/p>\n<p>Tr\u00e4gerkette<\/p>\n<p>Magnetverschluss<\/p>\n<p>Weite 24 cm, H\u00f6he 16 cm Tiefe 12 cm<\/p>\n","protected":false},"excerpt":{"rendered":"<p>lindgr\u00fcnes Echtleder silberne Beschl\u00e4ge Lederstrippen mit Drehverschluss gr\u00fcnes Echtlederfutter abnehmbares Innent\u00e4schchen mit Rei\u00dfverschluss verst\u00e4rkter Boden mit Schmutzf\u00fc\u00dfchen Griffl\u00e4nge 30 cm Tr\u00e4gerkette Magnetverschluss Weite 24 cm, H\u00f6he 16 cm Tiefe 12 cm<\/p>\n","protected":false},"featured_media":7096,"comment_status":"open","ping_status":"closed","template":"","meta":[],"product_brand":[],"product_cat":[100,122],"product_tag":[90,106,89],"class_list":{"0":"post-7040","1":"product","2":"type-product","3":"status-publish","4":"has-post-thumbnail","6":"product_cat-accessoires","7":"product_cat-archiv","8":"product_tag-handtasche","9":"product_tag-henkeltaschen","10":"product_tag-tasche","12":"first","13":"outofstock","14":"featured","15":"sold-individually","16":"taxable","17":"shipping-taxable","18":"purchasable","19":"product-type-simple"},"_links":{"self":[{"href":"https:\/\/www.noe64.de\/shop\/wp-json\/wp\/v2\/product\/7040","targetHints":{"allow":["GET"]}}],"collection":[{"href":"https:\/\/www.noe64.de\/shop\/wp-json\/wp\/v2\/product"}],"about":[{"href":"https:\/\/www.noe64.de\/shop\/wp-json\/wp\/v2\/types\/product"}],"replies":[{"embeddable":true,"href":"https:\/\/www.noe64.de\/shop\/wp-json\/wp\/v2\/comments?post=7040"}],"wp:featuredmedia":[{"embeddable":true,"href":"https:\/\/www.noe64.de\/shop\/wp-json\/wp\/v2\/media\/7096"}],"wp:attachment":[{"href":"https:\/\/www.noe64.de\/shop\/wp-json\/wp\/v2\/media?parent=7040"}],"wp:term":[{"taxonomy":"product_brand","embeddable":true,"href":"https:\/\/www.noe64.de\/shop\/wp-json\/wp\/v2\/product_brand?post=7040"},{"taxonomy":"product_cat","embeddable":true,"href":"https:\/\/www.noe64.de\/shop\/wp-json\/wp\/v2\/product_cat?post=7040"},{"taxonomy":"product_tag","embeddable":true,"href":"https:\/\/www.noe64.de\/shop\/wp-json\/wp\/v2\/product_tag?post=7040"}],"curies":[{"name":"wp","href":"https:\/\/api.w.org\/{rel}","templated":true}]}}