{"id":7050,"date":"2026-01-19T16:26:59","date_gmt":"2026-01-19T15:26:59","guid":{"rendered":"https:\/\/www.noe64.de\/shop\/?post_type=product&#038;p=7050"},"modified":"2026-02-22T18:09:44","modified_gmt":"2026-02-22T17:09:44","slug":"eve-2735","status":"publish","type":"product","link":"https:\/\/www.noe64.de\/shop\/produkt\/eve-2735\/","title":{"rendered":"Eve 2735"},"content":{"rendered":"<p>hellblaues Echtleder <\/p>\n<p>silberne Beschl\u00e4ge<\/p>\n<p>Lederstrippen mit Drehverschluss<\/p>\n<p>beiges Echtlederfutter <\/p>\n<p>abnehmbares Innent\u00e4schchen mit Rei\u00dfverschluss<\/p>\n<p>verst\u00e4rkter Boden mit Schmutzf\u00fc\u00dfchen<\/p>\n<p>Griffl\u00e4nge 30 cm <\/p>\n<p>verstellbarer Tr\u00e4gergurt<\/p>\n<p>Magnetverschluss<\/p>\n<p>Weite 24 cm, H\u00f6he 16 cm Tiefe 12 cm<\/p>\n","protected":false},"excerpt":{"rendered":"<p>hellblaues Echtleder silberne Beschl\u00e4ge Lederstrippen mit Drehverschluss beiges Echtlederfutter abnehmbares Innent\u00e4schchen mit Rei\u00dfverschluss verst\u00e4rkter Boden mit Schmutzf\u00fc\u00dfchen Griffl\u00e4nge 30 cm verstellbarer Tr\u00e4gergurt Magnetverschluss Weite 24 cm, H\u00f6he 16 cm Tiefe 12 cm<\/p>\n","protected":false},"featured_media":7095,"comment_status":"open","ping_status":"closed","template":"","meta":[],"product_brand":[],"product_cat":[100,122],"product_tag":[90,106,89],"class_list":{"0":"post-7050","1":"product","2":"type-product","3":"status-publish","4":"has-post-thumbnail","6":"product_cat-accessoires","7":"product_cat-archiv","8":"product_tag-handtasche","9":"product_tag-henkeltaschen","10":"product_tag-tasche","12":"first","13":"outofstock","14":"featured","15":"sold-individually","16":"taxable","17":"shipping-taxable","18":"purchasable","19":"product-type-simple"},"_links":{"self":[{"href":"https:\/\/www.noe64.de\/shop\/wp-json\/wp\/v2\/product\/7050","targetHints":{"allow":["GET"]}}],"collection":[{"href":"https:\/\/www.noe64.de\/shop\/wp-json\/wp\/v2\/product"}],"about":[{"href":"https:\/\/www.noe64.de\/shop\/wp-json\/wp\/v2\/types\/product"}],"replies":[{"embeddable":true,"href":"https:\/\/www.noe64.de\/shop\/wp-json\/wp\/v2\/comments?post=7050"}],"wp:featuredmedia":[{"embeddable":true,"href":"https:\/\/www.noe64.de\/shop\/wp-json\/wp\/v2\/media\/7095"}],"wp:attachment":[{"href":"https:\/\/www.noe64.de\/shop\/wp-json\/wp\/v2\/media?parent=7050"}],"wp:term":[{"taxonomy":"product_brand","embeddable":true,"href":"https:\/\/www.noe64.de\/shop\/wp-json\/wp\/v2\/product_brand?post=7050"},{"taxonomy":"product_cat","embeddable":true,"href":"https:\/\/www.noe64.de\/shop\/wp-json\/wp\/v2\/product_cat?post=7050"},{"taxonomy":"product_tag","embeddable":true,"href":"https:\/\/www.noe64.de\/shop\/wp-json\/wp\/v2\/product_tag?post=7050"}],"curies":[{"name":"wp","href":"https:\/\/api.w.org\/{rel}","templated":true}]}}