{"id":7051,"date":"2026-01-19T16:28:29","date_gmt":"2026-01-19T15:28:29","guid":{"rendered":"https:\/\/www.noe64.de\/shop\/?post_type=product&#038;p=7051"},"modified":"2026-03-14T19:41:28","modified_gmt":"2026-03-14T18:41:28","slug":"tasche-fuer-die-tasche","status":"publish","type":"product","link":"https:\/\/www.noe64.de\/shop\/produkt\/tasche-fuer-die-tasche\/","title":{"rendered":"Tasche f\u00fcr die Tasche"},"content":{"rendered":"<p>Die kleinen T\u00e4schchen sind aus Echtleder gefertigt<\/p>\n<p>ideal f\u00fcr das Wichtigste <\/p>\n<p>15 cm breit x 12 cm H\u00f6he x 3 cm Tiefe<\/p>\n<p>unter der Produktgalerie sind die Modelle eingegeben die noch vorr\u00e4tig sind<\/p>\n","protected":false},"excerpt":{"rendered":"<p>Die kleinen T\u00e4schchen sind aus Echtleder gefertigt ideal f\u00fcr das Wichtigste 15 cm breit x 12 cm H\u00f6he x 3 cm Tiefe unter der Produktgalerie sind die Modelle eingegeben die noch vorr\u00e4tig sind<\/p>\n","protected":false},"featured_media":7052,"comment_status":"open","ping_status":"closed","template":"","meta":[],"product_brand":[],"product_cat":[100,108,103],"product_tag":[88,89],"class_list":{"0":"post-7051","1":"product","2":"type-product","3":"status-publish","4":"has-post-thumbnail","6":"product_cat-accessoires","7":"product_cat-kleinledertaschen","8":"product_cat-organizer","9":"product_tag-fahrrad","10":"product_tag-tasche","12":"first","13":"instock","14":"sold-individually","15":"taxable","16":"shipping-taxable","17":"purchasable","18":"product-type-simple"},"_links":{"self":[{"href":"https:\/\/www.noe64.de\/shop\/wp-json\/wp\/v2\/product\/7051","targetHints":{"allow":["GET"]}}],"collection":[{"href":"https:\/\/www.noe64.de\/shop\/wp-json\/wp\/v2\/product"}],"about":[{"href":"https:\/\/www.noe64.de\/shop\/wp-json\/wp\/v2\/types\/product"}],"replies":[{"embeddable":true,"href":"https:\/\/www.noe64.de\/shop\/wp-json\/wp\/v2\/comments?post=7051"}],"wp:featuredmedia":[{"embeddable":true,"href":"https:\/\/www.noe64.de\/shop\/wp-json\/wp\/v2\/media\/7052"}],"wp:attachment":[{"href":"https:\/\/www.noe64.de\/shop\/wp-json\/wp\/v2\/media?parent=7051"}],"wp:term":[{"taxonomy":"product_brand","embeddable":true,"href":"https:\/\/www.noe64.de\/shop\/wp-json\/wp\/v2\/product_brand?post=7051"},{"taxonomy":"product_cat","embeddable":true,"href":"https:\/\/www.noe64.de\/shop\/wp-json\/wp\/v2\/product_cat?post=7051"},{"taxonomy":"product_tag","embeddable":true,"href":"https:\/\/www.noe64.de\/shop\/wp-json\/wp\/v2\/product_tag?post=7051"}],"curies":[{"name":"wp","href":"https:\/\/api.w.org\/{rel}","templated":true}]}}