{"id":7155,"date":"2026-01-29T14:56:47","date_gmt":"2026-01-29T13:56:47","guid":{"rendered":"https:\/\/www.noe64.de\/shop\/?post_type=product&#038;p=7155"},"modified":"2026-01-29T15:10:26","modified_gmt":"2026-01-29T14:10:26","slug":"greta-2739","status":"publish","type":"product","link":"https:\/\/www.noe64.de\/shop\/produkt\/greta-2739\/","title":{"rendered":"Greta 2739"},"content":{"rendered":"<p>wei\u00dfes Echtleder in Straussenleder kombiniert mit braunen Glattleder<\/p>\n<p>goldene Beschl\u00e4ge<\/p>\n<p>Beiges Futter mit 1 Steckfach<\/p>\n<p>Griffl\u00e4nge 25<\/p>\n<p>Klappe mit Klappverschluss<\/p>\n<p>verstellbarer Gurt<\/p>\n<p>Weite 2715 cm, H\u00f6he 15 cm Tiefe 10 cm<\/p>\n","protected":false},"excerpt":{"rendered":"<p>wei\u00dfes Echtleder in Straussenleder kombiniert mit braunen Glattleder goldene Beschl\u00e4ge Beiges Futter mit 1 Steckfach Griffl\u00e4nge 25 Klappe mit Klappverschluss verstellbarer Gurt Weite 2715 cm, H\u00f6he 15 cm Tiefe 10 cm<\/p>\n","protected":false},"featured_media":7169,"comment_status":"open","ping_status":"closed","template":"","meta":[],"product_brand":[],"product_cat":[122],"product_tag":[90,106,89],"class_list":{"0":"post-7155","1":"product","2":"type-product","3":"status-publish","4":"has-post-thumbnail","6":"product_cat-archiv","7":"product_tag-handtasche","8":"product_tag-henkeltaschen","9":"product_tag-tasche","11":"first","12":"outofstock","13":"featured","14":"sold-individually","15":"taxable","16":"shipping-taxable","17":"purchasable","18":"product-type-simple"},"_links":{"self":[{"href":"https:\/\/www.noe64.de\/shop\/wp-json\/wp\/v2\/product\/7155","targetHints":{"allow":["GET"]}}],"collection":[{"href":"https:\/\/www.noe64.de\/shop\/wp-json\/wp\/v2\/product"}],"about":[{"href":"https:\/\/www.noe64.de\/shop\/wp-json\/wp\/v2\/types\/product"}],"replies":[{"embeddable":true,"href":"https:\/\/www.noe64.de\/shop\/wp-json\/wp\/v2\/comments?post=7155"}],"wp:featuredmedia":[{"embeddable":true,"href":"https:\/\/www.noe64.de\/shop\/wp-json\/wp\/v2\/media\/7169"}],"wp:attachment":[{"href":"https:\/\/www.noe64.de\/shop\/wp-json\/wp\/v2\/media?parent=7155"}],"wp:term":[{"taxonomy":"product_brand","embeddable":true,"href":"https:\/\/www.noe64.de\/shop\/wp-json\/wp\/v2\/product_brand?post=7155"},{"taxonomy":"product_cat","embeddable":true,"href":"https:\/\/www.noe64.de\/shop\/wp-json\/wp\/v2\/product_cat?post=7155"},{"taxonomy":"product_tag","embeddable":true,"href":"https:\/\/www.noe64.de\/shop\/wp-json\/wp\/v2\/product_tag?post=7155"}],"curies":[{"name":"wp","href":"https:\/\/api.w.org\/{rel}","templated":true}]}}