{"id":7171,"date":"2026-01-29T15:05:44","date_gmt":"2026-01-29T14:05:44","guid":{"rendered":"https:\/\/www.noe64.de\/shop\/?post_type=product&#038;p=7171"},"modified":"2026-01-29T18:25:37","modified_gmt":"2026-01-29T17:25:37","slug":"greta-27","status":"publish","type":"product","link":"https:\/\/www.noe64.de\/shop\/produkt\/greta-27\/","title":{"rendered":"Greta 2740"},"content":{"rendered":"<p>blaues und hellblaues Echtleder  kombiniert mit blauen Leder in Straussenoptik<\/p>\n<p>goldene Beschl\u00e4ge<\/p>\n<p>hellblaues Futter mit 1 Steckfach<\/p>\n<p>Griffl\u00e4nge 25<\/p>\n<p>Klappe mit Klappverschluss<\/p>\n<p>verstellbarer Gurt<\/p>\n<p>Weite 2715 cm, H\u00f6he 15 cm Tiefe 10 cm<\/p>\n","protected":false},"excerpt":{"rendered":"<p>blaues und hellblaues Echtleder kombiniert mit blauen Leder in Straussenoptik goldene Beschl\u00e4ge hellblaues Futter mit 1 Steckfach Griffl\u00e4nge 25 Klappe mit Klappverschluss verstellbarer Gurt Weite 2715 cm, H\u00f6he 15 cm Tiefe 10 cm<\/p>\n","protected":false},"featured_media":7170,"comment_status":"open","ping_status":"closed","template":"","meta":[],"product_brand":[],"product_cat":[84,95,97,94],"product_tag":[90,106,89],"class_list":{"0":"post-7171","1":"product","2":"type-product","3":"status-publish","4":"has-post-thumbnail","6":"product_cat-handtaschen","7":"product_cat-henkeltaschen","8":"product_cat-shopper","9":"product_cat-umhaengetaschen","10":"product_tag-handtasche","11":"product_tag-henkeltaschen","12":"product_tag-tasche","14":"first","15":"instock","16":"featured","17":"sold-individually","18":"taxable","19":"shipping-taxable","20":"purchasable","21":"product-type-simple"},"_links":{"self":[{"href":"https:\/\/www.noe64.de\/shop\/wp-json\/wp\/v2\/product\/7171","targetHints":{"allow":["GET"]}}],"collection":[{"href":"https:\/\/www.noe64.de\/shop\/wp-json\/wp\/v2\/product"}],"about":[{"href":"https:\/\/www.noe64.de\/shop\/wp-json\/wp\/v2\/types\/product"}],"replies":[{"embeddable":true,"href":"https:\/\/www.noe64.de\/shop\/wp-json\/wp\/v2\/comments?post=7171"}],"wp:featuredmedia":[{"embeddable":true,"href":"https:\/\/www.noe64.de\/shop\/wp-json\/wp\/v2\/media\/7170"}],"wp:attachment":[{"href":"https:\/\/www.noe64.de\/shop\/wp-json\/wp\/v2\/media?parent=7171"}],"wp:term":[{"taxonomy":"product_brand","embeddable":true,"href":"https:\/\/www.noe64.de\/shop\/wp-json\/wp\/v2\/product_brand?post=7171"},{"taxonomy":"product_cat","embeddable":true,"href":"https:\/\/www.noe64.de\/shop\/wp-json\/wp\/v2\/product_cat?post=7171"},{"taxonomy":"product_tag","embeddable":true,"href":"https:\/\/www.noe64.de\/shop\/wp-json\/wp\/v2\/product_tag?post=7171"}],"curies":[{"name":"wp","href":"https:\/\/api.w.org\/{rel}","templated":true}]}}