{"id":7372,"date":"2026-04-07T10:43:30","date_gmt":"2026-04-07T08:43:30","guid":{"rendered":"https:\/\/www.noe64.de\/shop\/?post_type=product&#038;p=7372"},"modified":"2026-04-07T10:51:08","modified_gmt":"2026-04-07T08:51:08","slug":"shirley-2759","status":"publish","type":"product","link":"https:\/\/www.noe64.de\/shop\/produkt\/shirley-2759\/","title":{"rendered":"Shirley 2759"},"content":{"rendered":"<p>wei\u00dfes und braunes Kalbsleder in Straussenoptik<\/p>\n<p>goldene Beschl\u00e4ge <\/p>\n<p>Rei\u00dfverschluss<\/p>\n<p>Ledergriffe 40 cm lang<\/p>\n<p>verstellbarer Gurt<\/p>\n<p>dekorativer Verschluss mit Schloss und Schl\u00fcssel<\/p>\n<p>Polyesterschal<\/p>\n<p>Bodenf\u00fc\u00dfchen<\/p>\n<p>braunes Innenfutter mit 1 Steckfach<\/p>\n<p>Weite 32 cm, Tiefe 14 cm,H\u00f6he 26 cm <\/p>\n","protected":false},"excerpt":{"rendered":"<p>wei\u00dfes und braunes Kalbsleder in Straussenoptik goldene Beschl\u00e4ge Rei\u00dfverschluss Ledergriffe 40 cm lang verstellbarer Gurt dekorativer Verschluss mit Schloss und Schl\u00fcssel Polyesterschal Bodenf\u00fc\u00dfchen braunes Innenfutter mit 1 Steckfach Weite 32 cm, Tiefe 14 cm,H\u00f6he 26 cm<\/p>\n","protected":false},"featured_media":7385,"comment_status":"open","ping_status":"closed","template":"","meta":[],"product_brand":[],"product_cat":[84,95,97,94],"product_tag":[90,106,89],"class_list":{"0":"post-7372","1":"product","2":"type-product","3":"status-publish","4":"has-post-thumbnail","6":"product_cat-handtaschen","7":"product_cat-henkeltaschen","8":"product_cat-shopper","9":"product_cat-umhaengetaschen","10":"product_tag-handtasche","11":"product_tag-henkeltaschen","12":"product_tag-tasche","14":"first","15":"instock","16":"featured","17":"sold-individually","18":"taxable","19":"shipping-taxable","20":"purchasable","21":"product-type-simple"},"_links":{"self":[{"href":"https:\/\/www.noe64.de\/shop\/wp-json\/wp\/v2\/product\/7372","targetHints":{"allow":["GET"]}}],"collection":[{"href":"https:\/\/www.noe64.de\/shop\/wp-json\/wp\/v2\/product"}],"about":[{"href":"https:\/\/www.noe64.de\/shop\/wp-json\/wp\/v2\/types\/product"}],"replies":[{"embeddable":true,"href":"https:\/\/www.noe64.de\/shop\/wp-json\/wp\/v2\/comments?post=7372"}],"wp:featuredmedia":[{"embeddable":true,"href":"https:\/\/www.noe64.de\/shop\/wp-json\/wp\/v2\/media\/7385"}],"wp:attachment":[{"href":"https:\/\/www.noe64.de\/shop\/wp-json\/wp\/v2\/media?parent=7372"}],"wp:term":[{"taxonomy":"product_brand","embeddable":true,"href":"https:\/\/www.noe64.de\/shop\/wp-json\/wp\/v2\/product_brand?post=7372"},{"taxonomy":"product_cat","embeddable":true,"href":"https:\/\/www.noe64.de\/shop\/wp-json\/wp\/v2\/product_cat?post=7372"},{"taxonomy":"product_tag","embeddable":true,"href":"https:\/\/www.noe64.de\/shop\/wp-json\/wp\/v2\/product_tag?post=7372"}],"curies":[{"name":"wp","href":"https:\/\/api.w.org\/{rel}","templated":true}]}}