{"id":7478,"date":"2026-04-30T13:29:41","date_gmt":"2026-04-30T11:29:41","guid":{"rendered":"https:\/\/www.noe64.de\/shop\/?post_type=product&#038;p=7478"},"modified":"2026-04-30T13:36:59","modified_gmt":"2026-04-30T11:36:59","slug":"rita","status":"publish","type":"product","link":"https:\/\/www.noe64.de\/shop\/produkt\/rita\/","title":{"rendered":"Rita 2771"},"content":{"rendered":"<p>dunkelbeiges Kalbsleder kombiniert mit Velourkalbsleder in Leooptik<\/p>\n<p>goldene Beschl\u00e4ge<\/p>\n<p>Lederstrippen mit Steckverschluss<\/p>\n<p>rosa Echtlederfutter <\/p>\n<p>verst\u00e4rkter Boden mit Schmutzf\u00fc\u00dfchen<\/p>\n<p>Griffl\u00e4nge 25 cm <\/p>\n<p>verstellbarer Tr\u00e4gergurt<\/p>\n<p>Magnetverschluss<\/p>\n<p>Weite 23 cm, H\u00f6he 17 cm Tiefe 10 cm<\/p>\n","protected":false},"excerpt":{"rendered":"<p>dunkelbeiges Kalbsleder kombiniert mit Velourkalbsleder in Leooptik goldene Beschl\u00e4ge Lederstrippen mit Steckverschluss rosa Echtlederfutter verst\u00e4rkter Boden mit Schmutzf\u00fc\u00dfchen Griffl\u00e4nge 25 cm verstellbarer Tr\u00e4gergurt Magnetverschluss Weite 23 cm, H\u00f6he 17 cm Tiefe 10 cm<\/p>\n","protected":false},"featured_media":7491,"comment_status":"open","ping_status":"closed","template":"","meta":[],"product_brand":[],"product_cat":[98,84,95,94],"product_tag":[90,106,89],"class_list":{"0":"post-7478","1":"product","2":"type-product","3":"status-publish","4":"has-post-thumbnail","6":"product_cat-abendhandtaschen","7":"product_cat-handtaschen","8":"product_cat-henkeltaschen","9":"product_cat-umhaengetaschen","10":"product_tag-handtasche","11":"product_tag-henkeltaschen","12":"product_tag-tasche","14":"first","15":"instock","16":"featured","17":"sold-individually","18":"taxable","19":"shipping-taxable","20":"purchasable","21":"product-type-simple"},"_links":{"self":[{"href":"https:\/\/www.noe64.de\/shop\/wp-json\/wp\/v2\/product\/7478","targetHints":{"allow":["GET"]}}],"collection":[{"href":"https:\/\/www.noe64.de\/shop\/wp-json\/wp\/v2\/product"}],"about":[{"href":"https:\/\/www.noe64.de\/shop\/wp-json\/wp\/v2\/types\/product"}],"replies":[{"embeddable":true,"href":"https:\/\/www.noe64.de\/shop\/wp-json\/wp\/v2\/comments?post=7478"}],"wp:featuredmedia":[{"embeddable":true,"href":"https:\/\/www.noe64.de\/shop\/wp-json\/wp\/v2\/media\/7491"}],"wp:attachment":[{"href":"https:\/\/www.noe64.de\/shop\/wp-json\/wp\/v2\/media?parent=7478"}],"wp:term":[{"taxonomy":"product_brand","embeddable":true,"href":"https:\/\/www.noe64.de\/shop\/wp-json\/wp\/v2\/product_brand?post=7478"},{"taxonomy":"product_cat","embeddable":true,"href":"https:\/\/www.noe64.de\/shop\/wp-json\/wp\/v2\/product_cat?post=7478"},{"taxonomy":"product_tag","embeddable":true,"href":"https:\/\/www.noe64.de\/shop\/wp-json\/wp\/v2\/product_tag?post=7478"}],"curies":[{"name":"wp","href":"https:\/\/api.w.org\/{rel}","templated":true}]}}